{"id":1084,"date":"2022-02-24T20:52:40","date_gmt":"2022-02-24T17:52:40","guid":{"rendered":"http:\/\/international.usm.md\/?page_id=1084"},"modified":"2022-02-24T20:52:40","modified_gmt":"2022-02-24T17:52:40","slug":"detalii-proiect","status":"publish","type":"page","link":"https:\/\/international.usm.md\/?page_id=1084","title":{"rendered":"Detalii Proiect"},"content":{"rendered":"<p><strong>SCOPUL PROIECTULUI: <\/strong><\/p>\n<p>Consolidarea rela\u021biei universitate\u2013industrie bazat\u0103 pe o abordare antreprenorial\u0103 inteligent\u0103 (adaptat\u0103) \u00een institu\u021biile de \u00eenv\u0103\u021b\u0103m\u00e2nt superior din \u021b\u0103rile Parteneriatului Estic \u0219i \u00eembun\u0103t\u0103\u021birea inteligen\u021bei competitive a studen\u021bilor \u0219i absolven\u021bilor (comportamente, abilit\u0103\u021bi, mentalit\u0103\u021bi) \u0219i a capacit\u0103\u021bii acestora de a crea locuri de munc\u0103.<\/p>\n<p><strong>OBIECTIVELE SPECIFICE ALE PROIECTULUI (SO):<\/strong><\/p>\n<p><strong>SO1<\/strong>: cre\u0219terea capacit\u0103\u021bii de predare \u0219i \u00eenv\u0103\u021bare a universit\u0103\u021bilor din Moldova (MD), Armenia (AM), Georgia (GE) datorit\u0103 celor mai bune practici din \u021b\u0103rile UE participante la program \u00een domeniul antreprenoriatului, digitaliz\u0103rii, comunic\u0103rii \u0219i educa\u021biei artistice\/de autoexprimare (WP2)<\/p>\n<p><strong>SO2<\/strong>: promovarea infrastructurii hub-urilor co-creative ce sprijin\u0103 studen\u021bii care genereaz\u0103, dezvolt\u0103 \u0219i comercializeaz\u0103 propriile idei inovative prin antreprenoriat \u0219i \/ sau inovare deschis\u0103 \u00een trei \u021b\u0103ri din parteneriatul estic (WP3)<\/p>\n<p><strong>SO3<\/strong>: \u00eembun\u0103t\u0103\u021birea comportamentelor antreprenoriale ale studen\u021bilor, a abilit\u0103\u021bilor, a mentalit\u0103\u021bii viitoarelor start-up-uri \u0219i sprijinirea companiilor recent \u00eenfiin\u021bate \u00een centrele universitare (W4 \/ 4.1-4.4)<\/p>\n<p><strong>SO4<\/strong>: introducerea \u0219i implementarea unei forme noi \u0219i inovative de interconectare a sistemelor universitate\u2013\u00eentreprindere prin activit\u0103\u021bi comune (WP4 \/ 4.5)<\/p>\n<p><strong>OS5<\/strong>: \u00eembun\u0103t\u0103\u021birea implic\u0103rii studen\u021bilor care nu intr\u0103 automat \u00een contact cu studiile antreprenoriale \u0219i \u00eembun\u0103t\u0103\u021birea \u00eenv\u0103\u021b\u0103rii bazate pe probleme, a abilit\u0103\u021bilor antreprenoriale, a comportamentelor, a mentalit\u0103\u021bii prin abordarea interdisciplinar\u0103, prin revizuirea curriculei \u0219i a evenimentelor de diseminare (WP3\/3.3&amp;WP4\/4.4&amp;WP5)<\/p>\n","protected":false},"excerpt":{"rendered":"<p>SCOPUL PROIECTULUI: Consolidarea rela\u021biei universitate\u2013industrie bazat\u0103 pe o abordare antreprenorial\u0103 inteligent\u0103 (adaptat\u0103) \u00een institu\u021biile de \u00eenv\u0103\u021b\u0103m\u00e2nt superior din \u021b\u0103rile Parteneriatului Estic \u0219i \u00eembun\u0103t\u0103\u021birea inteligen\u021bei competitive a studen\u021bilor \u0219i absolven\u021bilor (comportamente, abilit\u0103\u021bi, mentalit\u0103\u021bi) \u0219i a capacit\u0103\u021bii acestora de a crea locuri de munc\u0103. OBIECTIVELE SPECIFICE ALE PROIECTULUI (SO): SO1: cre\u0219terea capacit\u0103\u021bii de predare \u0219i \u00eenv\u0103\u021bare a&hellip; <br \/> <a class=\"read-more\" href=\"https:\/\/international.usm.md\/?page_id=1084\">Cite\u0219te mai mult<\/a><\/p>\n","protected":false},"author":1,"featured_media":0,"parent":0,"menu_order":0,"comment_status":"closed","ping_status":"closed","template":"","meta":{"footnotes":""},"rttpg_featured_image_url":null,"rttpg_author":{"display_name":"","author_link":"https:\/\/international.usm.md\/?author=1"},"rttpg_comment":0,"rttpg_category":null,"rttpg_excerpt":"SCOPUL PROIECTULUI: Consolidarea rela\u021biei universitate\u2013industrie bazat\u0103 pe o abordare antreprenorial\u0103 inteligent\u0103 (adaptat\u0103) \u00een institu\u021biile de \u00eenv\u0103\u021b\u0103m\u00e2nt superior din \u021b\u0103rile Parteneriatului Estic \u0219i \u00eembun\u0103t\u0103\u021birea inteligen\u021bei competitive a studen\u021bilor \u0219i absolven\u021bilor (comportamente, abilit\u0103\u021bi, mentalit\u0103\u021bi) \u0219i a capacit\u0103\u021bii acestora de a crea locuri de munc\u0103. OBIECTIVELE SPECIFICE ALE PROIECTULUI (SO): SO1: cre\u0219terea capacit\u0103\u021bii de predare \u0219i \u00eenv\u0103\u021bare a&hellip;&hellip;","_links":{"self":[{"href":"https:\/\/international.usm.md\/index.php?rest_route=\/wp\/v2\/pages\/1084"}],"collection":[{"href":"https:\/\/international.usm.md\/index.php?rest_route=\/wp\/v2\/pages"}],"about":[{"href":"https:\/\/international.usm.md\/index.php?rest_route=\/wp\/v2\/types\/page"}],"author":[{"embeddable":true,"href":"https:\/\/international.usm.md\/index.php?rest_route=\/wp\/v2\/users\/1"}],"replies":[{"embeddable":true,"href":"https:\/\/international.usm.md\/index.php?rest_route=%2Fwp%2Fv2%2Fcomments&post=1084"}],"version-history":[{"count":1,"href":"https:\/\/international.usm.md\/index.php?rest_route=\/wp\/v2\/pages\/1084\/revisions"}],"predecessor-version":[{"id":1085,"href":"https:\/\/international.usm.md\/index.php?rest_route=\/wp\/v2\/pages\/1084\/revisions\/1085"}],"wp:attachment":[{"href":"https:\/\/international.usm.md\/index.php?rest_route=%2Fwp%2Fv2%2Fmedia&parent=1084"}],"curies":[{"name":"wp","href":"https:\/\/api.w.org\/{rel}","templated":true}]}}