{"id":1086,"date":"2022-02-24T20:54:07","date_gmt":"2022-02-24T17:54:07","guid":{"rendered":"http:\/\/international.usm.md\/?page_id=1086"},"modified":"2022-02-24T20:54:07","modified_gmt":"2022-02-24T17:54:07","slug":"justificarea-proiectului","status":"publish","type":"page","link":"https:\/\/international.usm.md\/?page_id=1086","title":{"rendered":"Justificarea Proiectului"},"content":{"rendered":"<p>Dup\u0103 cum se specific\u0103 \u00een Ghidul ERASMUS+, AC2, proiectele CC\u00ceS vizeaz\u0103:<\/p>\n<p>* sprijinirea moderniz\u0103rii, accesibilit\u0103\u021bii \u0219i interna\u021bionaliz\u0103rii \u00eenv\u0103\u021b\u0103m\u00e2ntului superior \u00een \u021b\u0103rile partenere eligibile (PC);<\/p>\n<p>* sprijinirea \u021b\u0103rilor partenere eligibile \u00een abordarea provoc\u0103rile cu care se confrunt\u0103 institu\u021biile \u0219i sistemele lor de \u00eenv\u0103\u021b\u0103m\u00e2nt superior, inclusiv ceea ce \u021bine de calitate, relevan\u021b\u0103, echitate a accesului, planificare, livrare, gestionare \u0219i guvernan\u021b\u0103;<\/p>\n<p>* contribuie la cooperarea dintre Uniunea European\u0103 (UE) \u0219i \u021b\u0103rile partenere eligibile (\u0219i \u00eentre \u021b\u0103rile partenere eligibile);<\/p>\n<p>\u00cen conformitate cu ghidul ERASMUS+, aceste obiective ar putea fi urm\u0103rite \u00een \u021b\u0103rile partenere eligibile prin ac\u021biuni careconduc la:<\/p>\n<p>* \u00eembun\u0103t\u0103\u021birea calit\u0103\u021bii \u00eenv\u0103\u021b\u0103m\u00e2ntului superior \u0219i sporirea relevan\u021bei acestuia pentru pia\u021ba muncii \u0219i societate;<\/p>\n<p>* \u00eembun\u0103t\u0103\u021birea nivelului de competen\u021be \u0219i abilit\u0103\u021bi \u00een institu\u021biile de \u00eenv\u0103\u021b\u0103m\u00e2nt superior prin dezvoltarea de programe educa\u021bionale noi \u0219i inovative;<\/p>\n<p>* \u00eencurajarea integr\u0103rii \u0219i cooper\u0103rii regionale \u00een diferite regiuni ale lumii prin ini\u021biative comune, schimbul de bune practici \u0219i cooperare.<\/p>\n<p>Astfel, prin cooperarea comun\u0103 a \u021b\u0103rilor din program \u0219i \u021b\u0103rilor partenere, schimbul de experien\u021b\u0103 \u0219i bune practici, instruiri, precum \u0219i activit\u0103\u021bi care produc un impact asupra sistemelor \u0219i rezultatelor de care beneficiaz\u0103 \u00een principal \u0219i direct organiza\u021biile implicate \u00een proiect din Moldova (MD), Armenia (AM), Georgia (GE), de asemenea diseminarea \u00een comun, exploatarea, asigurarea calit\u0103\u021bii \u0219i activit\u0103\u021bile de management, propuse \u00een proiect, \u0219i rezultatele acestuia contribuie \u00een mod eficient la obiectivele ac\u021biunii CC\u00ceS \u00een MD,AM,GE vizate.<\/p>\n<p>Proiectul \u0219i rezultatele sale vor avea un impact valoros asupra sistemelor de \u00eenv\u0103\u021b\u0103m\u00e2nt superior la nivel local, na\u021bional, regional \u0219i european datorit\u0103 planului temeinic de diseminare \u0219i exploatare \u0219i vor fi utilizate de c\u0103tre beneficiarii direc\u021bi \u0219i indirec\u021bi.<\/p>\n<p>Structura proiectului CONNECT a fost conceput\u0103 pentru a construi capacitatea de a crea, accelera \u0219i sus\u021bine ideile antreprenoriale inovative ale studen\u021bilor \u0219i de a promova colaborarea \u00eentre institu\u021biile de \u00eenv\u0103\u021b\u0103m\u00e2nt superior\u2013studen\u021bi\u2013industrie, cu sprijinul \u0219i asisten\u021ba partenerilor UE.<\/p>\n<p>Membrii ini\u021biativei CONNECT vor \u00eembun\u0103t\u0103\u021bi calitatea institu\u021biilor de \u00eenv\u0103\u021b\u0103m\u00e2nt superior, nivelul de competen\u021be \u0219i abilit\u0103\u021bi ale profesorilor, studen\u021bilor din institu\u021biile de \u00eenv\u0103\u021b\u0103m\u00e2nt superior \u0219i vor spori relevan\u021ba programelor pentru pia\u021ba muncii \u0219i societate datorit\u0103 dezvolt\u0103rii programului de inteligen\u021b\u0103 competitiv\u0103 (PIC) pentru studen\u021bi \u0219i absolven\u021bi, mai ales pentru cei care nu beneficiaz\u0103 direct de educa\u021bie antreprenorial\u0103(EA), dar au nevoie de ea, oferind acoperire larg\u0103 si suport pentru colaborare \u0219i de \u00eenv\u0103\u021bare reciproc\u0103 \u00een cadrul \u0219i \u00een afara hub-urilor multidisciplinare datorit\u0103 abord\u0103rii de jos \u00een sus a industriei.<\/p>\n<p>&nbsp;<\/p>\n<p>Programul de de inteligen\u021b\u0103 competitiv\u0103 (PIC) include <strong>4 cursuri:<\/strong><\/p>\n<p>&nbsp;<\/p>\n<p><strong>Cursul 1 <\/strong><\/p>\n<p>* Predarea digital\u0103 \u00een mediul universitar.<\/p>\n<p>&nbsp;<\/p>\n<p><strong>Cursul 2 <\/strong><\/p>\n<p>* Corpul \u00een mi\u0219care \/ corpul ca mijloc de comunicare.<\/p>\n<p>* \u00cembun\u0103t\u0103\u021birea rela\u021biei dintre indivizi \u0219i grupuri de lucru folosind metode utilizate \u00een teatru, concepte \u0219i jocuri.<\/p>\n<p>* Film (Video, inclusiv videoclipuri cu scop comercial).<\/p>\n<p>* Fotografie.<\/p>\n<p>&nbsp;<\/p>\n<p><strong>Cursul 3<\/strong><\/p>\n<p>* Program de accelerare pentru \u00eencep\u0103tori: de la idee la concept de afaceri \u2013 o c\u0103l\u0103torie antreprenorial\u0103<\/p>\n<p>* Program de accelerare pentru companii corporative (nivel avansat).<\/p>\n<p>&nbsp;<\/p>\n<p><strong>Cursul 4 <\/strong><\/p>\n<p>* Comunicarea \u00een afaceri.<\/p>\n<p>* Digitalizare \u0219i comunicare digital\u0103.<\/p>\n<p>* Social media pentru afaceri.<\/p>\n<p>* Platforme digitale pentru afaceri.<\/p>\n<p>* Instrumente digitale pentru comunicare \u0219i creare de con\u021binut.<\/p>\n<p>&nbsp;<\/p>\n<p><a href=\"https:\/\/smartchannel.org\/home\">https:\/\/smartchannel.digital<\/a><\/p>\n<p>&nbsp;<\/p>\n<p>Dac\u0103 sunte\u021bi interesat de cursurile noastre \u0219i sunte\u021bi suficient de curio\u0219i, harnici \u0219i curajo\u0219i pentru a participa \u0219i dori\u021bi s\u0103 V\u0103 extinde\u021bi \u00a0orizonturile, atunci V\u0103 spunem <strong>Bine a\u021bi venit<\/strong>!<\/p>\n<p>Pentru mai multe informa\u021bii: <a href=\"https:\/\/smartchannel.org\/home\">https:\/\/smartchannel.org\/home<\/a><\/p>\n<p>Pentru a participa la cursurile noastre, utiliza\u021bi formularul de \u00eenregistrare: <a href=\"https:\/\/smartchannel.org\/register\">https:\/\/smartchannel.org\/register<\/a><\/p>\n<p>Contacta\u021bi-ne: <a href=\"https:\/\/www.facebook.com\/Connect-Project_ERASMUS-104343935083451\">https:\/\/www.facebook.com\/Connect-Project_ERASMUS-104343935083451<\/a><\/p>\n","protected":false},"excerpt":{"rendered":"<p>Dup\u0103 cum se specific\u0103 \u00een Ghidul ERASMUS+, AC2, proiectele CC\u00ceS vizeaz\u0103: * sprijinirea moderniz\u0103rii, accesibilit\u0103\u021bii \u0219i interna\u021bionaliz\u0103rii \u00eenv\u0103\u021b\u0103m\u00e2ntului superior \u00een \u021b\u0103rile partenere eligibile (PC); * sprijinirea \u021b\u0103rilor partenere eligibile \u00een abordarea provoc\u0103rile cu care se confrunt\u0103 institu\u021biile \u0219i sistemele lor de \u00eenv\u0103\u021b\u0103m\u00e2nt superior, inclusiv ceea ce \u021bine de calitate, relevan\u021b\u0103, echitate a accesului, planificare, livrare,&hellip; <br \/> <a class=\"read-more\" href=\"https:\/\/international.usm.md\/?page_id=1086\">Cite\u0219te mai mult<\/a><\/p>\n","protected":false},"author":1,"featured_media":0,"parent":0,"menu_order":0,"comment_status":"closed","ping_status":"closed","template":"","meta":{"footnotes":""},"rttpg_featured_image_url":null,"rttpg_author":{"display_name":"","author_link":"https:\/\/international.usm.md\/?author=1"},"rttpg_comment":0,"rttpg_category":null,"rttpg_excerpt":"Dup\u0103 cum se specific\u0103 \u00een Ghidul ERASMUS+, AC2, proiectele CC\u00ceS vizeaz\u0103: * sprijinirea moderniz\u0103rii, accesibilit\u0103\u021bii \u0219i interna\u021bionaliz\u0103rii \u00eenv\u0103\u021b\u0103m\u00e2ntului superior \u00een \u021b\u0103rile partenere eligibile (PC); * sprijinirea \u021b\u0103rilor partenere eligibile \u00een abordarea provoc\u0103rile cu care se confrunt\u0103 institu\u021biile \u0219i sistemele lor de \u00eenv\u0103\u021b\u0103m\u00e2nt superior, inclusiv ceea ce \u021bine de calitate, relevan\u021b\u0103, echitate a accesului, planificare, livrare,&hellip;&hellip;","_links":{"self":[{"href":"https:\/\/international.usm.md\/index.php?rest_route=\/wp\/v2\/pages\/1086"}],"collection":[{"href":"https:\/\/international.usm.md\/index.php?rest_route=\/wp\/v2\/pages"}],"about":[{"href":"https:\/\/international.usm.md\/index.php?rest_route=\/wp\/v2\/types\/page"}],"author":[{"embeddable":true,"href":"https:\/\/international.usm.md\/index.php?rest_route=\/wp\/v2\/users\/1"}],"replies":[{"embeddable":true,"href":"https:\/\/international.usm.md\/index.php?rest_route=%2Fwp%2Fv2%2Fcomments&post=1086"}],"version-history":[{"count":1,"href":"https:\/\/international.usm.md\/index.php?rest_route=\/wp\/v2\/pages\/1086\/revisions"}],"predecessor-version":[{"id":1087,"href":"https:\/\/international.usm.md\/index.php?rest_route=\/wp\/v2\/pages\/1086\/revisions\/1087"}],"wp:attachment":[{"href":"https:\/\/international.usm.md\/index.php?rest_route=%2Fwp%2Fv2%2Fmedia&parent=1086"}],"curies":[{"name":"wp","href":"https:\/\/api.w.org\/{rel}","templated":true}]}}