{"id":1094,"date":"2022-02-24T21:04:20","date_gmt":"2022-02-24T18:04:20","guid":{"rendered":"http:\/\/international.usm.md\/?page_id=1094"},"modified":"2022-02-24T21:04:20","modified_gmt":"2022-02-24T18:04:20","slug":"parteneri-ue","status":"publish","type":"page","link":"https:\/\/international.usm.md\/?page_id=1094","title":{"rendered":"Parteneri UE"},"content":{"rendered":"<p><img decoding=\"async\" class=\"alignleft\" src=\"http:\/\/international.usm.md\/wp-content\/uploads\/1-3.png\" \/><\/p>\n<p>&nbsp;<\/p>\n<p>Universitatea Na\u021bional\u0103 de Art\u0103 Teatral\u0103 \u0219i Cinematografic\u0103 &#8222;I. L. Caragiale&#8221;<\/p>\n<p>&nbsp;<\/p>\n<p>&nbsp;<\/p>\n<p>&nbsp;<\/p>\n<p><img decoding=\"async\" class=\"alignleft\" src=\"http:\/\/international.usm.md\/wp-content\/uploads\/2-1.jpg\" width=\"100\" height=\"100\" \/><\/p>\n<p>&nbsp;<\/p>\n<p>RISEBA Universitatea de \u0218tiin\u021be Aplicative<\/p>\n<p>&nbsp;<\/p>\n<p>&nbsp;<\/p>\n<p><img decoding=\"async\" class=\"alignleft\" src=\"http:\/\/international.usm.md\/wp-content\/uploads\/3-2.png\" width=\"248\" height=\"109\" \/><\/p>\n<p>&nbsp;<\/p>\n<p>Universitatea LUT<\/p>\n<p>&nbsp;<\/p>\n<p>&nbsp;<\/p>\n<p><img decoding=\"async\" class=\"alignleft\" src=\"http:\/\/international.usm.md\/wp-content\/uploads\/4.png\" width=\"175\" height=\"81\" \/><\/p>\n<p>&nbsp;<\/p>\n<p>Management Anthology<\/p>\n","protected":false},"excerpt":{"rendered":"<p>&nbsp; Universitatea Na\u021bional\u0103 de Art\u0103 Teatral\u0103 \u0219i Cinematografic\u0103 &#8222;I. L. Caragiale&#8221; &nbsp; &nbsp; &nbsp; &nbsp; RISEBA Universitatea de \u0218tiin\u021be Aplicative &nbsp; &nbsp; &nbsp; Universitatea LUT &nbsp; &nbsp; &nbsp; Management Anthology<\/p>\n","protected":false},"author":1,"featured_media":0,"parent":0,"menu_order":0,"comment_status":"closed","ping_status":"closed","template":"","meta":{"footnotes":""},"rttpg_featured_image_url":null,"rttpg_author":{"display_name":"","author_link":"https:\/\/international.usm.md\/?author=1"},"rttpg_comment":0,"rttpg_category":null,"rttpg_excerpt":"&nbsp; Universitatea Na\u021bional\u0103 de Art\u0103 Teatral\u0103 \u0219i Cinematografic\u0103 &#8222;I. L. Caragiale&#8221; &nbsp; &nbsp; &nbsp; &nbsp; RISEBA Universitatea de \u0218tiin\u021be Aplicative &nbsp; &nbsp; &nbsp; Universitatea LUT &nbsp; &nbsp; &nbsp; Management Anthology","_links":{"self":[{"href":"https:\/\/international.usm.md\/index.php?rest_route=\/wp\/v2\/pages\/1094"}],"collection":[{"href":"https:\/\/international.usm.md\/index.php?rest_route=\/wp\/v2\/pages"}],"about":[{"href":"https:\/\/international.usm.md\/index.php?rest_route=\/wp\/v2\/types\/page"}],"author":[{"embeddable":true,"href":"https:\/\/international.usm.md\/index.php?rest_route=\/wp\/v2\/users\/1"}],"replies":[{"embeddable":true,"href":"https:\/\/international.usm.md\/index.php?rest_route=%2Fwp%2Fv2%2Fcomments&post=1094"}],"version-history":[{"count":1,"href":"https:\/\/international.usm.md\/index.php?rest_route=\/wp\/v2\/pages\/1094\/revisions"}],"predecessor-version":[{"id":1099,"href":"https:\/\/international.usm.md\/index.php?rest_route=\/wp\/v2\/pages\/1094\/revisions\/1099"}],"wp:attachment":[{"href":"https:\/\/international.usm.md\/index.php?rest_route=%2Fwp%2Fv2%2Fmedia&parent=1094"}],"curies":[{"name":"wp","href":"https:\/\/api.w.org\/{rel}","templated":true}]}}