{"id":1118,"date":"2022-02-24T21:17:34","date_gmt":"2022-02-24T18:17:34","guid":{"rendered":"http:\/\/international.usm.md\/?page_id=1118"},"modified":"2022-02-24T21:17:34","modified_gmt":"2022-02-24T18:17:34","slug":"rezultate","status":"publish","type":"page","link":"https:\/\/international.usm.md\/?page_id=1118","title":{"rendered":"Rezultate"},"content":{"rendered":"<p><strong>REZULTATELE PROIECTULUI:<\/strong><\/p>\n<p>&#8211; Manualul privind managementul proiectului.<\/p>\n<p>&#8211; Manualele privind asigurarea calit\u0103\u021bii \u0219i diseminarea.<\/p>\n<p>&#8211; Proceduri privind organizare reuniunilor legate de management al proiectului.<\/p>\n<p>&#8211; Raport de constat\u0103ri integrat pentru cele 9 institu\u021biile de \u00eenv\u0103\u021b\u0103m\u00e2nt superior din t\u0103rile partenere (4 tipuri de chestionare (personal academic, companii, viitoare start-up-uri \u0219i firme; autoevaluare a institu\u021biilor de \u00eenv\u0103\u021b\u0103m\u00e2nt superior din t\u0103rile partenere prin <a href=\"https:\/\/www.heinnovate.eu\/en\">heinnovate.ue<\/a> \u00a0\u0219i a experien\u021bei acumulate pe parcursul vizitelor de studiu la partenerii din UE);<\/p>\n<p>&#8211; 9 concepte de \u00eembun\u0103t\u0103\u021bire a reglement\u0103rilor de func\u021bionare \u00eenvechite existente ale hub-urilor din institu\u021biile de \u00eenv\u0103\u021b\u0103m\u00e2nt superior din t\u0103rile partenere sau Smart Caffe noi create la sediile partenerilor consor\u021biului din \u021b\u0103rile parteneriatului estic;<\/p>\n<p>&#8211; 9 seturi de echipamente instalate;<\/p>\n<p>&#8211; Dezvoltarea a 4 noi suporturi de curs de c\u0103tre partenerii UE \u00een limba englez\u0103;<\/p>\n<p>&#8211; Furnizarea atelierelor de formare a personalului la cel pu\u021bin 180 de formatori universitari;<\/p>\n<p>&#8211; Abilit\u0103\u021bi \u00eembun\u0103t\u0103\u021bite ale 180 de profesori;<\/p>\n<p>&#8211; 4 noi suporturi de curs dedicate acceler\u0103rii, artei, competen\u021belor digitale de institu\u021biile de \u00eenv\u0103\u021b\u0103m\u00e2nt superior din t\u0103rile partenere traduse \u00een limba rus\u0103;<\/p>\n<p>&#8211; MOOC (3 programe ale fiec\u0103rei dintre institu\u021biile de \u00eenv\u0103\u021b\u0103m\u00e2nt superior din t\u0103rile partenere \u00een limbile na\u021bionale) privind programul de informa\u021bii competitive (suporturi de curs \u0219i \u00eenregistr\u0103ri video) creat de cadre didactice instruite din institu\u021biile de \u00eenv\u0103\u021b\u0103m\u00e2ntul superior;<\/p>\n<p>&#8211; Implementarea cursurilor din programul de inteligen\u021b\u0103 competitiv\u0103 PIC: \u00a0Cursul 1, Partea 1, Cursul 2, 3, 4 pentru 540 de formabili \u00eenregistra\u021bi din 9 institu\u021bii de \u00eenv\u0103\u021b\u0103m\u00e2nt superior din parteneriatul estic \u0219i cel pu\u021bin 135 de formabili online din 9 institu\u021bii de \u00eenv\u0103\u021b\u0103m\u00e2nt superior din parteneriatul estic, \u00eenregistra\u021bi pentru Cursul 1, Partea 2, Cursul 2, 3, 4 din cadrul programul de inteligen\u021b\u0103 competitiv\u0103 PIC;<\/p>\n<p>&#8211; 162 activit\u0103\u021bi practice de performan\u021b\u0103 (app) (18 app\/ institu\u021bie de \u00eenv\u0103\u021b\u0103m\u00e2nt superior) pentru studen\u021bi, \u00een care vor fi implica\u021bi profesorii inctrui\u021bi \u00een cadrul proiectului;<\/p>\n<p>&#8211; 27 studen\u021bi \u00eenscri\u0219i \u00een programul de inteligen\u021b\u0103 competitiv\u0103 PIC vor dezvolta inova\u021bii deschise cu companii;<\/p>\n<p>&#8211; 18 cei mai buni studen\u021bi vor beneficia de stagii;<\/p>\n<p>&#8211; Noi abord\u0103ri integrate \u00een curricula institu\u021biilor de \u00eenv\u0103\u021b\u0103m\u00e2nt superior (cel pu\u021bin 27 (3 per partener) de programe \u00een care studen\u021bii care nu beneficiaz\u0103 de studii antreprenoriale vor fi revizuite \u0219i adaptate pentru a le include);<\/p>\n<p>&#8211; Evenimente de diseminare \u0219i colaborare organizate;<\/p>\n<p>&#8211; 100 de studen\u021bi participan\u021bi la toate cele 3 Bootcamp-uri na\u021bionale;<\/p>\n<p>&#8211; 18 studen\u021bi-beneficiari de ai competi\u021biei pentru mobilitatea \u00een Bulgaria la activitatea de Pitch;<\/p>\n<p>&#8211; 9 planuri de ac\u021biuni \u00een vederea \u00eembun\u0103t\u0103\u021birii colabor\u0103rii \u0219i comunic\u0103rii \u00eentre institu\u021biile de \u00eenv\u0103\u021b\u0103m\u00e2nt superior\u2013industrie;<\/p>\n<p>&#8211; Raport privind concursul;<\/p>\n<p>&#8211; Raport privind evenimentul\/conferin\u021ba final\u0103;<\/p>\n<p>&#8211; Diseminare finalizat\u0103 la cel pu\u021bin 36 de institu\u021bii de \u00eenv\u0103\u021b\u0103m\u00e2nt superior;<\/p>\n<p>&#8211; Rapoarte de evaluare.<\/p>\n","protected":false},"excerpt":{"rendered":"<p>REZULTATELE PROIECTULUI: &#8211; Manualul privind managementul proiectului. &#8211; Manualele privind asigurarea calit\u0103\u021bii \u0219i diseminarea. &#8211; Proceduri privind organizare reuniunilor legate de management al proiectului. &#8211; Raport de constat\u0103ri integrat pentru cele 9 institu\u021biile de \u00eenv\u0103\u021b\u0103m\u00e2nt superior din t\u0103rile partenere (4 tipuri de chestionare (personal academic, companii, viitoare start-up-uri \u0219i firme; autoevaluare a institu\u021biilor de \u00eenv\u0103\u021b\u0103m\u00e2nt&hellip; <br \/> <a class=\"read-more\" href=\"https:\/\/international.usm.md\/?page_id=1118\">Cite\u0219te mai mult<\/a><\/p>\n","protected":false},"author":1,"featured_media":0,"parent":0,"menu_order":0,"comment_status":"closed","ping_status":"closed","template":"","meta":{"footnotes":""},"rttpg_featured_image_url":null,"rttpg_author":{"display_name":"","author_link":"https:\/\/international.usm.md\/?author=1"},"rttpg_comment":0,"rttpg_category":null,"rttpg_excerpt":"REZULTATELE PROIECTULUI: &#8211; Manualul privind managementul proiectului. &#8211; Manualele privind asigurarea calit\u0103\u021bii \u0219i diseminarea. &#8211; Proceduri privind organizare reuniunilor legate de management al proiectului. &#8211; Raport de constat\u0103ri integrat pentru cele 9 institu\u021biile de \u00eenv\u0103\u021b\u0103m\u00e2nt superior din t\u0103rile partenere (4 tipuri de chestionare (personal academic, companii, viitoare start-up-uri \u0219i firme; autoevaluare a institu\u021biilor de \u00eenv\u0103\u021b\u0103m\u00e2nt&hellip;&hellip;","_links":{"self":[{"href":"https:\/\/international.usm.md\/index.php?rest_route=\/wp\/v2\/pages\/1118"}],"collection":[{"href":"https:\/\/international.usm.md\/index.php?rest_route=\/wp\/v2\/pages"}],"about":[{"href":"https:\/\/international.usm.md\/index.php?rest_route=\/wp\/v2\/types\/page"}],"author":[{"embeddable":true,"href":"https:\/\/international.usm.md\/index.php?rest_route=\/wp\/v2\/users\/1"}],"replies":[{"embeddable":true,"href":"https:\/\/international.usm.md\/index.php?rest_route=%2Fwp%2Fv2%2Fcomments&post=1118"}],"version-history":[{"count":1,"href":"https:\/\/international.usm.md\/index.php?rest_route=\/wp\/v2\/pages\/1118\/revisions"}],"predecessor-version":[{"id":1119,"href":"https:\/\/international.usm.md\/index.php?rest_route=\/wp\/v2\/pages\/1118\/revisions\/1119"}],"wp:attachment":[{"href":"https:\/\/international.usm.md\/index.php?rest_route=%2Fwp%2Fv2%2Fmedia&parent=1118"}],"curies":[{"name":"wp","href":"https:\/\/api.w.org\/{rel}","templated":true}]}}