{"id":114,"date":"2019-12-12T13:40:04","date_gmt":"2019-12-12T10:40:04","guid":{"rendered":"http:\/\/international.usm.md\/?page_id=114"},"modified":"2020-05-02T22:42:18","modified_gmt":"2020-05-02T19:42:18","slug":"organizarea-pregatirea-mobilitatii","status":"publish","type":"page","link":"https:\/\/international.usm.md\/?page_id=114","title":{"rendered":"Organizarea \/ Preg\u0103tirea mobilit\u0103\u021bii"},"content":{"rendered":"<p style=\"text-align: justify;\"><span style=\"font-weight: 400;\">Studen\u021bii selecta\u021bi vor primi de la Serviciul Mobilit\u0103\u021bi Academice al USM Carta studentului Erasmus+, care stabile\u0219te drepturile \u0219i obliga\u021biile studentului pentru perioada de studiu sau de stagiu \u00een str\u0103in\u0103tate \u0219i explic\u0103 diferi\u021bii pa\u0219i care trebuie urma\u021bi \u00eenaintea, \u00een timpul \u0219i ulterior perioadei de mobilitate.<\/span><\/p>\n<p style=\"text-align: justify;\"><span style=\"font-weight: 400;\">\u00cenainte de plecare, fiecare student selectat trebuie s\u0103 semneze un \u201eContract de studii\u201d (Learning Agreement). Acesta stabile\u0219te programul de studii \u0219i\/sau de stagiu care trebuie s\u0103 fie urmat, a\u0219a cum s-a convenit \u00eentre student, universitatea de origine \u0219i universitatea\/organiza\u021bia gazd\u0103. Contractul de studii define\u0219te obiectivele privind rezultatele \u00eenv\u0103\u021b\u0103rii pe durata perioadei de studii \u00een str\u0103in\u0103tate \u0219i precizeaz\u0103 dispozi\u021biile oficiale privind recunoa\u0219terea. De asemenea, contractul specific\u0103 locul de desf\u0103\u0219urare a perioadei de studii \u0219i\/sau de stagiu.\u00a0<\/span><\/p>\n<p style=\"text-align: justify;\"><span style=\"font-weight: 400;\">Fiecare student selectat va primi un grant UE Erasmus+ pentru acoperirea cheltuielilor legate de mobilitate \u00een func\u021bie de costul de trai din \u021bara gazd\u0103 \u0219i o contribu\u021bie unic\u0103 de deplasare, \u00een func\u021bie de distan\u021ba dintre universitatea de origine \u0219i cea de destina\u021bie. Contractul pentru grantul UE Erasmus+ va fi semnat \u00eentre institu\u021bia gazd\u0103 \u0219i student.\u00a0<\/span><\/p>\n<p style=\"text-align: justify;\"><span style=\"font-weight: 400;\">Studen\u021bii care primesc un grant UE Erasmus+ <\/span><b>vor rambursa integral sau par\u021bial grantul UE<\/b><span style=\"font-weight: 400;\"> dac\u0103 nu respect\u0103 clauzele acordului de grant (cu excep\u021bia situa\u021biilor \u00een care un caz de for\u021b\u0103 major\u0103 \u00eei \u00eempiedic\u0103 s\u0103 \u00ee\u0219i finalizeze activit\u0103\u021bile prev\u0103zute \u00een str\u0103in\u0103tate). Acestora li se poate solicita s\u0103 ramburseze, integral sau par\u021bial, grantul UE primit dac\u0103 nu \u00ee\u0219i finalizeaz\u0103 \u0219i nu \u00ee\u0219i depun raportul final online.<\/span><\/p>\n","protected":false},"excerpt":{"rendered":"<p>Studen\u021bii selecta\u021bi vor primi de la Serviciul Mobilit\u0103\u021bi Academice al USM Carta studentului Erasmus+, care stabile\u0219te drepturile \u0219i obliga\u021biile studentului pentru perioada de studiu sau de stagiu \u00een str\u0103in\u0103tate \u0219i explic\u0103 diferi\u021bii pa\u0219i care trebuie urma\u021bi \u00eenaintea, \u00een timpul \u0219i ulterior perioadei de mobilitate. \u00cenainte de plecare, fiecare student selectat trebuie s\u0103 semneze un \u201eContract&hellip; <br \/> <a class=\"read-more\" href=\"https:\/\/international.usm.md\/?page_id=114\">Cite\u0219te mai mult<\/a><\/p>\n","protected":false},"author":1,"featured_media":0,"parent":0,"menu_order":0,"comment_status":"closed","ping_status":"closed","template":"","meta":{"footnotes":""},"rttpg_featured_image_url":null,"rttpg_author":{"display_name":"","author_link":"https:\/\/international.usm.md\/?author=1"},"rttpg_comment":0,"rttpg_category":null,"rttpg_excerpt":"Studen\u021bii selecta\u021bi vor primi de la Serviciul Mobilit\u0103\u021bi Academice al USM Carta studentului Erasmus+, care stabile\u0219te drepturile \u0219i obliga\u021biile studentului pentru perioada de studiu sau de stagiu \u00een str\u0103in\u0103tate \u0219i explic\u0103 diferi\u021bii pa\u0219i care trebuie urma\u021bi \u00eenaintea, \u00een timpul \u0219i ulterior perioadei de mobilitate. \u00cenainte de plecare, fiecare student selectat trebuie s\u0103 semneze un \u201eContract&hellip;&hellip;","_links":{"self":[{"href":"https:\/\/international.usm.md\/index.php?rest_route=\/wp\/v2\/pages\/114"}],"collection":[{"href":"https:\/\/international.usm.md\/index.php?rest_route=\/wp\/v2\/pages"}],"about":[{"href":"https:\/\/international.usm.md\/index.php?rest_route=\/wp\/v2\/types\/page"}],"author":[{"embeddable":true,"href":"https:\/\/international.usm.md\/index.php?rest_route=\/wp\/v2\/users\/1"}],"replies":[{"embeddable":true,"href":"https:\/\/international.usm.md\/index.php?rest_route=%2Fwp%2Fv2%2Fcomments&post=114"}],"version-history":[{"count":2,"href":"https:\/\/international.usm.md\/index.php?rest_route=\/wp\/v2\/pages\/114\/revisions"}],"predecessor-version":[{"id":393,"href":"https:\/\/international.usm.md\/index.php?rest_route=\/wp\/v2\/pages\/114\/revisions\/393"}],"wp:attachment":[{"href":"https:\/\/international.usm.md\/index.php?rest_route=%2Fwp%2Fv2%2Fmedia&parent=114"}],"curies":[{"name":"wp","href":"https:\/\/api.w.org\/{rel}","templated":true}]}}