{"id":156,"date":"2019-12-12T14:09:38","date_gmt":"2019-12-12T11:09:38","guid":{"rendered":"http:\/\/international.usm.md\/?page_id=156"},"modified":"2022-01-27T16:58:14","modified_gmt":"2022-01-27T13:58:14","slug":"erasmus-mobilitatea-internationala-a-creditelor","status":"publish","type":"page","link":"https:\/\/international.usm.md\/?page_id=156","title":{"rendered":"Erasmus + Mobilitatea Interna\u021bional\u0103 a Creditelor"},"content":{"rendered":"<p>Sec\u021bia Mobilit\u0103\u021bi Interna\u0163ionale<br \/>\nOf. 131, bloc 4<br \/>\nStr. A. Mateevici, 60, Chi\u0219in\u0103u<br \/>\n<strong>Tel: <a href=\"tel:+37367560170\">+373 67 560 170<\/a><\/strong><br \/>\n<strong>E-mail: <a href=\"mailto:intrel@usm.md\"><span style=\"font-size: medium;\">intrel@usm.md<\/span><\/a><\/strong><\/p>\n<p><strong><a href=\"mailto:usm.international@yahoo.com\">usm.international@yahoo.com<\/a><\/strong><\/p>\n<p><strong>Institu\u021bii partenere \u00een cadrul Programului Erasmus+, Ac\u021biunea cheie 1, Mobilitatea Interna\u021bional\u0103 a Creditelor (ICM)<\/strong><\/p>\n<ol>\n<li style=\"text-align: justify;\">Universit\u00e9 catholique de Louvain, Belgia<\/li>\n<li style=\"text-align: justify;\">Institut des Hautes Etudes des Communications sociales de Bruxelles, IHECS, Belgia<\/li>\n<li style=\"text-align: justify;\">International University College, Bulgaria<\/li>\n<li style=\"text-align: justify;\">University of Agribusiness and Rural Development, Bulgaria<\/li>\n<li style=\"text-align: justify;\">Varna University of Management, Bulgaria<\/li>\n<li style=\"text-align: justify;\">South-West University NeofitRilski, Bulgaria<\/li>\n<li style=\"text-align: justify;\">Saarland University, Germania<\/li>\n<li style=\"text-align: justify;\">Friedrich Schiller University Jena, Germania<\/li>\n<li style=\"text-align: justify;\">Leipzig University, Germania<\/li>\n<li style=\"text-align: justify;\">Aristotle University of Thessaloniki, Grecia<\/li>\n<li style=\"text-align: justify;\">University of West Attica, Grecia<\/li>\n<li style=\"text-align: justify;\">University of Tampere, Finlanda<\/li>\n<li style=\"text-align: justify;\">Universit\u00e9 Bretagne Sud, Fran\u021ba<\/li>\n<li style=\"text-align: justify;\">Universite Lille 1 \u2013 Science and Technologies, Fran\u021ba<\/li>\n<li style=\"text-align: justify;\">KazimierasSimonavi\u010dius University, Lituania<\/li>\n<li style=\"text-align: justify;\">MykolasRomeris University, Lituania<\/li>\n<li style=\"text-align: justify;\">Vilnius University, Lituania<\/li>\n<li style=\"text-align: justify;\">Vytautas Magnus University, Lituania<\/li>\n<li style=\"text-align: justify;\">University of Opole, Polonia<\/li>\n<li style=\"text-align: justify;\">The State University of Applied Sciences in P\u0142ock, Polonia<\/li>\n<li style=\"text-align: justify;\">Maria Curie-Sklodowska University, Lublin, Polonia<\/li>\n<li style=\"text-align: justify;\">Bia\u0142ystok University of Technology, Polonia<\/li>\n<li style=\"text-align: justify;\">Warsaw School of Economics, Polonia<\/li>\n<li style=\"text-align: justify;\">Pomeranian University, S\u0142upsk, Polonia<\/li>\n<li style=\"text-align: justify;\">Transilvania University of Brasov, Rom\u00e2nia<\/li>\n<li style=\"text-align: justify;\">Universitatea Alexandru Ioan Cuza din Ia\u0219i, Rom\u00e2nia<\/li>\n<li style=\"text-align: justify;\">Universitatea din Oradea, Rom\u00e2nia<\/li>\n<li style=\"text-align: justify;\">University of Bucharest, Rom\u00e2nia<\/li>\n<li style=\"text-align: justify;\">UniversitateaVasileAlecsandri din Bac\u0103u, Rom\u00e2nia<\/li>\n<li style=\"text-align: justify;\">Universitatea de Vest din Timi\u015foara, Rom\u00e2nia<\/li>\n<li style=\"text-align: justify;\">UniversitateaBabe\u0219-Bolyai, Cluj, Rom\u00e2nia<\/li>\n<li style=\"text-align: justify;\">Universitatea din Pite\u0219ti, Rom\u00e2nia<\/li>\n<li style=\"text-align: justify;\">\u0218coalaNa\u021bional\u0103 de StudiiPolitice\u0219i AdministrativeBucure\u0219ti, Rom\u00e2nia<\/li>\n<li style=\"text-align: justify;\">Universitatea Apollonia, Ia\u0219i, Rom\u00e2nia<\/li>\n<li style=\"text-align: justify;\">Universitatea\u0218tefancel Mare din Suceava, Rom\u00e2nia<\/li>\n<li style=\"text-align: justify;\">Universitatea Aurel Vlaicudin Arad, Rom\u00e2nia<\/li>\n<li style=\"text-align: justify;\">Universidade da Coru\u00f1a, Spania<\/li>\n<li style=\"text-align: justify;\">University of Granada, Spania<\/li>\n<li style=\"text-align: justify;\">Universitat de Girona, Spania<\/li>\n<li style=\"text-align: justify;\">University of Deusto, Spania<\/li>\n<li style=\"text-align: justify;\">University of Cadiz, Spania<\/li>\n<li style=\"text-align: justify;\">University of Almeria, Spania<\/li>\n<li style=\"text-align: justify;\">Middle East Technical University, Turcia<\/li>\n<li style=\"text-align: justify;\">S\u00fcleyman\u015eah\u00dcniversitesi, Turcia<\/li>\n<li style=\"text-align: justify;\">K\u00fctahyaDumlup\u0131nar University, Turcia<\/li>\n<li style=\"text-align: justify;\">Igdir University, Turcia<\/li>\n<li style=\"text-align: justify;\">Technical University of Ko\u0161ice, Slovacia<\/li>\n<li style=\"text-align: justify;\">University Beira Interior, Portugalia<\/li>\n<li style=\"text-align: justify;\">Politecnico do Porto, Escola Superior de Media Artes e Design, Portugalia<\/li>\n<li style=\"text-align: justify;\">Universit\u00e0TelematicaInternazionaleUninettuno, Italia<\/li>\n<li style=\"text-align: justify;\">University of Derby, Marea Britanie<\/li>\n<li style=\"text-align: justify;\">University of Keele, Marea Britanie<\/li>\n<li style=\"text-align: justify;\">Dublin City University, Irlanda<\/li>\n<li style=\"text-align: justify;\">Preschool Teacher Training College \u201eMihailo Palov\u201d, Vrsac, Serbia<\/li>\n<li style=\"text-align: justify;\">Uppsala University, Suedia<\/li>\n<\/ol>\n","protected":false},"excerpt":{"rendered":"<p>Sec\u021bia Mobilit\u0103\u021bi Interna\u0163ionale Of. 131, bloc 4 Str. A. Mateevici, 60, Chi\u0219in\u0103u Tel: +373 67 560 170 E-mail: intrel@usm.md usm.international@yahoo.com Institu\u021bii partenere \u00een cadrul Programului Erasmus+, Ac\u021biunea cheie 1, Mobilitatea Interna\u021bional\u0103 a Creditelor (ICM) Universit\u00e9 catholique de Louvain, Belgia Institut des Hautes Etudes des Communications sociales de Bruxelles, IHECS, Belgia International University College, Bulgaria University&hellip; <br \/> <a class=\"read-more\" href=\"https:\/\/international.usm.md\/?page_id=156\">Cite\u0219te mai mult<\/a><\/p>\n","protected":false},"author":1,"featured_media":0,"parent":74,"menu_order":1,"comment_status":"closed","ping_status":"closed","template":"","meta":{"footnotes":""},"rttpg_featured_image_url":null,"rttpg_author":{"display_name":"","author_link":"https:\/\/international.usm.md\/?author=1"},"rttpg_comment":0,"rttpg_category":null,"rttpg_excerpt":"Sec\u021bia Mobilit\u0103\u021bi Interna\u0163ionale Of. 131, bloc 4 Str. A. Mateevici, 60, Chi\u0219in\u0103u Tel: +373 67 560 170 E-mail: intrel@usm.md usm.international@yahoo.com Institu\u021bii partenere \u00een cadrul Programului Erasmus+, Ac\u021biunea cheie 1, Mobilitatea Interna\u021bional\u0103 a Creditelor (ICM) Universit\u00e9 catholique de Louvain, Belgia Institut des Hautes Etudes des Communications sociales de Bruxelles, IHECS, Belgia International University College, Bulgaria University&hellip;&hellip;","_links":{"self":[{"href":"https:\/\/international.usm.md\/index.php?rest_route=\/wp\/v2\/pages\/156"}],"collection":[{"href":"https:\/\/international.usm.md\/index.php?rest_route=\/wp\/v2\/pages"}],"about":[{"href":"https:\/\/international.usm.md\/index.php?rest_route=\/wp\/v2\/types\/page"}],"author":[{"embeddable":true,"href":"https:\/\/international.usm.md\/index.php?rest_route=\/wp\/v2\/users\/1"}],"replies":[{"embeddable":true,"href":"https:\/\/international.usm.md\/index.php?rest_route=%2Fwp%2Fv2%2Fcomments&post=156"}],"version-history":[{"count":8,"href":"https:\/\/international.usm.md\/index.php?rest_route=\/wp\/v2\/pages\/156\/revisions"}],"predecessor-version":[{"id":1068,"href":"https:\/\/international.usm.md\/index.php?rest_route=\/wp\/v2\/pages\/156\/revisions\/1068"}],"up":[{"embeddable":true,"href":"https:\/\/international.usm.md\/index.php?rest_route=\/wp\/v2\/pages\/74"}],"wp:attachment":[{"href":"https:\/\/international.usm.md\/index.php?rest_route=%2Fwp%2Fv2%2Fmedia&parent=156"}],"curies":[{"name":"wp","href":"https:\/\/api.w.org\/{rel}","templated":true}]}}