{"id":1844,"date":"2024-09-19T11:41:37","date_gmt":"2024-09-19T08:41:37","guid":{"rendered":"https:\/\/international.usm.md\/?page_id=1844"},"modified":"2025-05-12T15:35:52","modified_gmt":"2025-05-12T12:35:52","slug":"eu4just-2","status":"publish","type":"page","link":"https:\/\/international.usm.md\/?page_id=1844","title":{"rendered":"EU4JUST"},"content":{"rendered":"<p><img fetchpriority=\"high\" decoding=\"async\" class=\"wp-image-2486 aligncenter\" src=\"http:\/\/international.usm.md\/wp-content\/uploads\/EN-Co-funded-by-the-EU_PANTONE-scaled.jpg\" alt=\"\" width=\"586\" height=\"123\" \/><\/p>\n<table width=\"622\">\n<tbody>\n<tr>\n<td width=\"186\">Denumirea<\/td>\n<td width=\"436\">Catedra Jean Monnet \u00een Studii UE pentru Protec\u021bia Drepturilor Omului \u0219i Metode Alternative de Solu\u021bionare a Litigiilor<\/td>\n<\/tr>\n<tr>\n<td width=\"186\">Acronim<\/td>\n<td width=\"436\">EU4JUST<\/td>\n<\/tr>\n<tr>\n<td width=\"186\">Num\u0103r de referin\u021b\u0103<\/td>\n<td width=\"436\">101085276 \u2014 EU4JUST \u2014 ERASMUS-JMO-2022-HEI-TCH-RSCH<\/td>\n<\/tr>\n<tr>\n<td width=\"186\">Perioada de implementare<\/td>\n<td width=\"436\">01.11.2022-31.10.2025<\/td>\n<\/tr>\n<tr>\n<td width=\"186\">Buget<\/td>\n<td width=\"436\">50.000 Euro<\/td>\n<\/tr>\n<tr>\n<td width=\"186\">Parteneri<\/td>\n<td width=\"436\">Asocia\u021bia Henri Capitant de Cultur\u0103 Jurdic\u0103 \/ AHCCJ<\/p>\n<p>Institutul European pentru Initiative, Reforme si Educatie \/ASPIRE<\/p>\n<p>Universitatea de Stat din Moldova<\/td>\n<\/tr>\n<tr>\n<td width=\"186\">Descriere<\/td>\n<td width=\"436\">Proiectul urm\u0103re\u0219te s\u0103 consolideze cuno\u0219tin\u021bele \u0219i competen\u021bele privind politicile UE \u00een domeniul drepturilor omului (HR) \u0219i solu\u021bionarea alternativ\u0103 a litigiilor (ADR) \u00een Moldova, pentru a sus\u021bine integrarea \u00een comunitatea european\u0103. Se pune accent pe crearea unui manual nou despre ADR \u0219i pe atragerea nu doar a studen\u021bilor de la drept, ci \u0219i a altor studen\u021bi \u0219i func\u021bionari publici, precum judec\u0103tori. Aceasta contribuie la o mai bun\u0103 \u00een\u021belegere a institu\u021biilor \u0219i politicilor UE, esen\u021bial\u0103 pentru dezvoltare \u0219i coeziune social\u0103.<\/td>\n<\/tr>\n<tr>\n<td width=\"186\">Coordonator institu\u021bional<\/td>\n<td width=\"436\">Dr.hab., Plotnic Olesea, Universitatea de Stat din Moldova<\/td>\n<\/tr>\n<tr>\n<td width=\"186\">Contacte<\/td>\n<td width=\"436\">Site: <a href=\"https:\/\/eu4just.md\/\">https:\/\/eu4just.md\/<\/a><br \/>\nFacebook:<br \/>\nInstagram:<\/td>\n<\/tr>\n<\/tbody>\n<\/table>\n<p><b><i>Funded by the European Union. Views and opinions expressed are however those of the author(s) only and do not necessarily reflect those of the European Union or EACEA. Neither the European Union nor the granting authority can be held responsible for them.<\/i><\/b><\/p>\n","protected":false},"excerpt":{"rendered":"<p>Denumirea Catedra Jean Monnet \u00een Studii UE pentru Protec\u021bia Drepturilor Omului \u0219i Metode Alternative de Solu\u021bionare a Litigiilor Acronim EU4JUST Num\u0103r de referin\u021b\u0103 101085276 \u2014 EU4JUST \u2014 ERASMUS-JMO-2022-HEI-TCH-RSCH Perioada de implementare 01.11.2022-31.10.2025 Buget 50.000 Euro Parteneri Asocia\u021bia Henri Capitant de Cultur\u0103 Jurdic\u0103 \/ AHCCJ Institutul European pentru Initiative, Reforme si Educatie \/ASPIRE Universitatea de Stat&hellip; <br \/> <a class=\"read-more\" href=\"https:\/\/international.usm.md\/?page_id=1844\">Cite\u0219te mai mult<\/a><\/p>\n","protected":false},"author":1,"featured_media":0,"parent":0,"menu_order":0,"comment_status":"closed","ping_status":"closed","template":"","meta":{"footnotes":""},"rttpg_featured_image_url":null,"rttpg_author":{"display_name":"","author_link":"https:\/\/international.usm.md\/?author=1"},"rttpg_comment":0,"rttpg_category":null,"rttpg_excerpt":"Denumirea Catedra Jean Monnet \u00een Studii UE pentru Protec\u021bia Drepturilor Omului \u0219i Metode Alternative de Solu\u021bionare a Litigiilor Acronim EU4JUST Num\u0103r de referin\u021b\u0103 101085276 \u2014 EU4JUST \u2014 ERASMUS-JMO-2022-HEI-TCH-RSCH Perioada de implementare 01.11.2022-31.10.2025 Buget 50.000 Euro Parteneri Asocia\u021bia Henri Capitant de Cultur\u0103 Jurdic\u0103 \/ AHCCJ Institutul European pentru Initiative, Reforme si Educatie \/ASPIRE Universitatea de Stat&hellip;&hellip;","_links":{"self":[{"href":"https:\/\/international.usm.md\/index.php?rest_route=\/wp\/v2\/pages\/1844"}],"collection":[{"href":"https:\/\/international.usm.md\/index.php?rest_route=\/wp\/v2\/pages"}],"about":[{"href":"https:\/\/international.usm.md\/index.php?rest_route=\/wp\/v2\/types\/page"}],"author":[{"embeddable":true,"href":"https:\/\/international.usm.md\/index.php?rest_route=\/wp\/v2\/users\/1"}],"replies":[{"embeddable":true,"href":"https:\/\/international.usm.md\/index.php?rest_route=%2Fwp%2Fv2%2Fcomments&post=1844"}],"version-history":[{"count":3,"href":"https:\/\/international.usm.md\/index.php?rest_route=\/wp\/v2\/pages\/1844\/revisions"}],"predecessor-version":[{"id":2518,"href":"https:\/\/international.usm.md\/index.php?rest_route=\/wp\/v2\/pages\/1844\/revisions\/2518"}],"wp:attachment":[{"href":"https:\/\/international.usm.md\/index.php?rest_route=%2Fwp%2Fv2%2Fmedia&parent=1844"}],"curies":[{"name":"wp","href":"https:\/\/api.w.org\/{rel}","templated":true}]}}