{"id":1852,"date":"2024-09-19T11:46:07","date_gmt":"2024-09-19T08:46:07","guid":{"rendered":"https:\/\/international.usm.md\/?page_id=1852"},"modified":"2025-05-12T15:36:32","modified_gmt":"2025-05-12T12:36:32","slug":"upgrade","status":"publish","type":"page","link":"https:\/\/international.usm.md\/?page_id=1852","title":{"rendered":"UPGRADE"},"content":{"rendered":"<p><img fetchpriority=\"high\" decoding=\"async\" class=\"wp-image-2486 aligncenter\" src=\"http:\/\/international.usm.md\/wp-content\/uploads\/EN-Co-funded-by-the-EU_PANTONE-scaled.jpg\" alt=\"\" width=\"586\" height=\"123\" \/><\/p>\n<table width=\"622\">\n<tbody>\n<tr>\n<td width=\"186\">Denumirea<\/td>\n<td width=\"436\">Optimizarea Monitoriz\u0103rii Angajabilit\u0103\u021bii Absolven\u021bilor \u00een Moldova<\/td>\n<\/tr>\n<tr>\n<td width=\"186\">Acronim<\/td>\n<td width=\"436\">UPGRADE<\/td>\n<\/tr>\n<tr>\n<td width=\"186\">Num\u0103r de referin\u021b\u0103<\/td>\n<td width=\"436\">101129166<\/td>\n<\/tr>\n<tr>\n<td width=\"186\">Perioada de implementare<\/td>\n<td width=\"436\">01.11.2023-31.10.2026<\/td>\n<\/tr>\n<tr>\n<td width=\"186\">Buget<\/td>\n<td width=\"436\">106.247.00 Euro<\/td>\n<\/tr>\n<tr>\n<td width=\"186\">Parteneri<\/td>\n<td width=\"436\">Academia de Studii Economice din Moldova<\/p>\n<p>Universitatea de Stat din Moldova<\/p>\n<p>Universitatea de Stat Alecu Russo din B\u0103l\u021bi<\/p>\n<p>Universitatea de Stat B.P. Hasdeu din Cahul<\/p>\n<p>Universitatea de Stat din Comrat<\/p>\n<p>Ministerul Educa\u021biei, Culturii \u0219i Cercet\u0103rii<\/p>\n<p>Asocia\u021bia Ob\u0219teasc\u0103 Institutul European pentru Ini\u021biative, Reforme \u0219i Educa\u021bie Aspire<\/p>\n<p>Universitatea din Valencia<\/p>\n<p>Universitatea Tehnic\u0103 Deggendorf<\/p>\n<p>Universitatea 1 Decembrie 1918<\/td>\n<\/tr>\n<tr>\n<td width=\"186\">Descriere<\/td>\n<td width=\"436\">Proiectul UPGRADE vizeaz\u0103 \u00eembun\u0103t\u0103\u021birea monitoriz\u0103rii angajabilit\u0103\u021bii absolven\u021bilor \u00een \u00eenv\u0103\u021b\u0103m\u00e2ntul superior din Moldova. Obiectivele includ crearea unui consens na\u021bional \u00eentre factorii de decizie, \u00eembun\u0103t\u0103\u021birea cadrului legislativ, dezvoltarea capacit\u0103\u021bilor institu\u021bionale \u0219i elaborarea primului sondaj pilot de angajabilitate a absolven\u021bilor. Proiectul va transfera experien\u021ba UE \u0219i va crea un portal na\u021bional pentru monitorizarea angajabilit\u0103\u021bii, consolid\u00e2nd astfel capacit\u0103\u021bile institu\u021biilor de \u00eenv\u0103\u021b\u0103m\u00e2nt superior.<\/td>\n<\/tr>\n<tr>\n<td width=\"186\">Coordonator institu\u021bional<\/td>\n<td width=\"436\">Prim-prorector Otilia DANDARA<\/td>\n<\/tr>\n<tr>\n<td width=\"186\">Contacte<\/td>\n<td width=\"436\"><a href=\"https:\/\/upgrade.usm.md\/\">https:\/\/upgrade.usm.md\/<\/a><\/p>\n<p>Site: <a href=\"https:\/\/upgrade-project.ase.md\/\">https:\/\/upgrade-project.ase.md\/<\/a><\/p>\n<p>Facebook: <a href=\"https:\/\/www.facebook.com\/UPGRADEproject.Moldova\/?_rdr\">https:\/\/www.facebook.com\/UPGRADEproject.Moldova\/?_rdr<\/a><\/td>\n<\/tr>\n<\/tbody>\n<\/table>\n<p><b><i>Funded by the European Union. Views and opinions expressed are however those of the author(s) only and do not necessarily reflect those of the European Union or EACEA. Neither the European Union nor the granting authority can be held responsible for them.<\/i><\/b><\/p>\n<p>&nbsp;<\/p>\n","protected":false},"excerpt":{"rendered":"<p>Denumirea Optimizarea Monitoriz\u0103rii Angajabilit\u0103\u021bii Absolven\u021bilor \u00een Moldova Acronim UPGRADE Num\u0103r de referin\u021b\u0103 101129166 Perioada de implementare 01.11.2023-31.10.2026 Buget 106.247.00 Euro Parteneri Academia de Studii Economice din Moldova Universitatea de Stat din Moldova Universitatea de Stat Alecu Russo din B\u0103l\u021bi Universitatea de Stat B.P. Hasdeu din Cahul Universitatea de Stat din Comrat Ministerul Educa\u021biei, Culturii \u0219i&hellip; <br \/> <a class=\"read-more\" href=\"https:\/\/international.usm.md\/?page_id=1852\">Cite\u0219te mai mult<\/a><\/p>\n","protected":false},"author":1,"featured_media":0,"parent":0,"menu_order":0,"comment_status":"closed","ping_status":"closed","template":"","meta":{"footnotes":""},"rttpg_featured_image_url":null,"rttpg_author":{"display_name":"","author_link":"https:\/\/international.usm.md\/?author=1"},"rttpg_comment":0,"rttpg_category":null,"rttpg_excerpt":"Denumirea Optimizarea Monitoriz\u0103rii Angajabilit\u0103\u021bii Absolven\u021bilor \u00een Moldova Acronim UPGRADE Num\u0103r de referin\u021b\u0103 101129166 Perioada de implementare 01.11.2023-31.10.2026 Buget 106.247.00 Euro Parteneri Academia de Studii Economice din Moldova Universitatea de Stat din Moldova Universitatea de Stat Alecu Russo din B\u0103l\u021bi Universitatea de Stat B.P. Hasdeu din Cahul Universitatea de Stat din Comrat Ministerul Educa\u021biei, Culturii \u0219i&hellip;&hellip;","_links":{"self":[{"href":"https:\/\/international.usm.md\/index.php?rest_route=\/wp\/v2\/pages\/1852"}],"collection":[{"href":"https:\/\/international.usm.md\/index.php?rest_route=\/wp\/v2\/pages"}],"about":[{"href":"https:\/\/international.usm.md\/index.php?rest_route=\/wp\/v2\/types\/page"}],"author":[{"embeddable":true,"href":"https:\/\/international.usm.md\/index.php?rest_route=\/wp\/v2\/users\/1"}],"replies":[{"embeddable":true,"href":"https:\/\/international.usm.md\/index.php?rest_route=%2Fwp%2Fv2%2Fcomments&post=1852"}],"version-history":[{"count":3,"href":"https:\/\/international.usm.md\/index.php?rest_route=\/wp\/v2\/pages\/1852\/revisions"}],"predecessor-version":[{"id":2521,"href":"https:\/\/international.usm.md\/index.php?rest_route=\/wp\/v2\/pages\/1852\/revisions\/2521"}],"wp:attachment":[{"href":"https:\/\/international.usm.md\/index.php?rest_route=%2Fwp%2Fv2%2Fmedia&parent=1852"}],"curies":[{"name":"wp","href":"https:\/\/api.w.org\/{rel}","templated":true}]}}