{"id":1928,"date":"2024-11-11T16:38:17","date_gmt":"2024-11-11T13:38:17","guid":{"rendered":"https:\/\/international.usm.md\/?page_id=1928"},"modified":"2024-11-11T16:44:36","modified_gmt":"2024-11-11T13:44:36","slug":"anul-de-pregatire-2","status":"publish","type":"page","link":"https:\/\/international.usm.md\/?page_id=1928","title":{"rendered":"Anul De Preg\u0103tire"},"content":{"rendered":"<p style=\"font-weight: 400;\">Admiterea cet\u0103\u021benilor str\u0103ini la cursuri de pregatire pentru studierea limbii romane sau rusa se desfasoara in 2 reprize:<\/p>\n<p style=\"font-weight: 400;\">1) 1 mai-30 septembrie \u2013 Cursurile de pregatire \u00eencep pe 1 noiembrie<\/p>\n<p style=\"font-weight: 400;\">2) 1 octombrie-30 ianuarie \u2013 Cursurile de pregatire \u00eencep la 1 februarie.<\/p>\n<p style=\"font-weight: 400;\">To\u021bi candida\u021bii trebuie s\u0103 trimit\u0103 la adresa Oficiului Studen\u021bi Interna\u021bionali, e-mail: tatiana.racu@usm.md, dosarul de candidat \u00een copiile scanate color.<\/p>\n<p style=\"font-weight: 400;\">Dosarul de candidat trebuie s\u0103 con\u021bin\u0103 urm\u0103toarele documente ( \u0219i traduceri legalizate \u00a0\u00een limba \u00a0rom\u00e2n\u0103 sau \u00eentr-o limb\u0103 de circula\u021bie interna\u021bional\u0103):<\/p>\n<ol>\n<li style=\"font-weight: 400;\">a) Formularul de \u00eenscriere.<\/li>\n<li style=\"font-weight: 400;\">b) Copia de pe pa\u0219aport, valabil cel pu\u021bin un an de la data depunerii cererii. \u00cen cazul cet\u0103\u0163eniei duble copiile de pe ambele pa\u015fapoarte.<\/li>\n<li style=\"font-weight: 400;\">c) Copia \u0219i traducerea legalizat\u0103 de pe certificatul de c\u0103s\u0103torie, \u00een cazul \u00een care nu este \u00eentocmit \u00eentr-o limb\u0103 de circula\u021bie interna\u021bional\u0103.<\/li>\n<li style=\"font-weight: 400;\">d) Copia \u0219i traducerea legalizat\u0103 de pe diploma de bacalaureat sau licen\u021b\u0103 \u0219i de pe suplimentul la diploma sau echivalentele acestor acte, apostilat\u0103\/supralegalizat\u0103 \u00een conformitate cu prevederile legisla\u021biei \u00een vigoare a statului emitent \u015fi a Republicii Moldova \u015fi tradus\u0103 \u00een limba rom\u00e2n\u0103 sau \u00eentr-o limb\u0103 de circula\u021bie interna\u021bional\u0103 (pentru \u021b\u0103rile-membre ale Conven\u021biei de la Haga \u2013 apostila, pentru celelalte \u021b\u0103ri \u2013 parafa Ministerului de Externe al \u021b\u0103rii respective, ulterior cu supralegalizarea la Direc\u021bia General\u0103 Consular\u0103 din Republica Moldova).<\/li>\n<\/ol>\n<p style=\"font-weight: 400;\">Documentele men\u021bionate \u00een subpunctele b), c), d) ale prezentului punct vor fi traduse \u00een limba rom\u00e2n\u0103, sau englez\u0103,, autentificat notarial \u0219i legalizat \u00een modul stabilit de c\u0103tre organele de stat din \u021bara respectiv\u0103.<\/p>\n<ol>\n<li style=\"font-weight: 400;\">e) Declara\u021bia pe proprie r\u0103spundere privind veridicitatea actelor prezentate.<\/li>\n<li style=\"font-weight: 400;\">f) Ancheta studentului<\/li>\n<li style=\"font-weight: 400;\">g) Lista de acte semnat\u0103<\/li>\n<li style=\"font-weight: 400;\">h) 4 foto 3 x 4 cm \u0219i 4 foto 4 x 5 cm.<\/li>\n<\/ol>\n<p style=\"font-weight: 400;\">Copiile actelor se prezint\u0103 \u00een Oficiul Studen\u021bi Interna\u021bionali personal, prin intermediul persoanelor autorizate sau prin po\u0219ta electronic\u0103 (email: <a href=\"mailto:tatiana.racu@usm.md\"><u>tatiana.racu@usm.md<\/u><\/a>\u00a0).<\/p>\n<p style=\"font-weight: 400;\">Candidatul acceptat, la sosirea \u00een Moldova, pe l\u00e2ng\u0103 documentele men\u021bionate mai sus, trebuie s\u0103 prezinte \u0219i urm\u0103toarele documente:<\/p>\n<ol>\n<li style=\"font-weight: 400;\">i) Certificatul de cazier judiciar \/ autoriza\u021bia poli\u021biei apostilat (\u0103), emis (\u0103 ) cu Apostila de statul de re\u0219edin\u021b\u0103.<\/li>\n<\/ol>\n<p style=\"font-weight: 400;\">Important! Cazierul judiciar trebuie s\u0103 fie valabil timp de cel pu\u021bin 3 luni de la data intr\u0103rii pe teritoriul Republicii Moldova<\/p>\n<ol>\n<li style=\"font-weight: 400;\">j) Certificat de cont bancar privind disponibilitatea sumei necesare pentru taxa de \u0219colarizare, asigurare de s\u0103n\u0103tate, cazare \u0219i subzisten\u021b\u0103.<\/li>\n<\/ol>\n<p style=\"font-weight: 400;\">Documentele men\u021bionate \u00een punctele h) \u0219i g) vor fi traduse \u00een limba rom\u00e2n\u0103 sau englez\u0103, autentificat notarial \u0219i legalizat \u00een modul stabilit de c\u0103tre organele de stat din \u021bara respectiv\u0103.<\/p>\n<p style=\"font-weight: 400;\">Toate documentele vor fi traduse \u00een rom\u00e2n\u0103 sau englez\u0103.<\/p>\n<p style=\"font-weight: 400;\">Taxa de \u0219colarizare pentru cursul de pregatire pentru studierea limbii rom\u00e2n\u0103\/rus\u0103 este de 1000 de euro.<\/p>\n<p style=\"font-weight: 400;\">Taxa de admitere -100 euro sau 2000 lei <a href=\"http:\/\/mpay.gov.md\/Services\/Service\/USM01\"><u>mpay.gov.md\/Services\/Service\/USM01<\/u><\/a><\/p>\n<p style=\"font-weight: 400;\">Invitatie &#8211; 15 euro<\/p>\n<p style=\"font-weight: 400;\">Asigurare medicala \u2013 650 euro<\/p>\n<p style=\"font-weight: 400;\">Taxa c\u0103min universitar &#8211; aproximativ 60 de euro pe lun\u0103.<\/p>\n","protected":false},"excerpt":{"rendered":"<p>Admiterea cet\u0103\u021benilor str\u0103ini la cursuri de pregatire pentru studierea limbii romane sau rusa se desfasoara in 2 reprize: 1) 1 mai-30 septembrie \u2013 Cursurile de pregatire \u00eencep pe 1 noiembrie 2) 1 octombrie-30 ianuarie \u2013 Cursurile de pregatire \u00eencep la 1 februarie. To\u021bi candida\u021bii trebuie s\u0103 trimit\u0103 la adresa Oficiului Studen\u021bi Interna\u021bionali, e-mail: tatiana.racu@usm.md, dosarul&hellip; <br \/> <a class=\"read-more\" href=\"https:\/\/international.usm.md\/?page_id=1928\">Cite\u0219te mai mult<\/a><\/p>\n","protected":false},"author":1,"featured_media":0,"parent":0,"menu_order":0,"comment_status":"closed","ping_status":"closed","template":"","meta":{"footnotes":""},"rttpg_featured_image_url":null,"rttpg_author":{"display_name":"","author_link":"https:\/\/international.usm.md\/?author=1"},"rttpg_comment":0,"rttpg_category":null,"rttpg_excerpt":"Admiterea cet\u0103\u021benilor str\u0103ini la cursuri de pregatire pentru studierea limbii romane sau rusa se desfasoara in 2 reprize: 1) 1 mai-30 septembrie \u2013 Cursurile de pregatire \u00eencep pe 1 noiembrie 2) 1 octombrie-30 ianuarie \u2013 Cursurile de pregatire \u00eencep la 1 februarie. To\u021bi candida\u021bii trebuie s\u0103 trimit\u0103 la adresa Oficiului Studen\u021bi Interna\u021bionali, e-mail: tatiana.racu@usm.md, dosarul&hellip;&hellip;","_links":{"self":[{"href":"https:\/\/international.usm.md\/index.php?rest_route=\/wp\/v2\/pages\/1928"}],"collection":[{"href":"https:\/\/international.usm.md\/index.php?rest_route=\/wp\/v2\/pages"}],"about":[{"href":"https:\/\/international.usm.md\/index.php?rest_route=\/wp\/v2\/types\/page"}],"author":[{"embeddable":true,"href":"https:\/\/international.usm.md\/index.php?rest_route=\/wp\/v2\/users\/1"}],"replies":[{"embeddable":true,"href":"https:\/\/international.usm.md\/index.php?rest_route=%2Fwp%2Fv2%2Fcomments&post=1928"}],"version-history":[{"count":3,"href":"https:\/\/international.usm.md\/index.php?rest_route=\/wp\/v2\/pages\/1928\/revisions"}],"predecessor-version":[{"id":1944,"href":"https:\/\/international.usm.md\/index.php?rest_route=\/wp\/v2\/pages\/1928\/revisions\/1944"}],"wp:attachment":[{"href":"https:\/\/international.usm.md\/index.php?rest_route=%2Fwp%2Fv2%2Fmedia&parent=1928"}],"curies":[{"name":"wp","href":"https:\/\/api.w.org\/{rel}","templated":true}]}}