{"id":1973,"date":"2024-12-23T13:34:37","date_gmt":"2024-12-23T10:34:37","guid":{"rendered":"https:\/\/international.usm.md\/?page_id=1973"},"modified":"2025-05-12T15:36:43","modified_gmt":"2025-05-12T12:36:43","slug":"erasmus-programme-2021-2027-ka2","status":"publish","type":"page","link":"https:\/\/international.usm.md\/?page_id=1973","title":{"rendered":"PubCirEco"},"content":{"rendered":"<p>&nbsp;<\/p>\n<p><img fetchpriority=\"high\" decoding=\"async\" class=\"wp-image-2486 aligncenter\" src=\"http:\/\/international.usm.md\/wp-content\/uploads\/EN-Co-funded-by-the-EU_PANTONE-scaled.jpg\" alt=\"\" width=\"586\" height=\"123\" \/><\/p>\n<table>\n<tbody>\n<tr>\n<td><span style=\"font-weight: 400;\">Denumirea<\/span><\/td>\n<td><span style=\"font-weight: 400;\">Erasmus+ Programme 2021-2027 KA2 \u2013 Cooperare pentru inovare \u0219i schimb de bune practici Consolidarea capacita\u021bilor i\u0302n i\u0302nva\u0306\u021ba\u0306ma\u0302ntul superior<\/span><\/td>\n<\/tr>\n<tr>\n<td><span style=\"font-weight: 400;\">Acronim<\/span><\/td>\n<td><span style=\"font-weight: 400;\">PubCirEco<\/span><\/td>\n<\/tr>\n<tr>\n<td><span style=\"font-weight: 400;\">Num\u0103r de referin\u021b\u0103<\/span><\/td>\n<td><span style=\"font-weight: 400;\">101129166<\/span><\/td>\n<\/tr>\n<tr>\n<td><span style=\"font-weight: 400;\">Perioada de implementare<\/span><\/td>\n<td><span style=\"font-weight: 400;\">1 noiembrie 2024 \u2013 31 octombrie 2027<\/span><\/td>\n<\/tr>\n<tr>\n<td><span style=\"font-weight: 400;\">Buget<\/span><\/td>\n<td><\/td>\n<\/tr>\n<tr>\n<td><span style=\"font-weight: 400;\">Parteneri<\/span><\/td>\n<td><b>Parteneri din \u021b\u0103rile vecine estice:<\/b><\/p>\n<p><span style=\"font-weight: 400;\">\u2022 Universitatea Na\u021bional\u0103 Kyiv-Mohyla Academy, Ucraina (KhNUE)<\/span><\/p>\n<p><span style=\"font-weight: 400;\">\u2022 Universitatea Na\u021bional\u0103 Tehnic\u0103 a Ucrainei, Ucraina (NURE)<\/span><\/p>\n<p><span style=\"font-weight: 400;\">\u2022 Universitatea Na\u021bional\u0103 Economic\u0103 din Kiev, Ucraina (UU)<\/span><\/p>\n<p><span style=\"font-weight: 400;\">\u2022 Academia de Studii Economice din Moldova (ASEM)<\/span><\/p>\n<p><span style=\"font-weight: 400;\">\u2022 Universitatea de Stat din Moldova (USM)<\/span><\/p>\n<p><span style=\"font-weight: 400;\">\u2022 Universitatea Tehnic\u0103 a Moldovei (UTM)<\/span><\/p>\n<p><b>Parteneri din Uniunea European\u0103:<\/b><\/p>\n<p><span style=\"font-weight: 400;\">\u2022 Universitatea Mykolas Romeris (MRU) \u2013 Coordonatorul proiectului<\/span><\/p>\n<p><span style=\"font-weight: 400;\">\u2022 Universitatea de Tehnologie din Tallinn, Estonia (TTK)<\/span><\/p>\n<p><span style=\"font-weight: 400;\">\u2022 Universitatea de \u0218tiin\u021be Aplicate, Austria (CO2)<\/span><\/td>\n<\/tr>\n<tr>\n<td><span style=\"font-weight: 400;\">Descriere<\/span><\/td>\n<td><span style=\"font-weight: 400;\">Proiectul PubCirEco promoveaz\u0103 economia circular\u0103 prin modernizarea curriculei \u00een institu\u021biile de \u00eenv\u0103\u021b\u0103m\u00e2nt superior (IIS), form\u00e2nd profesioni\u0219ti capabili s\u0103 implementeze practici sustenabile \u00een administra\u021bia public\u0103. Ini\u021biativa sprijin\u0103 atenuarea schimb\u0103rilor climatice \u0219i aliniaz\u0103 educa\u021bia la priorit\u0103\u021bile European Green Deal, contribuind la interna\u021bionalizare \u0219i digitalizare \u00een Moldova \u0219i Ucraina.<\/span><\/td>\n<\/tr>\n<tr>\n<td><span style=\"font-weight: 400;\">Coordonator institu\u021bional<\/span><\/td>\n<td><span style=\"font-weight: 400;\">Echipa de proiect din cadrul USM: <\/span><span style=\"font-weight: 400;\"><br \/>\n<\/span><span style=\"font-weight: 400;\">\u2022Dr., conf. univ., Maria H\u0102MURARU \u2013 Decan Facultatea de \u0218tiin\u021be Economice, USM <\/span><span style=\"font-weight: 400;\"><br \/>\n<\/span><span style=\"font-weight: 400;\">\u2022Dr., conf. univ., Veronica BULAT \u2013 \u0218ef Departament Economie, Marketing \u0219i Turism, F\u0218E, USM <\/span><span style=\"font-weight: 400;\"><br \/>\n<\/span><span style=\"font-weight: 400;\">\u2022Dr., conf. univ., Adriana BUZDUGAN \u2013 Departamentul Economie, Marketing \u0219i Turism, F\u0218E, USM <\/span><span style=\"font-weight: 400;\"><br \/>\n<\/span><span style=\"font-weight: 400;\">\u2022Dr., conf. univ., Natalia ANTOCI \u2013 Departamentul Economie, Marketing \u0219i Turism, F\u0218E, USM<\/span><\/td>\n<\/tr>\n<tr>\n<td><span style=\"font-weight: 400;\">Contacte<\/span><\/td>\n<td><span style=\"font-weight: 400;\">Site, FB<\/span><\/td>\n<\/tr>\n<\/tbody>\n<\/table>\n<p><b><i>Funded by the European Union. Views and opinions expressed are however those of the author(s) only and do not necessarily reflect those of the European Union or EACEA. Neither the European Union nor the granting authority can be held responsible for them.<\/i><\/b><\/p>\n","protected":false},"excerpt":{"rendered":"<p>&nbsp; Denumirea Erasmus+ Programme 2021-2027 KA2 \u2013 Cooperare pentru inovare \u0219i schimb de bune practici Consolidarea capacita\u021bilor i\u0302n i\u0302nva\u0306\u021ba\u0306ma\u0302ntul superior Acronim PubCirEco Num\u0103r de referin\u021b\u0103 101129166 Perioada de implementare 1 noiembrie 2024 \u2013 31 octombrie 2027 Buget Parteneri Parteneri din \u021b\u0103rile vecine estice: \u2022 Universitatea Na\u021bional\u0103 Kyiv-Mohyla Academy, Ucraina (KhNUE) \u2022 Universitatea Na\u021bional\u0103 Tehnic\u0103 a&hellip; <br \/> <a class=\"read-more\" href=\"https:\/\/international.usm.md\/?page_id=1973\">Cite\u0219te mai mult<\/a><\/p>\n","protected":false},"author":1,"featured_media":0,"parent":0,"menu_order":0,"comment_status":"closed","ping_status":"closed","template":"","meta":{"footnotes":""},"rttpg_featured_image_url":null,"rttpg_author":{"display_name":"","author_link":"https:\/\/international.usm.md\/?author=1"},"rttpg_comment":0,"rttpg_category":null,"rttpg_excerpt":"&nbsp; Denumirea Erasmus+ Programme 2021-2027 KA2 \u2013 Cooperare pentru inovare \u0219i schimb de bune practici Consolidarea capacita\u021bilor i\u0302n i\u0302nva\u0306\u021ba\u0306ma\u0302ntul superior Acronim PubCirEco Num\u0103r de referin\u021b\u0103 101129166 Perioada de implementare 1 noiembrie 2024 \u2013 31 octombrie 2027 Buget Parteneri Parteneri din \u021b\u0103rile vecine estice: \u2022 Universitatea Na\u021bional\u0103 Kyiv-Mohyla Academy, Ucraina (KhNUE) \u2022 Universitatea Na\u021bional\u0103 Tehnic\u0103 a&hellip;&hellip;","_links":{"self":[{"href":"https:\/\/international.usm.md\/index.php?rest_route=\/wp\/v2\/pages\/1973"}],"collection":[{"href":"https:\/\/international.usm.md\/index.php?rest_route=\/wp\/v2\/pages"}],"about":[{"href":"https:\/\/international.usm.md\/index.php?rest_route=\/wp\/v2\/types\/page"}],"author":[{"embeddable":true,"href":"https:\/\/international.usm.md\/index.php?rest_route=\/wp\/v2\/users\/1"}],"replies":[{"embeddable":true,"href":"https:\/\/international.usm.md\/index.php?rest_route=%2Fwp%2Fv2%2Fcomments&post=1973"}],"version-history":[{"count":5,"href":"https:\/\/international.usm.md\/index.php?rest_route=\/wp\/v2\/pages\/1973\/revisions"}],"predecessor-version":[{"id":2522,"href":"https:\/\/international.usm.md\/index.php?rest_route=\/wp\/v2\/pages\/1973\/revisions\/2522"}],"wp:attachment":[{"href":"https:\/\/international.usm.md\/index.php?rest_route=%2Fwp%2Fv2%2Fmedia&parent=1973"}],"curies":[{"name":"wp","href":"https:\/\/api.w.org\/{rel}","templated":true}]}}