{"id":208,"date":"2020-01-11T11:14:56","date_gmt":"2020-01-11T08:14:56","guid":{"rendered":"http:\/\/international.usm.md\/?page_id=208"},"modified":"2024-05-27T09:35:43","modified_gmt":"2024-05-27T06:35:43","slug":"refine","status":"publish","type":"page","link":"https:\/\/international.usm.md\/?page_id=208","title":{"rendered":"REFINE"},"content":{"rendered":"<h4><img fetchpriority=\"high\" decoding=\"async\" class=\"alignnone wp-image-471\" src=\"http:\/\/international.usm.md\/wp-content\/uploads\/Co_funded.jpg\" alt=\"\" width=\"537\" height=\"110\" \/><img decoding=\"async\" class=\"alignnone wp-image-472\" src=\"http:\/\/international.usm.md\/wp-content\/uploads\/REFINE.jpg\" alt=\"\" width=\"101\" height=\"101\" \/><\/h4>\n<h4 style=\"text-align: justify;\"><a href=\"http:\/\/usm.md\/?page_id=17973\"><b>Reforming Master Programmes in Finance in Armenia and Moldova (REFINE)<\/b><\/a><\/h4>\n<ul style=\"text-align: justify;\">\n<li style=\"font-weight: 400;\"><span style=\"font-weight: 400;\">Despre proiect<\/span><\/li>\n<\/ul>\n<p style=\"text-align: justify;\"><span style=\"font-weight: 400;\">Nr. 585784-EPP-1- 2017-1-ATEPPKA2-CBHE-JP &#8211; <\/span><b>REFORMAREA PROGRAMELOR DE MASTER \u00ceN FINAN\u021aE \u00ceN ARMENIA \u0218I MOLDOVA (REFINE)<\/b><\/p>\n<p style=\"text-align: justify;\"><b>Perioada de derulare a proiectului: 36 months (2017-2020)<\/b><\/p>\n<p style=\"text-align: justify;\"><b>Bugetul proiectului: 615.507 \u20ac<\/b><\/p>\n<p style=\"text-align: justify;\"><b>Obiectivul general<\/b><span style=\"font-weight: 400;\"> al proiectului este de a \u00eembun\u0103t\u0103\u021bi prin reforme vizate calitatea \u0219i relevan\u021ba a \u0219ase programe existente de Master \u00een Finan\u021be \u00een Armenia \u0219i Moldova. DomeniulFinan\u021be a fost ales deoarece acesta este un factor crucial pentru dezvoltarea economic\u0103, iar absolven\u021bii califica\u021bi din acest domeniu sunt r\u00e2vni\u021bi deopotriv\u0103 de comunitatea de afaceri \u0219i de sectorul public. \u00cen acela\u0219i timp, cercet\u0103rile demonstreaz\u0103 necesitatea unor reforme \u00een ceea ce prive\u0219te con\u021binutul, metodologiile de predare \u0219i relevan\u021ba pe pia\u021b\u0103 a programelor de studii.<\/span><\/p>\n<p style=\"text-align: justify;\"><span style=\"font-weight: 400;\">\u00cen acest context, obiectivele specifice ale proiectului sunt:<\/span><\/p>\n<ol style=\"text-align: justify;\">\n<li style=\"font-weight: 400;\"><span style=\"font-weight: 400;\">Reformarea a \u0219ase curricule existente de master \u00een finan\u021be, \u021bin\u00e2nd cont de recenta evolu\u021bie interna\u021bional\u0103 \u00een domeniul respective.<\/span><\/li>\n<\/ol>\n<ol style=\"text-align: justify;\" start=\"2\">\n<li><span style=\"font-weight: 400;\"> Promovarea calit\u0103\u021bii \u0219i relevan\u021bei programelor de masterat prin dezvoltarea de materiale de curs actualizate \u0219i noi.<\/span><\/li>\n<li><span style=\"font-weight: 400;\"> Dezvoltarea \u00een continuare a competen\u021belor \u0219i abilit\u0103\u021bilor ale personalului didactic prin cursuri de formare \u00een metodologii inovatoare de predare \u0219i cu referire la subiecte actuale \u00een finan\u021be.<\/span><\/li>\n<li><span style=\"font-weight: 400;\"> Cre\u0219terea nivelului de aliniere ale programelor de masterat la cerin\u021bele pie\u021bei muncii.<\/span><\/li>\n<\/ol>\n<p style=\"text-align: justify;\"><span style=\"font-weight: 400;\">Pagina web oficial\u0103 a proiectului: <\/span><a href=\"http:\/\/www.reforming-finance.eu\/\"><span style=\"font-weight: 400;\">www.reforming-finance.eu<\/span><\/a><span style=\"font-weight: 400;\">\u00a0<\/span><\/p>\n<ul style=\"text-align: justify;\">\n<li style=\"font-weight: 400;\"><span style=\"font-weight: 400;\">Parteneri<\/span><\/li>\n<\/ul>\n<p style=\"text-align: justify;\"><b>Coordinator:<\/b><\/p>\n<ul style=\"text-align: justify;\">\n<li style=\"font-weight: 400;\"><a href=\"http:\/\/www.fh-vie.ac.at\/en\"><span style=\"font-weight: 400;\">Universitatea de \u0218tiin\u021be Aplicatve BFI Vienna (UAS-BFI)<\/span><\/a><span style=\"font-weight: 400;\">,\u00a0<\/span><b>Austria<\/b><\/li>\n<\/ul>\n<p style=\"text-align: justify;\"><span style=\"font-weight: 400;\">Mr. Johannes Wetzinger \u2013\u00a0<\/span><a href=\"mailto:johannes.wetzinger@fh-vie.ac.at\"><span style=\"font-weight: 400;\">johannes.wetzinger@fh-vie.ac.at<\/span><\/a><\/p>\n<p style=\"text-align: justify;\"><b>Parteneri UE<\/b><\/p>\n<ul style=\"text-align: justify;\">\n<li style=\"font-weight: 400;\"><a href=\"http:\/\/www.amsterdamuas.com\/\"><span style=\"font-weight: 400;\">Universitatea de \u0218tiin\u021beAplicative din Amsterdam (AUAS)<\/span><\/a><span style=\"font-weight: 400;\">,\u00a0<\/span><b>Olanda<\/b><\/li>\n<li style=\"font-weight: 400;\"><a href=\"http:\/\/www.tuke.sk\/wps\/portal\"><span style=\"font-weight: 400;\">UniversitateTehnic\u0103din Kosice (TUKE)<\/span><\/a><span style=\"font-weight: 400;\">,\u00a0<\/span><b>Slovacia<\/b><\/li>\n<li style=\"font-weight: 400;\"><a href=\"http:\/\/unice.fr\/en\"><span style=\"font-weight: 400;\">Universitatea Nice Sophia Antipolis (UNS)<\/span><\/a><span style=\"font-weight: 400;\">,\u00a0<\/span><b>Fran\u021ba\u00a0<\/b><\/li>\n<\/ul>\n<p style=\"text-align: justify;\"><b>Partneri non-UE<\/b><\/p>\n<ul style=\"text-align: justify;\">\n<li style=\"font-weight: 400;\"><a href=\"http:\/\/usm.md\/\"><span style=\"font-weight: 400;\">Universitatea de Stat din Moldova (USM)<\/span><\/a><span style=\"font-weight: 400;\">,\u00a0<\/span><b>Moldova<\/b><\/li>\n<li style=\"font-weight: 400;\"><a href=\"http:\/\/ase.md\/ro\/\"><span style=\"font-weight: 400;\">Academia de \u0218tiin\u021beEconomiceaMoldovei (AESM)<\/span><\/a><span style=\"font-weight: 400;\">,\u00a0<\/span><b>Moldova<\/b><\/li>\n<li style=\"font-weight: 400;\"><a href=\"http:\/\/kdu.md\/en\/\"><span style=\"font-weight: 400;\">Universitatea de Stat din Comrat (KDU)<\/span><\/a><span style=\"font-weight: 400;\">,\u00a0<\/span><b>Moldova<\/b><\/li>\n<li style=\"font-weight: 400;\"><a href=\"http:\/\/asue.am\/en\"><span style=\"font-weight: 400;\">UniversitateaEconomic\u0103 de Stat din Armenia (ASUE)<\/span><\/a><span style=\"font-weight: 400;\">,\u00a0<\/span><b>Armenia<\/b><\/li>\n<li style=\"font-weight: 400;\"><a href=\"http:\/\/international.rau.am\/eng\/\"><span style=\"font-weight: 400;\">UniversitateaRuss\u0103-Armean\u0103 (Slavonic\u0103) (RAU)<\/span><\/a><span style=\"font-weight: 400;\">,\u00a0<\/span><b>Armenia<\/b><\/li>\n<li style=\"font-weight: 400;\"><a href=\"http:\/\/gsu.am\/\"><span style=\"font-weight: 400;\">Universitatea de Stat din Gavar(GSU)<\/span><\/a><span style=\"font-weight: 400;\">,\u00a0<\/span><b>Armenia<\/b><\/li>\n<\/ul>\n<ul style=\"text-align: justify;\">\n<li style=\"font-weight: 400;\"><span style=\"font-weight: 400;\">Plan de lucru<\/span><\/li>\n<\/ul>\n<p style=\"text-align: justify;\"><span style=\"font-weight: 400;\">Proiectul REFINE este structurat \u00een nou\u0103 pachete de lucru (WP), iar activit\u0103\u021bile vor fi desf\u0103\u0219urate \u00een patru etape:<\/span><\/p>\n<p style=\"text-align: justify;\"><b><i>Etapa I: Elaborarea strategiilor individuale de reform\u0103<\/i><\/b><\/p>\n<ul style=\"text-align: justify;\">\n<li style=\"font-weight: 400;\"><span style=\"font-weight: 400;\">La prima etap\u0103 vor fi elaborate strategiile individuale de reform\u0103 pentru fiecare Program Master (MA) (WP1). Aceasta presupune chestionarea angajatorilor locali pentru identificarea competen\u021belor \u0219i abilit\u0103\u021bilor necesare absolven\u021bilor. Mai mult dec\u00e2t at\u00e2t, va fi revizuit\u0103 relevan\u021ba \u0219i se va actualiza curricula\/planul de \u00eenv\u0103\u021b\u0103m\u00e2nt, metodologiile didactice \/ abord\u0103rile pedagogice \u0219i con\u021binutul cursului. Pe baza acestor rezultate vor fi elaborate direc\u021biile specifice de modernizare a programelor de masterat<\/span><\/li>\n<\/ul>\n<p style=\"text-align: justify;\"><b><i>Etapa a II-a: Reforma curriculumului<\/i><\/b><\/p>\n<ul style=\"text-align: justify;\">\n<li style=\"font-weight: 400;\"><span style=\"font-weight: 400;\">\u00centr-o a doua etap\u0103, pe baza rezultatelor WP1 institu\u021biile de \u00eenv\u0103\u021b\u0103m\u00e2nt superior (I\u00ceS) din Armenia \u0219i Moldova vor reforma curricula programelor de masterat (MA) \u00een Finan\u021be. Aceasta va fi actualizat\u0103 \u00een conformitate cu cele mai recente evolu\u021bii interna\u021bionale din domeniul vizat \u0219i cu cerin\u021bele pie\u021bei muncii locale (WP2). \u00cen plus, vor fi revizuite finalit\u0103\u021bile de studiu \u0219i metodologiile de predare.<\/span><\/li>\n<\/ul>\n<p style=\"text-align: justify;\"><b><i>Etapa III: Reformarea con\u021binutului, metodologiei de predare \u0219i abord\u0103rilor pedagogice<\/i><\/b><\/p>\n<ul style=\"text-align: justify;\">\n<li style=\"font-weight: 400;\"><span style=\"font-weight: 400;\">\u00cen a treia faz\u0103, \u00een baza rezultatelor WP1 \u0219i WP2 va fi actualizat con\u021binutul cursurilor existente \u0219i vor fi elaborate cursuri noi (WP3). \u00cen plus, pe parcursul acestei faze, institu\u021biile de \u00eenv\u0103\u021b\u0103m\u00e2nt superior din UE vor desf\u0103\u0219ura dou\u0103 training-uri intensive de instruire pentru 48 de cadre didactice din Armenia \u0219i Moldova (WP4). Aceste training-uri se vor axa pe metodologiile de predare \/ abord\u0103rile pedagogice, precum \u0219i pe subiectele relevante \u00een domeniul Finan\u021belor.<\/span><\/li>\n<\/ul>\n<p style=\"text-align: justify;\"><b><i>Etapa IV: Implementarea programelor reformate<\/i><\/b><\/p>\n<ul style=\"text-align: justify;\">\n<li style=\"font-weight: 400;\"><span style=\"font-weight: 400;\">La etapa respectiv\u0103, membrii consor\u021biului din Armenia \u0219i Moldova vor demara implementarea programelor de masterat modernizate (WP5). Programele vor continua derularea \u0219i dup\u0103 terminarea oficial\u0103 a proiectului, precum \u0219i dup\u0103 primul val de absolven\u021bi, care \u00ee\u0219i vor termina studiile \u00een vara anului 2021. WP8 prevede elaborarea Strategiei de sustenabilitate a programului \u0219i \u00eencheierea Acordurilor de cooperare ulterioar\u0103.<\/span><\/li>\n<\/ul>\n<p style=\"text-align: justify;\"><b><i>Activit\u0103\u021bi complementare<\/i><\/b><\/p>\n<ul style=\"text-align: justify;\">\n<li style=\"font-weight: 400;\"><span style=\"font-weight: 400;\">Pentru asigurarea unui nivel \u00eenalt de calitate a rezultatelor proiectului, toate fazele sunt \u00eenso\u021bite de m\u0103suri de asigurare a calit\u0103\u021bii (de ex. Evalu\u0103ri externe realizate de c\u0103tre \u201cConsiliului consultativ interna\u021bional\u201d). \u00cen plus, pentru a asigura o implicare larg\u0103 ai stakeholder-ilor relevan\u021bi, toate fazele sunt \u00eenso\u021bite de activit\u0103\u021bi specifice de diseminare \u0219i valorificare a rezultatelor. Aceasta include, de exemplu, workshop-uri locale \u0219i dou\u0103 conferin\u021be finale de valorificare\/validare a rezultatelor proiectului (la Chi\u0219in\u0103u \u0219i Yerevan) (WP7). \u00cen cele din urm\u0103, toate fazele sunt legate \u00eentre ele prin Managementul \u0219i coordonarea proiectului (WP9) de c\u0103tre UAS-BFI \u0219i liderii WP.<\/span><\/li>\n<\/ul>\n<h5 style=\"text-align: justify;\"><b>Rezultate scontate<\/b><\/h5>\n<p style=\"text-align: justify;\"><b><i>WP1: Revizuirea programelor de masterat existente \u0219i Ghidurile de reform\u0103<\/i><\/b><\/p>\n<ul style=\"text-align: justify;\">\n<li style=\"list-style-type: none;\">\n<ol>\n<li style=\"font-weight: 400;\"><span style=\"font-weight: 400;\">Ghid pentru reforma programelor de masterat \u00een Armenia<\/span><\/li>\n<li style=\"font-weight: 400;\"><span style=\"font-weight: 400;\">Ghid pentru reforma programelor de masterat \u00een Moldova<\/span><\/li>\n<\/ol>\n<\/li>\n<\/ul>\n<p style=\"text-align: justify;\"><b><i>WP2: Reforma curricular\u0103 a programelor de masterat \u00een Armenia \u0219i Moldova<\/i><\/b><\/p>\n<ul style=\"text-align: justify;\">\n<li style=\"list-style-type: none;\">\n<ol>\n<li style=\"font-weight: 400;\"><span style=\"font-weight: 400;\">Compendiu al planului de \u00eenv\u0103\u021b\u0103m\u00e2nt\/curriculei reformate din Armenia<\/span><\/li>\n<li style=\"font-weight: 400;\"><span style=\"font-weight: 400;\">Compendiu al planului de \u00eenv\u0103\u021b\u0103m\u00e2nt \/curriculei reformate \u00een Moldova<\/span><\/li>\n<\/ol>\n<\/li>\n<\/ul>\n<p style=\"text-align: justify;\"><b><i>WP3: Dezvoltarea suporturilor de curs\/materialelor didactice pentru Programele de Masterat reformate<\/i><\/b><\/p>\n<ul style=\"text-align: justify;\">\n<li style=\"list-style-type: none;\">\n<ol>\n<li style=\"font-weight: 400;\"><span style=\"font-weight: 400;\">Primul set de cursuri actualizate \u0219i nou dezvoltate\/elaborate<\/span><\/li>\n<li style=\"font-weight: 400;\"><span style=\"font-weight: 400;\">Al doilea set de pachete de curs actualizate \u0219i nou dezvoltate\/elaborate<\/span><\/li>\n<\/ol>\n<\/li>\n<\/ul>\n<p style=\"text-align: justify;\"><b><i>WP4: Instruiri\/Training-uri pentru profesorii universitari din cadrul institu\u021biilor de \u00eenv\u0103\u021b\u0103m\u00e2nt superior din Armenia \u0219i Moldova<\/i><\/b><\/p>\n<ul style=\"text-align: justify;\">\n<li style=\"list-style-type: none;\">\n<ol>\n<li style=\"font-weight: 400;\"><span style=\"font-weight: 400;\">Primul curs de formare intensiv\u0103 \/training pentru profesorii universitari<\/span><\/li>\n<li style=\"font-weight: 400;\"><span style=\"font-weight: 400;\">Al doilea curs intensiv de formare\/training pentru profesorii universitari<\/span><\/li>\n<\/ol>\n<\/li>\n<\/ul>\n<p style=\"text-align: justify;\"><b><i>WP5: Implementarea programelor de masterat \u00een Finan\u021be reformate<\/i><\/b><\/p>\n<ul style=\"text-align: justify;\">\n<li style=\"list-style-type: none;\">\n<ol>\n<li style=\"font-weight: 400;\"><span style=\"font-weight: 400;\">Preg\u0103tirea pentru lansarea programelor reformate<\/span><\/li>\n<li style=\"font-weight: 400;\"><span style=\"font-weight: 400;\">Primul an de implementare al programelor de masterat reformate<\/span><\/li>\n<li style=\"font-weight: 400;\"><span style=\"font-weight: 400;\">Set de evenimente de orientare \u00een carier\u0103: \u201d Cum s\u0103 dezvol\u021bi o carier\u0103 de succes \u00een domeniul financiar \u2013 bancar din Republica Moldova \u0219i Armenia\u201d<\/span><\/li>\n<\/ol>\n<\/li>\n<\/ul>\n<p style=\"text-align: justify;\"><b><i>WP6: Asigurarea calit\u0103\u021bii<\/i><\/b><\/p>\n<ul style=\"text-align: justify;\">\n<li style=\"list-style-type: none;\">\n<ol>\n<li style=\"font-weight: 400;\"><span style=\"font-weight: 400;\">Manual de asigurare a calit\u0103\u021bii<\/span><\/li>\n<li style=\"font-weight: 400;\"><span style=\"font-weight: 400;\">Rapoartele de control al calit\u0103\u021bii ale Grupului de Asigurare a Calit\u0103\u021bii<\/span><\/li>\n<li style=\"font-weight: 400;\"><span style=\"font-weight: 400;\">Rapoartele de control al calit\u0103\u021bii ale Comitetului consultativ interna\u021bional<\/span><\/li>\n<\/ol>\n<\/li>\n<\/ul>\n<p style=\"text-align: justify;\"><b><i>WP7: Diseminarea \u0219i valorificarea\/validarea rezultatelor<\/i><\/b><\/p>\n<ul style=\"text-align: justify;\">\n<li style=\"list-style-type: none;\">\n<ol>\n<li style=\"font-weight: 400;\"><span style=\"font-weight: 400;\">Site-ul proiectului REFINE (<\/span><a href=\"http:\/\/www.reforming-finance.eu\/\"><span style=\"font-weight: 400;\">reforming-finance.eu<\/span><\/a><span style=\"font-weight: 400;\">)<\/span><\/li>\n<li style=\"font-weight: 400;\"><span style=\"font-weight: 400;\">Ateliere de diseminare\/workshop local\u0103 \u00een Armenia \u0219i Moldova<\/span><\/li>\n<li style=\"font-weight: 400;\"><span style=\"font-weight: 400;\">Sesiunea de prezentare pentru conferin\u021ba EAIE<\/span><\/li>\n<li style=\"font-weight: 400;\"><span style=\"font-weight: 400;\">Conferin\u021be finale de valorificare\/validare ale rezultatelor \u00een Armenia \u0219i Moldova<\/span><\/li>\n<\/ol>\n<\/li>\n<\/ul>\n<p style=\"text-align: justify;\"><b><i>WP8: Promovarea sustenabilit\u0103\u021bii<\/i><\/b><\/p>\n<ul style=\"text-align: justify;\">\n<li style=\"list-style-type: none;\">\n<ol>\n<li style=\"font-weight: 400;\"><span style=\"font-weight: 400;\">Strategia de sustenabilitate<\/span><\/li>\n<li style=\"font-weight: 400;\"><span style=\"font-weight: 400;\">Acorduri de cooperare ulterioar\u0103<\/span><\/li>\n<\/ol>\n<\/li>\n<\/ul>\n<p style=\"text-align: justify;\"><b><i>WP9: Managementul \u0219i coordonarea proiectului<\/i><\/b><\/p>\n<ul style=\"text-align: justify;\">\n<li><span style=\"font-weight: 400;\">Set de Acorduri de parteneriat<\/span><\/li>\n<li><span style=\"font-weight: 400;\">\u00centruniri anuale de coordonare a activit\u0103\u021bii<\/span><\/li>\n<li style=\"font-weight: 400;\"><span style=\"font-weight: 400;\"><a href=\"https:\/\/www.reforming-finance.eu\/index.php\/project-results\/\">Activit\u0103\u021bi<\/a>\u00a0<\/span><\/li>\n<li style=\"font-weight: 400;\"><span style=\"font-weight: 400;\">Contacte<\/span><\/li>\n<\/ul>\n<p style=\"text-align: justify;\"><span style=\"font-weight: 400;\">Coordonator institu\u021bional: prof., dr. hab. Galina Ulian\u00a0<\/span><\/p>\n<p style=\"text-align: justify;\"><span style=\"font-weight: 400;\">e-mail: <\/span><a href=\"mailto:fse.usm@gmail.com\"><span style=\"font-weight: 400;\">fse.usm@gmail.com<\/span><\/a><span style=\"font-weight: 400;\">\u00a0<\/span><\/p>\n","protected":false},"excerpt":{"rendered":"<p>Reforming Master Programmes in Finance in Armenia and Moldova (REFINE) Despre proiect Nr. 585784-EPP-1- 2017-1-ATEPPKA2-CBHE-JP &#8211; REFORMAREA PROGRAMELOR DE MASTER \u00ceN FINAN\u021aE \u00ceN ARMENIA \u0218I MOLDOVA (REFINE) Perioada de derulare a proiectului: 36 months (2017-2020) Bugetul proiectului: 615.507 \u20ac Obiectivul general al proiectului este de a \u00eembun\u0103t\u0103\u021bi prin reforme vizate calitatea \u0219i relevan\u021ba a \u0219ase&hellip; <br \/> <a class=\"read-more\" href=\"https:\/\/international.usm.md\/?page_id=208\">Cite\u0219te mai mult<\/a><\/p>\n","protected":false},"author":1,"featured_media":0,"parent":0,"menu_order":0,"comment_status":"closed","ping_status":"closed","template":"","meta":{"footnotes":""},"rttpg_featured_image_url":null,"rttpg_author":{"display_name":"","author_link":"https:\/\/international.usm.md\/?author=1"},"rttpg_comment":0,"rttpg_category":null,"rttpg_excerpt":"Reforming Master Programmes in Finance in Armenia and Moldova (REFINE) Despre proiect Nr. 585784-EPP-1- 2017-1-ATEPPKA2-CBHE-JP &#8211; REFORMAREA PROGRAMELOR DE MASTER \u00ceN FINAN\u021aE \u00ceN ARMENIA \u0218I MOLDOVA (REFINE) Perioada de derulare a proiectului: 36 months (2017-2020) Bugetul proiectului: 615.507 \u20ac Obiectivul general al proiectului este de a \u00eembun\u0103t\u0103\u021bi prin reforme vizate calitatea \u0219i relevan\u021ba a \u0219ase&hellip;&hellip;","_links":{"self":[{"href":"https:\/\/international.usm.md\/index.php?rest_route=\/wp\/v2\/pages\/208"}],"collection":[{"href":"https:\/\/international.usm.md\/index.php?rest_route=\/wp\/v2\/pages"}],"about":[{"href":"https:\/\/international.usm.md\/index.php?rest_route=\/wp\/v2\/types\/page"}],"author":[{"embeddable":true,"href":"https:\/\/international.usm.md\/index.php?rest_route=\/wp\/v2\/users\/1"}],"replies":[{"embeddable":true,"href":"https:\/\/international.usm.md\/index.php?rest_route=%2Fwp%2Fv2%2Fcomments&post=208"}],"version-history":[{"count":2,"href":"https:\/\/international.usm.md\/index.php?rest_route=\/wp\/v2\/pages\/208\/revisions"}],"predecessor-version":[{"id":473,"href":"https:\/\/international.usm.md\/index.php?rest_route=\/wp\/v2\/pages\/208\/revisions\/473"}],"wp:attachment":[{"href":"https:\/\/international.usm.md\/index.php?rest_route=%2Fwp%2Fv2%2Fmedia&parent=208"}],"curies":[{"name":"wp","href":"https:\/\/api.w.org\/{rel}","templated":true}]}}