{"id":215,"date":"2020-01-11T11:21:12","date_gmt":"2020-01-11T08:21:12","guid":{"rendered":"http:\/\/international.usm.md\/?page_id=215"},"modified":"2020-07-07T14:34:20","modified_gmt":"2020-07-07T11:34:20","slug":"mhelm","status":"publish","type":"page","link":"https:\/\/international.usm.md\/?page_id=215","title":{"rendered":"MHELM"},"content":{"rendered":"<h4 style=\"text-align: justify;\"><b>Moldova Higer Education Leadership and Management (MHELM)<\/b><\/h4>\n<ul style=\"text-align: justify;\">\n<li style=\"font-weight: 400;\"><span style=\"font-weight: 400;\">Despre proiect<\/span><\/li>\n<\/ul>\n<p style=\"text-align: justify;\"><span style=\"font-weight: 400;\">Nr. 609656-EPP-1-2019-1-MD-EPPKA2-CBHE-SP &#8211; Moldova Higher Education Leadership and Management \/ MHELM<\/span><\/p>\n<p style=\"text-align: justify;\"><b>Perioada de derulare a proiectului:<\/b><span style=\"font-weight: 400;\"> 15\/11\/2019 \u2013 14\/11\/2022<\/span><\/p>\n<p style=\"text-align: justify;\"><b>Bugetul proiectului:<\/b><span style=\"font-weight: 400;\"> 844,453,00 <\/span><b>\u20ac<\/b><\/p>\n<p style=\"text-align: justify;\"><b>Obiectiv general.<\/b><span style=\"font-weight: 400;\"> Consolidarea guvernan\u021bei, a planific\u0103rii strategice \u0219i a managementului \u00een universit\u0103\u021bile din Moldova, pentru a sprijini reforma sectorului prin cre\u0219terea abilit\u0103\u021bilor \u0219i competen\u021belor de leadership \u0219i management.<\/span><\/p>\n<p style=\"text-align: justify;\"><b>Obiective specific:<\/b><\/p>\n<ol style=\"text-align: justify;\">\n<li style=\"font-weight: 400;\"><span style=\"font-weight: 400;\">Analiza bunelor practici din universit\u0103\u021bile partenere din UE \u00een ceea ce prive\u0219te proiectarea \u0219i livrarea dezvolt\u0103rii se pot aplica programe pentru cre\u0219terea capacit\u0103\u021bii de conducere \u0219i de gestionare a universit\u0103\u021bilor din Moldova;<\/span><\/li>\n<li style=\"font-weight: 400;\"><span style=\"font-weight: 400;\">Crearea unui program de conducere \u0219i dezvoltare a managementului \u00eenv\u0103\u021b\u0103m\u00e2ntului superior axat pe guvernare, planificarea \u0219i managementul strategic, care este adecvat pentru livrare \u00een universit\u0103\u021bile din Moldova;<\/span><\/li>\n<li style=\"font-weight: 400;\"><span style=\"font-weight: 400;\">Instrui\u021bi personalul universit\u0103\u021bilor moldovene\u0219ti \u00een realizarea leadershipului \u0219i dezvolt\u0103rii managementului program<\/span><\/li>\n<li style=\"font-weight: 400;\"><span style=\"font-weight: 400;\">Crearea unei infrastructuri care s\u0103 sprijine \u0219i s\u0103 sus\u021bin\u0103 programul de dezvoltare a conducerii \u0219i managementului;<\/span><\/li>\n<li style=\"font-weight: 400;\"><span style=\"font-weight: 400;\">Piloteaz\u0103 \u0219i apoi implementeaz\u0103 noul program de dezvoltare \u0219i conducere \u00een Republica Moldova universit\u0103\u021bi;<\/span><\/li>\n<li style=\"font-weight: 400;\"><span style=\"font-weight: 400;\">Difuza\u021bi noul program \u0219i constat\u0103rile, dup\u0103 punerea sa \u00een aplicare, pentru \u00eenv\u0103\u021b\u0103m\u00e2ntul superior Universit\u0103\u021bile din Moldova, UE \u0219i interna\u021bional.<\/span><\/li>\n<\/ol>\n<ul style=\"text-align: justify;\">\n<li style=\"font-weight: 400;\"><span style=\"font-weight: 400;\">Parteneri<\/span><\/li>\n<\/ul>\n<p style=\"text-align: justify;\"><b>Coordonator:<\/b><span style=\"font-weight: 400;\"> Universitatea Tehnic\u0103 a Moldovei<\/span><\/p>\n<p style=\"text-align: justify;\"><b>Parteneri din RM:<\/b><\/p>\n<ul style=\"text-align: justify;\">\n<li style=\"font-weight: 400;\"><span style=\"font-weight: 400;\">Universitatea de Stat din Moldova,<\/span><\/li>\n<li style=\"font-weight: 400;\"><span style=\"font-weight: 400;\">Universitatea de Stat \u201cAlecu Russo\u201d din B\u0103l\u021bi,<\/span><\/li>\n<li style=\"font-weight: 400;\"><span style=\"font-weight: 400;\">Academia de Studii Economice,<\/span><\/li>\n<li style=\"font-weight: 400;\"><span style=\"font-weight: 400;\">Universitatea Agrar\u0103 de Stat Moldova,<\/span><\/li>\n<li style=\"font-weight: 400;\"><span style=\"font-weight: 400;\">Universitatea de Stat \u201cBogdan Petriceicu Ha\u0219deu\u201d din Cahul<\/span><\/li>\n<li style=\"font-weight: 400;\"><span style=\"font-weight: 400;\">Universitatea de Stat de Medicin\u0103 \u0219i Farmacie \u201cNicolae Testemi\u021banu\u201d<\/span><\/li>\n<li style=\"font-weight: 400;\"><span style=\"font-weight: 400;\">MinisterulEduca\u021biei,Culturii\u0219iCercet\u0103riialR.Moldova<\/span><\/li>\n<\/ul>\n<p style=\"text-align: justify;\"><b>Parteneri UE<\/b><\/p>\n<ul style=\"text-align: justify;\">\n<li style=\"font-weight: 400;\"><span style=\"font-weight: 400;\">Gloucester University, Marea Britanie<\/span><\/li>\n<li style=\"font-weight: 400;\"><span style=\"font-weight: 400;\">ISOB Institut f\u00fcr sozialwissenschaftliche Beratung GmbH, Germania<\/span><\/li>\n<li style=\"font-weight: 400;\"><span style=\"font-weight: 400;\">Universitatea Transilvania din Bra\u0219ov, Rom\u00e2nia<\/span><\/li>\n<\/ul>\n<ul style=\"text-align: justify;\">\n<li style=\"font-weight: 400;\"><span style=\"font-weight: 400;\">Plan de lucru<\/span><\/li>\n<\/ul>\n<p style=\"text-align: justify;\"><b><i>PL1. Preg\u0103tirea. Asigurarea lans\u0103rii eficiente a proiectului MHELM.<\/i><\/b><\/p>\n<p style=\"text-align: justify;\"><span style=\"font-weight: 400;\">Preg\u0103tirea sistemului \u0219i a structurilor corespunz\u0103toare pentru gestionarea proiectului. Institurea structurilor de management, consultan\u021b\u0103 \u0219i evaluator extern.<\/span><\/p>\n<p style=\"text-align: justify;\"><b><i>Rezultate scontate<\/i><\/b><\/p>\n<p style=\"text-align: justify;\"><span style=\"font-weight: 400;\">Plan de management ale proiectului. \u0218edin\u021ba de lansare a proiectului. Sistemul \u0219i structurile de management a proiectului.<\/span><\/p>\n<p style=\"text-align: justify;\"><b><i>PL 2.1 Dezvoltarea noului Program de Dezvoltare pentru Leadership \u0219i Management (PDLM). Echiparea Laboratoarelor de Dezvoltare pentru Leadership.<\/i><\/b><\/p>\n<ul style=\"text-align: justify;\">\n<li><span style=\"font-weight: 400;\">Vizite de studiu la partenerii din UE. Analiza bunelor practici ale partenerilor din UE.<\/span><\/li>\n<li><span style=\"font-weight: 400;\">Elaborarea structurii \u0219i materialelor de instruire pentru training-urile de formare a personalului \u0219i a noului PDLM.<\/span><\/li>\n<li><span style=\"font-weight: 400;\">Aprobarea programului elaborat de c\u0103tre CDSI \u0219i Sentele universitare;<\/span><\/li>\n<li><span style=\"font-weight: 400;\">Licita\u021bie, procurare \u0219i instalare de echipamente pentru laboratoarele de dezvoltare a leadershipului.<\/span><\/li>\n<\/ul>\n<p style=\"text-align: justify;\"><b><i>Rezultate scontate<\/i><\/b><\/p>\n<p style=\"text-align: justify;\"><span style=\"font-weight: 400;\">Materiale didactice pentru training si Curriculum pentru PDLM. Documentarea noului LMDP. Laboratoare de dezvoltare a leadershipului.<\/span><\/p>\n<p style=\"text-align: justify;\"><b><i>PL 2.2. Pilotarea noului Program de Dezvoltare \u00een Leadership \u0219i Management<\/i><\/b><\/p>\n<ul style=\"text-align: justify;\">\n<li><span style=\"font-weight: 400;\">Instruirea cadrelor academice privind utilizarea echipamentelor \u0219i laboratoarele de dezvoltare a leadershipului;<\/span><\/li>\n<li><span style=\"font-weight: 400;\">Pilotarea atelierului de instruire pentru formatori &#8211; cadre academice din universit\u0103\u021bile din RM;<\/span><\/li>\n<li><span style=\"font-weight: 400;\">Revizuirea materialelor didactice \u00een baza evalu\u0103rii atelierului pilot de instruire a cadrelor academice;<\/span><\/li>\n<li><i><span style=\"font-weight: 400;\">Pilotarea \u0219i evaluarea programului de dezvoltare pentru leadership \u0219i management<\/span><span style=\"font-weight: 400;\">;<\/span><\/i><\/li>\n<li><span style=\"font-weight: 400;\">Revizuirea materialelor didactice ale programului-pilot \u00een baza evalu\u0103rii.<\/span><\/li>\n<\/ul>\n<p style=\"text-align: justify;\"><b><i>Rezultate scontate<\/i><\/b><\/p>\n<p style=\"text-align: justify;\"><span style=\"font-weight: 400;\">Ateliere de instruire a formatorilor pilotate \u0219i evaluate; noului Program de Dezvoltare \u00een Conducere \u0219i Management pilotat \u0219i evaluat; Atelier de revizuire a pilot\u0103rii.<\/span><\/p>\n<p style=\"text-align: justify;\"><b><i>WP 2 3 Implementarea noului Program de Dezvoltare de Conducere \u0219i Management<\/i><\/b><\/p>\n<ul style=\"text-align: justify;\">\n<li><span style=\"font-weight: 400;\">Implementarea programului de dezvoltare pentru leadership \u0219i dezvoltare a managementului la fiecare universitate partener\u0103 din Moldova;<\/span><\/li>\n<li><span style=\"font-weight: 400;\">Mentoratul din partea partenerilor din UE a formatorilor \u00een cadrul atelierelor de formare a cadetrelor academice \u0219i \u00een timpul implement\u0103rii a noului program DLM;<\/span><i><span style=\"font-weight: 400;\">Evaluarea, perfec\u021bionarea materialelor utilizate \u00een cadrul training-urilor cadrelor academice pentru a fi diseminate<\/span><span style=\"font-weight: 400;\">.<\/span><\/i><\/li>\n<\/ul>\n<p style=\"text-align: justify;\"><b><i>Rezultate scontate<\/i><\/b><\/p>\n<p style=\"text-align: justify;\"><span style=\"font-weight: 400;\">Trainig-urile pentru cadrele academice implementate; Noul Program de dezvoltare pentru leadership \u0219i management implementat. Materialele didactice \u0219i de support pentru revizuite pentru diseminare.<\/span><\/p>\n<p style=\"text-align: justify;\"><b><i>PL 3. Controlul calit\u0103\u021bii \u0219i monitorizare<\/i><\/b><\/p>\n<p style=\"text-align: justify;\"><span style=\"font-weight: 400;\">Raportarea trimestrial\u0103 a progresului \u00een implementarea proiectului. Feedbackdin partea liderului de PL. Evaluator extern. Grup consultativ.<\/span><\/p>\n<p style=\"text-align: justify;\"><b><i>PL 4. Diseminare<\/i><\/b><\/p>\n<ul style=\"text-align: justify;\">\n<li style=\"font-weight: 400;\"><span style=\"font-weight: 400;\">Activit\u0103\u021bi<\/span><\/li>\n<li style=\"font-weight: 400;\"><span style=\"font-weight: 400;\">Diseminare<\/span><\/li>\n<\/ul>\n<p style=\"text-align: justify;\">\n","protected":false},"excerpt":{"rendered":"<p>Moldova Higer Education Leadership and Management (MHELM) Despre proiect Nr. 609656-EPP-1-2019-1-MD-EPPKA2-CBHE-SP &#8211; Moldova Higher Education Leadership and Management \/ MHELM Perioada de derulare a proiectului: 15\/11\/2019 \u2013 14\/11\/2022 Bugetul proiectului: 844,453,00 \u20ac Obiectiv general. Consolidarea guvernan\u021bei, a planific\u0103rii strategice \u0219i a managementului \u00een universit\u0103\u021bile din Moldova, pentru a sprijini reforma sectorului prin cre\u0219terea abilit\u0103\u021bilor \u0219i&hellip; <br \/> <a class=\"read-more\" href=\"https:\/\/international.usm.md\/?page_id=215\">Cite\u0219te mai mult<\/a><\/p>\n","protected":false},"author":1,"featured_media":0,"parent":0,"menu_order":0,"comment_status":"closed","ping_status":"closed","template":"","meta":{"footnotes":""},"rttpg_featured_image_url":null,"rttpg_author":{"display_name":"","author_link":"https:\/\/international.usm.md\/?author=1"},"rttpg_comment":0,"rttpg_category":null,"rttpg_excerpt":"Moldova Higer Education Leadership and Management (MHELM) Despre proiect Nr. 609656-EPP-1-2019-1-MD-EPPKA2-CBHE-SP &#8211; Moldova Higher Education Leadership and Management \/ MHELM Perioada de derulare a proiectului: 15\/11\/2019 \u2013 14\/11\/2022 Bugetul proiectului: 844,453,00 \u20ac Obiectiv general. Consolidarea guvernan\u021bei, a planific\u0103rii strategice \u0219i a managementului \u00een universit\u0103\u021bile din Moldova, pentru a sprijini reforma sectorului prin cre\u0219terea abilit\u0103\u021bilor \u0219i&hellip;&hellip;","_links":{"self":[{"href":"https:\/\/international.usm.md\/index.php?rest_route=\/wp\/v2\/pages\/215"}],"collection":[{"href":"https:\/\/international.usm.md\/index.php?rest_route=\/wp\/v2\/pages"}],"about":[{"href":"https:\/\/international.usm.md\/index.php?rest_route=\/wp\/v2\/types\/page"}],"author":[{"embeddable":true,"href":"https:\/\/international.usm.md\/index.php?rest_route=\/wp\/v2\/users\/1"}],"replies":[{"embeddable":true,"href":"https:\/\/international.usm.md\/index.php?rest_route=%2Fwp%2Fv2%2Fcomments&post=215"}],"version-history":[{"count":3,"href":"https:\/\/international.usm.md\/index.php?rest_route=\/wp\/v2\/pages\/215\/revisions"}],"predecessor-version":[{"id":588,"href":"https:\/\/international.usm.md\/index.php?rest_route=\/wp\/v2\/pages\/215\/revisions\/588"}],"wp:attachment":[{"href":"https:\/\/international.usm.md\/index.php?rest_route=%2Fwp%2Fv2%2Fmedia&parent=215"}],"curies":[{"name":"wp","href":"https:\/\/api.w.org\/{rel}","templated":true}]}}