{"id":2545,"date":"2025-05-27T12:57:12","date_gmt":"2025-05-27T09:57:12","guid":{"rendered":"https:\/\/international.usm.md\/?page_id=2545"},"modified":"2025-05-27T12:57:12","modified_gmt":"2025-05-27T09:57:12","slug":"digiskills","status":"publish","type":"page","link":"https:\/\/international.usm.md\/?page_id=2545","title":{"rendered":"DIGISKILLS"},"content":{"rendered":"<p><strong><img decoding=\"async\" class=\"wp-image-654 alignleft\" src=\"http:\/\/international.usm.md\/wp-content\/uploads\/EU_logo.jpg\" alt=\"\" width=\"380\" height=\"78\" \/><\/strong><\/p>\n<p>&nbsp;<\/p>\n<p>&nbsp;<\/p>\n<p>&nbsp;<\/p>\n<table>\n<tbody>\n<tr>\n<td>Denumirea<\/td>\n<td>Strengthening digital skills in the water sector higher education<\/td>\n<\/tr>\n<tr>\n<td>Acronim<\/td>\n<td>DIGISKILLS<\/td>\n<\/tr>\n<tr>\n<td><\/td>\n<td><img decoding=\"async\" class=\"wp-image-7974 alignleft\" src=\"http:\/\/cercetare.usm.md\/wp-content\/uploads\/Screenshot-2025-05-27-at-12.55.03.png\" alt=\"\" width=\"153\" height=\"151\" \/><\/td>\n<\/tr>\n<tr>\n<td>Num\u0103r de referin\u021b\u0103<\/td>\n<td>101178708<\/td>\n<\/tr>\n<tr>\n<td>Perioada de implementare<\/td>\n<td>36 luni\u00a0 (2025-2027)<\/td>\n<\/tr>\n<tr>\n<td>Buget<\/td>\n<td>88 099.07 euro<\/td>\n<\/tr>\n<tr>\n<td>Parteneri<\/td>\n<td>NORGES MILJO-OG BIOVITENSKAPLIGE UNIVERSITET<\/p>\n<p>UNIVERZITET U NISU<\/p>\n<p>UNIVERSITATEA DUN\u0102REA DE JOS DIN GALA\u021aI<\/p>\n<p>UNIVERSITATEA TEHNIC\u0102 A MOLDOVEI<\/p>\n<p>UNIVERSITATEA DE STAT DIN MOLDOVA<\/p>\n<p>UNIVERSITATEA NA\u021aIONAL\u0102 DE INGINERIE A APELOR \u0218I MEDIULUI<\/p>\n<p>UNIVERSITATEA DE STAT DE \u0218TIIN\u021a\u0102 \u0218I TEHNOLOGIE A UCRAINEI<\/p>\n<p>UNIVERSITATEA TEHNIC\u0102 NA\u021aIONAL\u0102 A UCRAINEI \u2013 INSTITUTUL POLITEHNIC KYIV IGOR SIKORSKY<\/p>\n<p>UNIVERSITATEA NA\u021aIONAL\u0102 POLITEHNIC\u0102 DIN LVIV<\/td>\n<\/tr>\n<tr>\n<td>Descriere<\/td>\n<td>Proiectul DIGISKILLS \u00ee\u0219i propune s\u0103 \u00eemp\u0103rt\u0103\u0219easc\u0103 bunele practici \u0219i lec\u021biile \u00eenv\u0103\u021bate din ini\u021biativele europene privind transformarea digital\u0103 a sectorului apei \u0219i a \u00eenv\u0103\u021b\u0103m\u00e2ntului superior cu \u021b\u0103rile vecine, Moldova \u0219i Ucraina. Proiectul sus\u021bine competitivitatea sectorului pan-european al apei \u0219i reorienteaz\u0103 accentul educa\u021bional c\u0103tre dezvoltarea competen\u021belor digitale necesare pe pia\u021ba muncii.<\/p>\n<p>Proiectul va forma cadrele didactice \u00een utilizarea solu\u021biilor digitale \u00een cadrul cursurilor \u0219i va furniza echipamente moderne \u0219i software necesare pentru transformarea digital\u0103. Obiectivul este \u00eembun\u0103t\u0103\u021birea calit\u0103\u021bii educa\u021biei \u00een domeniul apei \u00een Moldova \u0219i Ucraina, prin dezvoltarea competen\u021belor digitale \u0219i transferul de tehnologii inovatoare \u0219i bune practici din statele membre ale UE.<\/p>\n<p>Proiectul va transfera cuno\u0219tin\u021be din proiecte Erasmus+ de succes \u0219i va promova transformarea digital\u0103 a educa\u021biei \u00een domeniul apei \u00een regiune, prin implementarea de metode inovatoare de predare, ateliere digitale \u0219i module eLearning. Proiectul va contribui la cre\u0219terea calit\u0103\u021bii pred\u0103rii, modernizarea sistemelor educa\u021bionale \u0219i sprijinirea studen\u021bilor \u00een dob\u00e2ndirea unor competen\u021be mai bune.<\/td>\n<\/tr>\n<tr>\n<td>Coordonator institu\u021bional<\/td>\n<td>Viorica Gladchi<\/td>\n<\/tr>\n<tr>\n<td>Contacte<\/td>\n<td>Site, FB<\/td>\n<\/tr>\n<\/tbody>\n<\/table>\n","protected":false},"excerpt":{"rendered":"<p>&nbsp; &nbsp; &nbsp; Denumirea Strengthening digital skills in the water sector higher education Acronim DIGISKILLS Num\u0103r de referin\u021b\u0103 101178708 Perioada de implementare 36 luni\u00a0 (2025-2027) Buget 88 099.07 euro Parteneri NORGES MILJO-OG BIOVITENSKAPLIGE UNIVERSITET UNIVERZITET U NISU UNIVERSITATEA DUN\u0102REA DE JOS DIN GALA\u021aI UNIVERSITATEA TEHNIC\u0102 A MOLDOVEI UNIVERSITATEA DE STAT DIN MOLDOVA UNIVERSITATEA NA\u021aIONAL\u0102 DE&hellip; <br \/> <a class=\"read-more\" href=\"https:\/\/international.usm.md\/?page_id=2545\">Cite\u0219te mai mult<\/a><\/p>\n","protected":false},"author":1,"featured_media":0,"parent":0,"menu_order":0,"comment_status":"closed","ping_status":"closed","template":"","meta":{"footnotes":""},"rttpg_featured_image_url":null,"rttpg_author":{"display_name":"","author_link":"https:\/\/international.usm.md\/?author=1"},"rttpg_comment":0,"rttpg_category":null,"rttpg_excerpt":"&nbsp; &nbsp; &nbsp; Denumirea Strengthening digital skills in the water sector higher education Acronim DIGISKILLS Num\u0103r de referin\u021b\u0103 101178708 Perioada de implementare 36 luni\u00a0 (2025-2027) Buget 88 099.07 euro Parteneri NORGES MILJO-OG BIOVITENSKAPLIGE UNIVERSITET UNIVERZITET U NISU UNIVERSITATEA DUN\u0102REA DE JOS DIN GALA\u021aI UNIVERSITATEA TEHNIC\u0102 A MOLDOVEI UNIVERSITATEA DE STAT DIN MOLDOVA UNIVERSITATEA NA\u021aIONAL\u0102 DE&hellip;&hellip;","_links":{"self":[{"href":"https:\/\/international.usm.md\/index.php?rest_route=\/wp\/v2\/pages\/2545"}],"collection":[{"href":"https:\/\/international.usm.md\/index.php?rest_route=\/wp\/v2\/pages"}],"about":[{"href":"https:\/\/international.usm.md\/index.php?rest_route=\/wp\/v2\/types\/page"}],"author":[{"embeddable":true,"href":"https:\/\/international.usm.md\/index.php?rest_route=\/wp\/v2\/users\/1"}],"replies":[{"embeddable":true,"href":"https:\/\/international.usm.md\/index.php?rest_route=%2Fwp%2Fv2%2Fcomments&post=2545"}],"version-history":[{"count":1,"href":"https:\/\/international.usm.md\/index.php?rest_route=\/wp\/v2\/pages\/2545\/revisions"}],"predecessor-version":[{"id":2546,"href":"https:\/\/international.usm.md\/index.php?rest_route=\/wp\/v2\/pages\/2545\/revisions\/2546"}],"wp:attachment":[{"href":"https:\/\/international.usm.md\/index.php?rest_route=%2Fwp%2Fv2%2Fmedia&parent=2545"}],"curies":[{"name":"wp","href":"https:\/\/api.w.org\/{rel}","templated":true}]}}