{"id":2626,"date":"2025-09-22T16:03:02","date_gmt":"2025-09-22T13:03:02","guid":{"rendered":"https:\/\/international.usm.md\/?page_id=2626"},"modified":"2025-09-22T16:06:01","modified_gmt":"2025-09-22T13:06:01","slug":"ecofishfarm","status":"publish","type":"page","link":"https:\/\/international.usm.md\/?page_id=2626","title":{"rendered":"EcoFishFarm"},"content":{"rendered":"<table>\n<tbody>\n<tr>\n<td><span style=\"font-weight: 400;\">Denumirea<\/span><\/td>\n<td><span style=\"font-weight: 400;\">Asigurarea sustenabilit\u0103\u021bii ecosistemelor acvatice prin piscicultur\u0103 ecologic\u0103<\/span><\/td>\n<\/tr>\n<tr>\n<td><span style=\"font-weight: 400;\">Acronim<\/span><\/td>\n<td><span style=\"font-weight: 400;\">EcoFishFarm<\/span><\/td>\n<\/tr>\n<tr>\n<td><span style=\"font-weight: 400;\">Num\u0103r de referin\u021b\u0103<\/span><\/td>\n<td><span style=\"font-weight: 400;\">108838<\/span><\/td>\n<\/tr>\n<tr>\n<td><span style=\"font-weight: 400;\">Perioada de implementare<\/span><\/td>\n<td><span style=\"font-weight: 400;\">24.06.25 &#8211;\u00a0 23.12.26\u00a0<\/span><\/td>\n<\/tr>\n<tr>\n<td><span style=\"font-weight: 400;\">Buget<\/span><\/td>\n<td><span style=\"font-weight: 400;\">264 878,50 EUR<\/span><\/td>\n<\/tr>\n<tr>\n<td><span style=\"font-weight: 400;\">Parteneri<\/span><\/td>\n<td><span style=\"font-weight: 400;\">Universitatea de Stat din Moldova, Strada Alexei Mateevici nr. 60, Chi\u0219in\u0103u, MD 2009, Republica Moldova \u2013 LP1,<\/span><\/p>\n<p><span style=\"font-weight: 400;\">denumit\u0103 \u201ePartenerul Lider\u201d, reprezentat\u0103 de Igor SAROV<\/span><\/p>\n<p><span style=\"font-weight: 400;\">Universitatea de \u0218tiin\u021bele Vie\u021bii din Ia\u0219i, Aleea Mihail Sadoveanu nr. 3, Ia\u0219i, 700490, Rom\u00e2nia \u2013 PP2,<\/span><\/p>\n<p><span style=\"font-weight: 400;\">denumit\u0103 \u201ePartenerul 2\u201d, reprezentat\u0103 de Gerard JITAREANU<\/span><\/td>\n<\/tr>\n<tr>\n<td><span style=\"font-weight: 400;\">Descriere<\/span><\/td>\n<td><span style=\"font-weight: 400;\">Proiectul EcoFishFarm va fi axat pe dezvoltarea acvaculturii ecologice \u00een bazinul r\u00e2ului Prut \u0219i va fi implementat \u00een comun de Universitatea de Stat din Moldova (partener lider) \u0219i Universitatea pentru \u0218tiin\u021bele Vie\u021bii \u201eIon Ionescu de la Brad\u201d din Ia\u0219i pe durata a 18 luni.\u00a0\u00a0<\/span><\/p>\n<p><span style=\"font-weight: 400;\">Drept ac\u021biune-pilot \u00een cadrul proiectului va constitui studierea complex\u0103 a cel pu\u021bin 10 hele\u0219teie piscicole din Rom\u00e2nia \u0219i Republica Moldova, care va rezulta \u00een identificarea st\u0103rii resurselor biologice acvatice, a calit\u0103\u021bii apei \u0219i a produselor piscicole, determinarea st\u0103rii ecologice a hele\u0219teielor. Vor fi efectuate experien\u021be \u00een condi\u021bii de laborator \u0219i teren, elementele inovative\u00a0 identificate privind cre\u0219terea pe\u0219tilor s\u0103n\u0103to\u0219i \u0219i atenuarea polu\u0103rii mediului fiind brevetate. Va fi elaborat \u0219i diseminat un plan-cadru de management comun privind dezvoltarea pisciculturii ecologice \u00een bazinul r\u00e2ului Prut, care va servi drept suport metodologic \u0219i strategic pentru reducerea polu\u0103rii mediului, ob\u021binerea produselor din pe\u0219te de o calitate \u00eenalt\u0103, necesar\u0103 pentru asigurarea s\u0103n\u0103t\u0103\u021bii umane.\u00a0<\/span><\/p>\n<p><span style=\"font-weight: 400;\">\u00cen pofida existen\u021bei mai multor regulamente \u0219i tehnologii privind dezvoltarea acvaculturii, care la nivel global constituie\u00a0 ramura cu cea mai rapid\u0103 cre\u0219tere economic\u0103, gra\u021bie dezvolt\u0103rii diverselor sisteme de piscicultur\u0103, piscicultura ecologic\u0103 este un domeniu slab dezvoltat at\u00e2t \u00een \u200b\u200bceea ce prive\u0219te ob\u021binerea produc\u021biei ecologice de pe\u0219te, c\u00e2t \u0219i protec\u021bia mediului acvatic. Originalitatea proiectului EcoFishFarm va consta \u00een oferirea unor recomand\u0103ri privind cre\u0219terea sustenabilit\u0103\u021bii ecologice a ecosistemelor acvatice prin dezvoltarea acvaculturii ecologice.\u00a0<\/span><\/td>\n<\/tr>\n<tr>\n<td><span style=\"font-weight: 400;\">Coordonator institu\u021bional<\/span><\/td>\n<td><span style=\"font-weight: 400;\">BILE\u021aCHI Lucia, secretar \u0219tiin\u021bific, <\/span><a href=\"mailto:elzubcovizusm@gmail.com\"><span style=\"font-weight: 400;\">elzubcovizusm@gmail.com<\/span><\/a><span style=\"font-weight: 400;\"> , Universitatea de Stat din Moldova, Institutul de Zoologie, Republica Moldova\u00a0<\/span><\/td>\n<\/tr>\n<tr>\n<td><span style=\"font-weight: 400;\">Contacte<\/span><\/td>\n<td><\/td>\n<\/tr>\n<\/tbody>\n<\/table>\n<p>&nbsp;<\/p>\n","protected":false},"excerpt":{"rendered":"<p>Denumirea Asigurarea sustenabilit\u0103\u021bii ecosistemelor acvatice prin piscicultur\u0103 ecologic\u0103 Acronim EcoFishFarm Num\u0103r de referin\u021b\u0103 108838 Perioada de implementare 24.06.25 &#8211;\u00a0 23.12.26\u00a0 Buget 264 878,50 EUR Parteneri Universitatea de Stat din Moldova, Strada Alexei Mateevici nr. 60, Chi\u0219in\u0103u, MD 2009, Republica Moldova \u2013 LP1, denumit\u0103 \u201ePartenerul Lider\u201d, reprezentat\u0103 de Igor SAROV Universitatea de \u0218tiin\u021bele Vie\u021bii din Ia\u0219i,&hellip; <br \/> <a class=\"read-more\" href=\"https:\/\/international.usm.md\/?page_id=2626\">Cite\u0219te mai mult<\/a><\/p>\n","protected":false},"author":1,"featured_media":0,"parent":0,"menu_order":0,"comment_status":"closed","ping_status":"closed","template":"","meta":{"footnotes":""},"rttpg_featured_image_url":null,"rttpg_author":{"display_name":"","author_link":"https:\/\/international.usm.md\/?author=1"},"rttpg_comment":0,"rttpg_category":null,"rttpg_excerpt":"Denumirea Asigurarea sustenabilit\u0103\u021bii ecosistemelor acvatice prin piscicultur\u0103 ecologic\u0103 Acronim EcoFishFarm Num\u0103r de referin\u021b\u0103 108838 Perioada de implementare 24.06.25 &#8211;\u00a0 23.12.26\u00a0 Buget 264 878,50 EUR Parteneri Universitatea de Stat din Moldova, Strada Alexei Mateevici nr. 60, Chi\u0219in\u0103u, MD 2009, Republica Moldova \u2013 LP1, denumit\u0103 \u201ePartenerul Lider\u201d, reprezentat\u0103 de Igor SAROV Universitatea de \u0218tiin\u021bele Vie\u021bii din Ia\u0219i,&hellip;&hellip;","_links":{"self":[{"href":"https:\/\/international.usm.md\/index.php?rest_route=\/wp\/v2\/pages\/2626"}],"collection":[{"href":"https:\/\/international.usm.md\/index.php?rest_route=\/wp\/v2\/pages"}],"about":[{"href":"https:\/\/international.usm.md\/index.php?rest_route=\/wp\/v2\/types\/page"}],"author":[{"embeddable":true,"href":"https:\/\/international.usm.md\/index.php?rest_route=\/wp\/v2\/users\/1"}],"replies":[{"embeddable":true,"href":"https:\/\/international.usm.md\/index.php?rest_route=%2Fwp%2Fv2%2Fcomments&post=2626"}],"version-history":[{"count":2,"href":"https:\/\/international.usm.md\/index.php?rest_route=\/wp\/v2\/pages\/2626\/revisions"}],"predecessor-version":[{"id":2630,"href":"https:\/\/international.usm.md\/index.php?rest_route=\/wp\/v2\/pages\/2626\/revisions\/2630"}],"wp:attachment":[{"href":"https:\/\/international.usm.md\/index.php?rest_route=%2Fwp%2Fv2%2Fmedia&parent=2626"}],"curies":[{"name":"wp","href":"https:\/\/api.w.org\/{rel}","templated":true}]}}