{"id":2631,"date":"2025-09-22T16:07:03","date_gmt":"2025-09-22T13:07:03","guid":{"rendered":"https:\/\/international.usm.md\/?page_id=2631"},"modified":"2025-09-22T16:07:03","modified_gmt":"2025-09-22T13:07:03","slug":"intersmarts","status":"publish","type":"page","link":"https:\/\/international.usm.md\/?page_id=2631","title":{"rendered":"INTERSMARTS"},"content":{"rendered":"<table>\n<tbody>\n<tr>\n<td><span style=\"font-weight: 400;\">Denumirea<\/span><\/td>\n<td><span style=\"font-weight: 400;\">Solu\u021bii interdisciplinare pentru turism inteligent \u0219i durabil \u0219i servicii pentru cre\u0219terea albastr\u0103 \u00een bazinul M\u0103rii Negre.\u00a0<\/span><\/td>\n<\/tr>\n<tr>\n<td><span style=\"font-weight: 400;\">Acronim<\/span><\/td>\n<td><span style=\"font-weight: 400;\">INTERSMARTS<\/span><\/td>\n<\/tr>\n<tr>\n<td><span style=\"font-weight: 400;\">Num\u0103r de referin\u021b\u0103<\/span><\/td>\n<td><span style=\"font-weight: 400;\">BSB00332\u00a0<\/span><\/td>\n<\/tr>\n<tr>\n<td><span style=\"font-weight: 400;\">Perioada de implementare<\/span><\/td>\n<td><span style=\"font-weight: 400;\">15.06.2024 &#8211; 14.12.2025\u00a0<\/span><\/td>\n<\/tr>\n<tr>\n<td><span style=\"font-weight: 400;\">Buget<\/span><\/td>\n<td><span style=\"font-weight: 400;\">554.605,80 EUR<\/span><\/td>\n<\/tr>\n<tr>\n<td><span style=\"font-weight: 400;\">Parteneri<\/span><\/td>\n<td><span style=\"font-weight: 400;\">UNIVERSITATEA DE MANAGEMENT DIN VARNA<\/span><\/p>\n<p><span style=\"font-weight: 400;\">Adres\u0103: Str. Oborishte 13A, Varna 9000, Regiunea Sever-Est (BG33), Bulgaria<\/span><\/p>\n<p><span style=\"font-weight: 400;\">Reprezentat\u0103 de: Conf. univ. dr. Todor RADEV<\/span><\/p>\n<p><span style=\"font-weight: 400;\">(&#8222;Partenerul Lider&#8221;)<\/span><\/p>\n<p><span style=\"font-weight: 400;\">UNIVERSITATEA ELEN\u0102 INTERNA\u021aIONAL\u0102 \u2013 Conturi Speciale pentru Fonduri de Cercetare<\/span><\/p>\n<p><span style=\"font-weight: 400;\">Adres\u0103: 14 km Thessaloniki\u2013N. Moudania, Thessaloniki 57001, Macedonia Central\u0103 (EL52), Grecia (EL)<\/span><\/p>\n<p><span style=\"font-weight: 400;\">Reprezentat\u0103 de: Prof. Stamatis ANGELOPOULOS<\/span><\/p>\n<p><span style=\"font-weight: 400;\">(&#8222;Partenerul nr. 2&#8221;)<\/span><\/p>\n<p><span style=\"font-weight: 400;\">UNIVERSITATEA DE STAT DIN MOLDOVA \u2013 Facultatea de \u0218tiin\u021be Economice<\/span><\/p>\n<p><span style=\"font-weight: 400;\">Adres\u0103: Str. Alexei Mateevici 60, Chi\u0219in\u0103u MD-2009, Municipiul Chi\u0219in\u0103u (MD10), Republica Moldova (MD)<\/span><\/p>\n<p><span style=\"font-weight: 400;\">Reprezentat\u0103 de: Prof. Igor SAROV<\/span><\/p>\n<p><span style=\"font-weight: 400;\">(&#8222;Partenerul nr. 3&#8221;)<\/span><\/p>\n<p><span style=\"font-weight: 400;\">AGEN\u021aIA DE DEZVOLTARE ISTANBUL (ISTANBUL KALKINMA AJANSI)<\/span><\/p>\n<p><span style=\"font-weight: 400;\">Adres\u0103: Str. Asmal\u0131 Mescit Mah. Istiklal Caddesi nr. 14Z, Beyoglu, Istanbul 34430, Istanbul (TR10), Turcia (TR)<\/span><\/p>\n<p><span style=\"font-weight: 400;\">Reprezentat\u0103 de: Dr. Ziya TASKENT<\/span><\/p>\n<p><span style=\"font-weight: 400;\">(&#8222;Partenerul nr. 4&#8221;)<\/span><\/td>\n<\/tr>\n<tr>\n<td><span style=\"font-weight: 400;\">Descriere<\/span><\/td>\n<td><span style=\"font-weight: 400;\">Turismul durabil este un element esen\u021bial \u00een cre\u0219terea albastr\u0103 datorit\u0103 poten\u021bialului s\u0103u de a contribui la dezvoltarea economic\u0103, p\u0103str\u00e2nd \u00een acela\u0219i timp integritatea \u0219i rezilien\u021ba ecosistemelor marine \u0219i de coast\u0103. Inova\u021bia joac\u0103 un rol crucial \u00een promovarea turismului durabil \u0219i a cre\u0219terii albastre. Cu toate acestea, turismul \u0219i serviciile conexe din Bazinul M\u0103rii Negre sunt \u00eenc\u0103 considerate ca fiind pu\u021bin intensive din punct de vedere al cuno\u0219tin\u021belor \u0219i tehnologiei, ceea ce implic\u0103 pierderi economice, dar \u0219i de mediu \u0219i sociale. Turismul din Marea Neagr\u0103 este afectat de supra-dezvoltare, poluare \u0219i de\u0219euri, sezonalitate \u0219i un transfer ineficient al cuno\u0219tin\u021belor c\u0103tre solu\u021bii practice \u0219i afaceri inovatoare. Acest lucru reduce valoarea ad\u0103ugat\u0103 a sectorului \u0219i \u00eel face extrem de vulnerabil la diverse \u0219ocuri globale.\u00a0<\/span><\/p>\n<p><span style=\"font-weight: 400;\">Provoc\u0103rile regionale pot fi dep\u0103\u0219ite prin solu\u021bii noi, relevante pentru context, bazate pe \u00eembinarea cuno\u0219tin\u021belor \u0219i expertizei de ultim\u0103 genera\u021bie din domeniile sociale, naturale \u0219i inginere\u0219ti \u0219i prin cre\u0219terea absorb\u021biei inova\u021biei \u0219i a adopt\u0103rii tehnologiilor \u00een turism. Ra\u021bionamentul este c\u0103 p\u0103r\u021bile interesate ar trebui s\u0103 inoveze la nivel local pentru a utiliza resursele maritime \u00een mod eficient pentru toate activit\u0103\u021bile economice \u0219i pentru a proteja via\u021ba marin\u0103 \u0219i mediul \u00eenconjur\u0103tor.<\/span><\/td>\n<\/tr>\n<tr>\n<td><span style=\"font-weight: 400;\">Coordonator institu\u021bional<\/span><\/td>\n<td><span style=\"font-weight: 400;\">Maria H\u0103muraru, Dr., conf. univ.,\u00a0\u00a0<\/span><\/p>\n<p><span style=\"font-weight: 400;\">Decan al Facult\u0103\u021bii de \u0218tiin\u021be Economice, USM\u00a0<\/span><\/p>\n<p><span style=\"font-weight: 400;\">maria.hamuraru@usm.md<\/span><\/td>\n<\/tr>\n<tr>\n<td><span style=\"font-weight: 400;\">Contacte<\/span><\/td>\n<td><\/td>\n<\/tr>\n<\/tbody>\n<\/table>\n","protected":false},"excerpt":{"rendered":"<p>Denumirea Solu\u021bii interdisciplinare pentru turism inteligent \u0219i durabil \u0219i servicii pentru cre\u0219terea albastr\u0103 \u00een bazinul M\u0103rii Negre.\u00a0 Acronim INTERSMARTS Num\u0103r de referin\u021b\u0103 BSB00332\u00a0 Perioada de implementare 15.06.2024 &#8211; 14.12.2025\u00a0 Buget 554.605,80 EUR Parteneri UNIVERSITATEA DE MANAGEMENT DIN VARNA Adres\u0103: Str. Oborishte 13A, Varna 9000, Regiunea Sever-Est (BG33), Bulgaria Reprezentat\u0103 de: Conf. univ. dr. Todor RADEV&hellip; <br \/> <a class=\"read-more\" href=\"https:\/\/international.usm.md\/?page_id=2631\">Cite\u0219te mai mult<\/a><\/p>\n","protected":false},"author":1,"featured_media":0,"parent":0,"menu_order":0,"comment_status":"closed","ping_status":"closed","template":"","meta":{"footnotes":""},"rttpg_featured_image_url":null,"rttpg_author":{"display_name":"","author_link":"https:\/\/international.usm.md\/?author=1"},"rttpg_comment":0,"rttpg_category":null,"rttpg_excerpt":"Denumirea Solu\u021bii interdisciplinare pentru turism inteligent \u0219i durabil \u0219i servicii pentru cre\u0219terea albastr\u0103 \u00een bazinul M\u0103rii Negre.\u00a0 Acronim INTERSMARTS Num\u0103r de referin\u021b\u0103 BSB00332\u00a0 Perioada de implementare 15.06.2024 &#8211; 14.12.2025\u00a0 Buget 554.605,80 EUR Parteneri UNIVERSITATEA DE MANAGEMENT DIN VARNA Adres\u0103: Str. Oborishte 13A, Varna 9000, Regiunea Sever-Est (BG33), Bulgaria Reprezentat\u0103 de: Conf. univ. dr. Todor RADEV&hellip;&hellip;","_links":{"self":[{"href":"https:\/\/international.usm.md\/index.php?rest_route=\/wp\/v2\/pages\/2631"}],"collection":[{"href":"https:\/\/international.usm.md\/index.php?rest_route=\/wp\/v2\/pages"}],"about":[{"href":"https:\/\/international.usm.md\/index.php?rest_route=\/wp\/v2\/types\/page"}],"author":[{"embeddable":true,"href":"https:\/\/international.usm.md\/index.php?rest_route=\/wp\/v2\/users\/1"}],"replies":[{"embeddable":true,"href":"https:\/\/international.usm.md\/index.php?rest_route=%2Fwp%2Fv2%2Fcomments&post=2631"}],"version-history":[{"count":1,"href":"https:\/\/international.usm.md\/index.php?rest_route=\/wp\/v2\/pages\/2631\/revisions"}],"predecessor-version":[{"id":2632,"href":"https:\/\/international.usm.md\/index.php?rest_route=\/wp\/v2\/pages\/2631\/revisions\/2632"}],"wp:attachment":[{"href":"https:\/\/international.usm.md\/index.php?rest_route=%2Fwp%2Fv2%2Fmedia&parent=2631"}],"curies":[{"name":"wp","href":"https:\/\/api.w.org\/{rel}","templated":true}]}}