{"id":2633,"date":"2025-09-22T16:08:59","date_gmt":"2025-09-22T13:08:59","guid":{"rendered":"https:\/\/international.usm.md\/?page_id=2633"},"modified":"2025-09-22T16:08:59","modified_gmt":"2025-09-22T13:08:59","slug":"proiect-pilot-pentru-productia-de-biomasa-algala-ecologica-pentru-nutritia-pestilor","status":"publish","type":"page","link":"https:\/\/international.usm.md\/?page_id=2633","title":{"rendered":"Proiect pilot pentru produc\u021bia de biomas\u0103 algal\u0103 ecologic\u0103 pentru nutri\u021bia pe\u0219tilor"},"content":{"rendered":"<table>\n<tbody>\n<tr>\n<td><span style=\"font-weight: 400;\">Denumirea<\/span><\/td>\n<td><span style=\"font-weight: 400;\">Proiect pilot pentru produc\u021bia de biomas\u0103 algal\u0103 ecologic\u0103 pentru nutri\u021bia pe\u0219tilor<\/span><\/td>\n<\/tr>\n<tr>\n<td><span style=\"font-weight: 400;\">Acronim<\/span><\/td>\n<td><\/td>\n<\/tr>\n<tr>\n<td><span style=\"font-weight: 400;\">Num\u0103r de referin\u021b\u0103<\/span><\/td>\n<td><span style=\"font-weight: 400;\">109279<\/span><\/td>\n<\/tr>\n<tr>\n<td><span style=\"font-weight: 400;\">Perioada de implementare<\/span><\/td>\n<td><span style=\"font-weight: 400;\">27.05.25 &#8211; 18 luni\u00a0<\/span><\/td>\n<\/tr>\n<tr>\n<td><span style=\"font-weight: 400;\">Buget<\/span><\/td>\n<td><span style=\"font-weight: 400;\">130.583,84 Euro\u00a0<\/span><\/td>\n<\/tr>\n<tr>\n<td><span style=\"font-weight: 400;\">Parteneri<\/span><\/td>\n<td><span style=\"font-weight: 400;\">Universitatea \u201eAlexandru Ioan Cuza\u201d din Ia\u0219i, Bulevardul Carol I nr. 11, 700506, Ia\u0219i, Rom\u00e2nia \u2013 LP1,<\/span><\/p>\n<p><span style=\"font-weight: 400;\">denumit\u0103 \u00een continuare \u201ePartenerul Lider\u201d, reprezentat\u0103 de Prof. univ. dr. Liviu-George MAHA<\/span><\/p>\n<p><span style=\"font-weight: 400;\">\u0219i<\/span><\/p>\n<p><span style=\"font-weight: 400;\">Universitatea de Stat din Moldova, Strada Alexei Mateevici nr. 60, MD-2009, Chi\u0219in\u0103u, Republica Moldova \u2013 PP2,<\/span><\/p>\n<p><span style=\"font-weight: 400;\">denumit\u0103 \u00een continuare \u201ePartenerul 2\u201d, reprezentat\u0103 de Prof. univ. dr. Igor \u0218AROV<\/span><\/td>\n<\/tr>\n<tr>\n<td><span style=\"font-weight: 400;\">Descriere<\/span><\/td>\n<td><span style=\"font-weight: 400;\">Proiectul are ca obiectiv reciclarea apelor reziduale provenite din cre\u0219terea pe\u0219tilor, prin valorificarea acestora ca mediu nutritiv pentru cultivarea algelor. \u00cen acest scop, vor fi studiate trei procese esen\u021biale: epurarea apei, cre\u0219terea biomasei algale \u0219i acumularea substan\u021belor biologic active. Biomasa algal\u0103 ob\u021binut\u0103 va fi utilizat\u0103 ulterior ca surs\u0103 nutritiv\u0103 pentru pe\u0219tii care genereaz\u0103 apele reziduale, iar impactul acesteia asupra caracteristicilor morfo-fiziologice \u0219i biochimice ale pe\u0219tilor va fi evaluat. \u00cen final, proiectul urm\u0103re\u0219te dezvoltarea, testarea \u0219i implementarea unei tehnologii de reciclare \u00een circuit \u00eenchis a apelor reziduale din acvacultur\u0103, contribuind astfel la integrarea acestora \u00een circuitul economic \u0219i la promovarea principiilor economiei circulare.<\/span><\/td>\n<\/tr>\n<tr>\n<td><span style=\"font-weight: 400;\">Coordonator institu\u021bional<\/span><\/td>\n<td><span style=\"font-weight: 400;\">Sergiu Dobrojan conf.univ.dr., email sergiudobrojan84@yahoo.com, Tel: +37368605789<\/span><\/td>\n<\/tr>\n<tr>\n<td><span style=\"font-weight: 400;\">Contacte<\/span><\/td>\n<td><\/td>\n<\/tr>\n<\/tbody>\n<\/table>\n","protected":false},"excerpt":{"rendered":"<p>Denumirea Proiect pilot pentru produc\u021bia de biomas\u0103 algal\u0103 ecologic\u0103 pentru nutri\u021bia pe\u0219tilor Acronim Num\u0103r de referin\u021b\u0103 109279 Perioada de implementare 27.05.25 &#8211; 18 luni\u00a0 Buget 130.583,84 Euro\u00a0 Parteneri Universitatea \u201eAlexandru Ioan Cuza\u201d din Ia\u0219i, Bulevardul Carol I nr. 11, 700506, Ia\u0219i, Rom\u00e2nia \u2013 LP1, denumit\u0103 \u00een continuare \u201ePartenerul Lider\u201d, reprezentat\u0103 de Prof. univ. dr. Liviu-George&hellip; <br \/> <a class=\"read-more\" href=\"https:\/\/international.usm.md\/?page_id=2633\">Cite\u0219te mai mult<\/a><\/p>\n","protected":false},"author":1,"featured_media":0,"parent":0,"menu_order":0,"comment_status":"closed","ping_status":"closed","template":"","meta":{"footnotes":""},"rttpg_featured_image_url":null,"rttpg_author":{"display_name":"","author_link":"https:\/\/international.usm.md\/?author=1"},"rttpg_comment":0,"rttpg_category":null,"rttpg_excerpt":"Denumirea Proiect pilot pentru produc\u021bia de biomas\u0103 algal\u0103 ecologic\u0103 pentru nutri\u021bia pe\u0219tilor Acronim Num\u0103r de referin\u021b\u0103 109279 Perioada de implementare 27.05.25 &#8211; 18 luni\u00a0 Buget 130.583,84 Euro\u00a0 Parteneri Universitatea \u201eAlexandru Ioan Cuza\u201d din Ia\u0219i, Bulevardul Carol I nr. 11, 700506, Ia\u0219i, Rom\u00e2nia \u2013 LP1, denumit\u0103 \u00een continuare \u201ePartenerul Lider\u201d, reprezentat\u0103 de Prof. univ. dr. Liviu-George&hellip;&hellip;","_links":{"self":[{"href":"https:\/\/international.usm.md\/index.php?rest_route=\/wp\/v2\/pages\/2633"}],"collection":[{"href":"https:\/\/international.usm.md\/index.php?rest_route=\/wp\/v2\/pages"}],"about":[{"href":"https:\/\/international.usm.md\/index.php?rest_route=\/wp\/v2\/types\/page"}],"author":[{"embeddable":true,"href":"https:\/\/international.usm.md\/index.php?rest_route=\/wp\/v2\/users\/1"}],"replies":[{"embeddable":true,"href":"https:\/\/international.usm.md\/index.php?rest_route=%2Fwp%2Fv2%2Fcomments&post=2633"}],"version-history":[{"count":1,"href":"https:\/\/international.usm.md\/index.php?rest_route=\/wp\/v2\/pages\/2633\/revisions"}],"predecessor-version":[{"id":2634,"href":"https:\/\/international.usm.md\/index.php?rest_route=\/wp\/v2\/pages\/2633\/revisions\/2634"}],"wp:attachment":[{"href":"https:\/\/international.usm.md\/index.php?rest_route=%2Fwp%2Fv2%2Fmedia&parent=2633"}],"curies":[{"name":"wp","href":"https:\/\/api.w.org\/{rel}","templated":true}]}}