{"id":309,"date":"2020-02-18T16:42:49","date_gmt":"2020-02-18T13:42:49","guid":{"rendered":"http:\/\/international.usm.md\/?page_id=309"},"modified":"2020-02-18T16:42:49","modified_gmt":"2020-02-18T13:42:49","slug":"dissemination","status":"publish","type":"page","link":"https:\/\/international.usm.md\/?page_id=309","title":{"rendered":"Dissemination"},"content":{"rendered":"<p class=\"title\"><a title=\"Permanent Link to Conferin\u021ba de \u00eencheiere a proiectul PBLMD\" href=\"http:\/\/usm.md\/?p=23529&amp;lang=ro\" rel=\"bookmark\">Conferin\u021ba de \u00eencheiere a proiectul PBLMD<\/a><\/p>\n<p class=\"title\"><a title=\"Permanent Link to Proiectul interdisciplinar \u00een cadrul PBLMD\" href=\"http:\/\/usm.md\/?p=23205&amp;lang=ro\" rel=\"bookmark\">Proiectul interdisciplinar \u00een cadrul PBLMD<\/a><\/p>\n<p class=\"title\"><a title=\"Permanent Link to Proiectul interdisciplinar \u0219i interuniversitar \u00een cadrul PBLMD ajuns la final\" href=\"http:\/\/usm.md\/?p=23184&amp;lang=ro\" rel=\"bookmark\">Proiectul interdisciplinar \u0219i interuniversitar \u00een cadrul PBLMD ajuns la final<\/a><\/p>\n<p class=\"title\"><a title=\"Permanent Link to Vizit\u0103 de studiu \u0219i monitorizare \u00een cadrul proiectului PBLMD\" href=\"http:\/\/usm.md\/?p=23176&amp;lang=ro\" rel=\"bookmark\">Vizit\u0103 de studiu \u0219i monitorizare \u00een cadrul proiectului PBLMD<\/a><\/p>\n<p class=\"title\"><a title=\"Permanent Link to O premier\u0103 \u00een cadrul proiectului PBLMD\" href=\"http:\/\/usm.md\/?p=23196&amp;lang=ro\" rel=\"bookmark\">O premier\u0103 \u00een cadrul proiectului PBLMD<\/a><\/p>\n<p class=\"title\"><a title=\"Permanent Link to Extinderea modelului PBL a Universit\u0103\u021bii din Aalborg\" href=\"http:\/\/usm.md\/?p=23167&amp;lang=ro\" rel=\"bookmark\">Extinderea modelului PBL a Universit\u0103\u021bii din Aalborg<\/a><\/p>\n<p class=\"title\"><a href=\"http:\/\/drept.usm.md\/libview.php?l=ro&amp;idc=13&amp;id=1052&amp;t=\/Infocentru\/Noutati\/Reconceptualizarea-lucrului-individual-Educatia-in-baza-proiectelor-bazata-pe-rezolvare-de-probleme\/\" target=\"_blank\" rel=\"noopener\">Reconceptualizarea\u00a0lucrului\u00a0individual. Educa\u0163ia\u00a0\u00een\u00a0baza<\/a><\/p>\n<p class=\"title\"><a title=\"Permanent Link to Teleconferin\u021ba studen\u021bilor afla\u021bi \u00een mobilitate \u00een cadrul proiectului PBLMD\" href=\"http:\/\/usm.md\/?p=23211&amp;lang=ro\" rel=\"bookmark\">Teleconferin\u021ba studen\u021bilor afla\u021bi \u00een mobilitate \u00een cadrul proiectului PBLMD<\/a><\/p>\n<p><a href=\"http:\/\/usm.md\/?p=20033&amp;lang=ro\" target=\"_blank\" rel=\"noopener\">\u00cenv\u0103\u021barea Bazat\u0103 pe Probleme discutat\u0103 la \u0219edin\u021ba Consiliului Calit\u0103\u021bii al USM<\/a>\u00a0<a href=\"http:\/\/usm.md\/?p=19246&amp;lang=ro\" target=\"_blank\" rel=\"noopener\">Workshop ,,Implementarea Obiectivelor de Dezvoltare Durabil\u0103 \u00een politica de mediu a Republicii Moldova\u201d<\/a><a href=\"http:\/\/usm.md\/?p=19236&amp;lang=ro\" target=\"_blank\" rel=\"noopener\">Ateliere de lucru \u00een cadrul proiectului PBLMD<\/a><\/p>\n<p class=\"title\"><a title=\"Permanent Link to O experien\u021b\u0103 inedit\u0103 pentru studen\u021bi \u2013 ini\u021biere \u00een PBL\" href=\"http:\/\/usm.md\/?p=23173&amp;lang=ro\" rel=\"bookmark\">O experien\u021b\u0103 inedit\u0103 pentru studen\u021bi \u2013 ini\u021biere \u00een PBL<\/a><\/p>\n<p><a href=\"http:\/\/usm.md\/?p=15756&amp;lang=ro\" target=\"_blank\" rel=\"noopener\">Mobilitatea academic\u0103 a profesorilor de la USM realizat\u0103 la Universitatea din Aalborg, Danemarca, \u00een cadrul proiectului PBLMD<\/a><\/p>\n<p><a href=\"http:\/\/usm.md\/?p=14092&amp;lang=ro\" target=\"_blank\" rel=\"noopener\">Vizit\u0103 de studiu la Universitatea din Gloucestershire, Marea Britanie<\/a><\/p>\n<p><a href=\"http:\/\/usm.md\/?p=13885&amp;lang=ro\">Vizita de studiu la Universitatea din Aalborg, realizat\u0103 \u00een cadrul proiectului PBLMD<\/a><\/p>\n<p><a href=\"http:\/\/usm.md\/wp-content\/uploads\/buletin_SEPT_2018.pdf\" target=\"_blank\" rel=\"noopener\">Buletin Informativ USM, Nr. 30,\u00a0Septembrie 2018<\/a><\/p>\n<p><a href=\"http:\/\/usm.md\/wp-content\/uploads\/Buletin_Mai_2018.pdf\" target=\"_blank\" rel=\"noopener\">Buletin Informativ USM, Nr. 28, Mai 2018<\/a>\u00a0<a href=\"http:\/\/usm.md\/wp-content\/uploads\/buletin_Noiembrie_20161.pdf\" target=\"_blank\" rel=\"noopener\">Buletin Informativ USM, Nr. 16,\u00a0Noiembrie 2016<\/a><\/p>\n<p><a href=\"http:\/\/usm.md\/wp-content\/uploads\/buletin_MARTIE_2016.pdf\">Buletin Informativ USM, Nr. 11, Martie 2016\u00a0<\/a><a href=\"http:\/\/usm.md\/wp-content\/uploads\/Aprilie-1.pdf\">Ziarul USM \u201cUniversitatea\u201d, nr. 9 (176), aprilie 2016<\/a><\/p>\n","protected":false},"excerpt":{"rendered":"<p>Conferin\u021ba de \u00eencheiere a proiectul PBLMD Proiectul interdisciplinar \u00een cadrul PBLMD Proiectul interdisciplinar \u0219i interuniversitar \u00een cadrul PBLMD ajuns la final Vizit\u0103 de studiu \u0219i monitorizare \u00een cadrul proiectului PBLMD O premier\u0103 \u00een cadrul proiectului PBLMD Extinderea modelului PBL a Universit\u0103\u021bii din Aalborg Reconceptualizarea\u00a0lucrului\u00a0individual. Educa\u0163ia\u00a0\u00een\u00a0baza Teleconferin\u021ba studen\u021bilor afla\u021bi \u00een mobilitate \u00een cadrul proiectului PBLMD \u00cenv\u0103\u021barea&hellip; <br \/> <a class=\"read-more\" href=\"https:\/\/international.usm.md\/?page_id=309\">Cite\u0219te mai mult<\/a><\/p>\n","protected":false},"author":1,"featured_media":0,"parent":0,"menu_order":0,"comment_status":"closed","ping_status":"closed","template":"","meta":{"footnotes":""},"rttpg_featured_image_url":null,"rttpg_author":{"display_name":"","author_link":"https:\/\/international.usm.md\/?author=1"},"rttpg_comment":0,"rttpg_category":null,"rttpg_excerpt":"Conferin\u021ba de \u00eencheiere a proiectul PBLMD Proiectul interdisciplinar \u00een cadrul PBLMD Proiectul interdisciplinar \u0219i interuniversitar \u00een cadrul PBLMD ajuns la final Vizit\u0103 de studiu \u0219i monitorizare \u00een cadrul proiectului PBLMD O premier\u0103 \u00een cadrul proiectului PBLMD Extinderea modelului PBL a Universit\u0103\u021bii din Aalborg Reconceptualizarea\u00a0lucrului\u00a0individual. Educa\u0163ia\u00a0\u00een\u00a0baza Teleconferin\u021ba studen\u021bilor afla\u021bi \u00een mobilitate \u00een cadrul proiectului PBLMD \u00cenv\u0103\u021barea&hellip;&hellip;","_links":{"self":[{"href":"https:\/\/international.usm.md\/index.php?rest_route=\/wp\/v2\/pages\/309"}],"collection":[{"href":"https:\/\/international.usm.md\/index.php?rest_route=\/wp\/v2\/pages"}],"about":[{"href":"https:\/\/international.usm.md\/index.php?rest_route=\/wp\/v2\/types\/page"}],"author":[{"embeddable":true,"href":"https:\/\/international.usm.md\/index.php?rest_route=\/wp\/v2\/users\/1"}],"replies":[{"embeddable":true,"href":"https:\/\/international.usm.md\/index.php?rest_route=%2Fwp%2Fv2%2Fcomments&post=309"}],"version-history":[{"count":1,"href":"https:\/\/international.usm.md\/index.php?rest_route=\/wp\/v2\/pages\/309\/revisions"}],"predecessor-version":[{"id":310,"href":"https:\/\/international.usm.md\/index.php?rest_route=\/wp\/v2\/pages\/309\/revisions\/310"}],"wp:attachment":[{"href":"https:\/\/international.usm.md\/index.php?rest_route=%2Fwp%2Fv2%2Fmedia&parent=309"}],"curies":[{"name":"wp","href":"https:\/\/api.w.org\/{rel}","templated":true}]}}