{"id":362,"date":"2020-04-27T00:45:21","date_gmt":"2020-04-26T21:45:21","guid":{"rendered":"http:\/\/international.usm.md\/?page_id=362"},"modified":"2021-01-13T15:42:04","modified_gmt":"2021-01-13T12:42:04","slug":"licenta-2","status":"publish","type":"page","link":"https:\/\/international.usm.md\/?page_id=362","title":{"rendered":"Licen\u021b\u0103"},"content":{"rendered":"<p style=\"text-align: justify;\"><strong>Anul universitar 2020\/2021<\/strong><\/p>\n<p style=\"text-align: justify;\"><strong>Studii superioare de licen\u0163\u0103 ciclul I<\/strong><\/p>\n<ul>\n<li style=\"text-align: justify;\"><strong><em>01.09.2020\u201311.12.2020<\/em><\/strong> Semestrul I 15 s\u0103pt\u0103m\u00e2ni<\/li>\n<li style=\"text-align: justify;\"><strong><em>21.09.2020 \u2013 3.10.2020<\/em><\/strong> Sesiunea de recuperare<\/li>\n<li style=\"text-align: justify;\"><strong><em>14.12.2020 \u2013 30.12.2020<\/em><\/strong> Sesiunea ordinar\u0103 (anul de absolvire)<\/li>\n<li style=\"text-align: justify;\"><strong><em>14.12.2020 \u2013 24.12.2020<\/em><\/strong><\/li>\n<li style=\"text-align: justify;\"><strong><em>11.01.2021 \u2013 23.01.2021<\/em><\/strong> Sesiunea ordinar\u0103 (anii I, II (III))<\/li>\n<li><strong><em>31.12.2020 \u2013 10.01.2021<\/em><\/strong> Vacan\u0163a de iarn\u0103 (anul de absolvire)<\/li>\n<li><strong><em>24.12.2020 \u2013 10.01.2021<\/em><\/strong> Vacan\u0163a de iarn\u0103 (anii I, II (III))<\/li>\n<\/ul>\n<p style=\"text-align: justify;\">Atest\u0103ri<\/p>\n<ul>\n<li>P\u00e2n\u0103 la data de\u00a0<strong>16.10.2020<\/strong><\/li>\n<li>P\u00e2n\u0103 la data de\u00a0<strong>04.12.2020<\/strong><\/li>\n<li>Semestrul II<strong><em> 25.01.2021\u201314.05.2021<\/em><\/strong><\/li>\n<\/ul>\n<p style=\"text-align: justify;\">15 s\u0103pt\u0103m\u00e2ni<\/p>\n<ul>\n<li style=\"text-align: justify;\"><strong><em>15.02.2021\u201327.02.2021<\/em><\/strong> Sesiunea de recuperare<\/li>\n<li style=\"text-align: justify;\"><strong><em>03.05.2021\u201310.05.2021<\/em><\/strong> Vacan\u0163a de Pa\u015fti<\/li>\n<li style=\"text-align: justify;\"><strong><em>26.04.2021\u201330.04.2021\/15.05.21<\/em><\/strong> Practica de ini\u0163iere \u00een specialitate (anul II\/III)<\/li>\n<li style=\"text-align: justify;\"><strong><em>17.05.2021-12.06.2021<\/em><\/strong> Sesiunea ordinar\u0103 (anii I (II))<\/li>\n<li style=\"text-align: justify;\"><strong><em>14.06.2021\u201326.06.2021<\/em><\/strong> Sesiunea de recuperare<\/li>\n<\/ul>\n<p style=\"text-align: justify;\">Atest\u0103ri<\/p>\n<ul>\n<li style=\"text-align: justify;\">P\u00e2n\u0103 la data de\u00a0<strong>12.03.2021<\/strong><\/li>\n<li style=\"text-align: justify;\">P\u00e2n\u0103 la data de\u00a0\u00a0<strong>30.04.2021<\/strong><\/li>\n<li style=\"text-align: justify;\">Anul de absolvire Semestrul de<strong><em> 6\/8 11.01.2021 \u2013 05.06.2021<\/em><\/strong><\/li>\n<li style=\"text-align: justify;\"><strong><em>25.01.2021\u2013 06.02.2021<\/em><\/strong> Sesiunea de recuperare<\/li>\n<li style=\"text-align: justify;\"><strong><em>01.03.2021\u201313.03.2021<\/em><\/strong> Sesiunea ordinar\u0103<\/li>\n<li style=\"text-align: justify;\"><strong><em>22.03.2021\u201331.03.2021<\/em><\/strong> Sesiunea de recuperare (pentru sem. 6\/8)<\/li>\n<li style=\"text-align: justify;\"><strong><em>01.04.2021-16.04.2021<\/em><\/strong> Sesiunea de promovare<\/li>\n<li><strong><em>15.03.2021-30.04.2021\u00a0<\/em><\/strong>Practica de produc\u0163ie\u00a0(conform graficului decanatului)<\/li>\n<li><strong><em>11.05.2021\u20135.06.2021\u00a0<\/em><\/strong>Practica de cercetare (conform graficului decanatului)<\/li>\n<li><strong><em>26.04.2021\u201330.04.2021\u00a0<\/em><\/strong>Sus\u0163inerea prealabil\u0103 a tezelor de licen\u0163\u0103<\/li>\n<li><strong><em>11.05.2021\u201318.05.2021\u00a0<\/em><\/strong>Lec\u0163ii de sintez\u0103<\/li>\n<li><strong><em>07.06.2021\u201325.06.2021\u00a0<\/em><\/strong>Examenul de licen\u0163\u0103<\/li>\n<\/ul>\n","protected":false},"excerpt":{"rendered":"<p>Anul universitar 2020\/2021 Studii superioare de licen\u0163\u0103 ciclul I 01.09.2020\u201311.12.2020 Semestrul I 15 s\u0103pt\u0103m\u00e2ni 21.09.2020 \u2013 3.10.2020 Sesiunea de recuperare 14.12.2020 \u2013 30.12.2020 Sesiunea ordinar\u0103 (anul de absolvire) 14.12.2020 \u2013 24.12.2020 11.01.2021 \u2013 23.01.2021 Sesiunea ordinar\u0103 (anii I, II (III)) 31.12.2020 \u2013 10.01.2021 Vacan\u0163a de iarn\u0103 (anul de absolvire) 24.12.2020 \u2013 10.01.2021 Vacan\u0163a de iarn\u0103&hellip; <br \/> <a class=\"read-more\" href=\"https:\/\/international.usm.md\/?page_id=362\">Cite\u0219te mai mult<\/a><\/p>\n","protected":false},"author":1,"featured_media":0,"parent":0,"menu_order":0,"comment_status":"closed","ping_status":"closed","template":"","meta":{"footnotes":""},"rttpg_featured_image_url":null,"rttpg_author":{"display_name":"","author_link":"https:\/\/international.usm.md\/?author=1"},"rttpg_comment":0,"rttpg_category":null,"rttpg_excerpt":"Anul universitar 2020\/2021 Studii superioare de licen\u0163\u0103 ciclul I 01.09.2020\u201311.12.2020 Semestrul I 15 s\u0103pt\u0103m\u00e2ni 21.09.2020 \u2013 3.10.2020 Sesiunea de recuperare 14.12.2020 \u2013 30.12.2020 Sesiunea ordinar\u0103 (anul de absolvire) 14.12.2020 \u2013 24.12.2020 11.01.2021 \u2013 23.01.2021 Sesiunea ordinar\u0103 (anii I, II (III)) 31.12.2020 \u2013 10.01.2021 Vacan\u0163a de iarn\u0103 (anul de absolvire) 24.12.2020 \u2013 10.01.2021 Vacan\u0163a de iarn\u0103&hellip;&hellip;","_links":{"self":[{"href":"https:\/\/international.usm.md\/index.php?rest_route=\/wp\/v2\/pages\/362"}],"collection":[{"href":"https:\/\/international.usm.md\/index.php?rest_route=\/wp\/v2\/pages"}],"about":[{"href":"https:\/\/international.usm.md\/index.php?rest_route=\/wp\/v2\/types\/page"}],"author":[{"embeddable":true,"href":"https:\/\/international.usm.md\/index.php?rest_route=\/wp\/v2\/users\/1"}],"replies":[{"embeddable":true,"href":"https:\/\/international.usm.md\/index.php?rest_route=%2Fwp%2Fv2%2Fcomments&post=362"}],"version-history":[{"count":24,"href":"https:\/\/international.usm.md\/index.php?rest_route=\/wp\/v2\/pages\/362\/revisions"}],"predecessor-version":[{"id":754,"href":"https:\/\/international.usm.md\/index.php?rest_route=\/wp\/v2\/pages\/362\/revisions\/754"}],"wp:attachment":[{"href":"https:\/\/international.usm.md\/index.php?rest_route=%2Fwp%2Fv2%2Fmedia&parent=362"}],"curies":[{"name":"wp","href":"https:\/\/api.w.org\/{rel}","templated":true}]}}