{"id":373,"date":"2020-04-27T01:09:39","date_gmt":"2020-04-26T22:09:39","guid":{"rendered":"http:\/\/international.usm.md\/?page_id=373"},"modified":"2020-04-27T01:10:45","modified_gmt":"2020-04-26T22:10:45","slug":"afilieri","status":"publish","type":"page","link":"https:\/\/international.usm.md\/?page_id=373","title":{"rendered":"Afilieri"},"content":{"rendered":"<p><span style=\"font-weight: 400;\">Universitatea de Stat din Moldova este membru \u00een urm\u0103toarele organiza\u0163ii interna\u0163ionale:<\/span><\/p>\n<p><span style=\"font-weight: 400;\"><img decoding=\"async\" class=\"alignnone wp-image-374\" src=\"http:\/\/international.usm.md\/wp-content\/uploads\/iau_en-150x150.png\" alt=\"\" width=\"90\" height=\"90\" \/>\u00a0 \u00a0IAU \u2013 <\/span><a href=\"http:\/\/www.iau-aiu.net\/\"><span style=\"font-weight: 400;\">International Association of Universities<\/span><\/a><\/p>\n<p><span style=\"font-weight: 400;\"><img decoding=\"async\" class=\"alignnone wp-image-375\" src=\"http:\/\/international.usm.md\/wp-content\/uploads\/auf-150x150.png\" alt=\"\" width=\"90\" height=\"90\" \/>\u00a0 \u00a0AUF \u2013 <\/span><a href=\"http:\/\/www.auf.org\/\"><span style=\"font-weight: 400;\">Agence Universitaire de la Francophon<\/span><\/a><\/p>\n<p><span style=\"font-weight: 400;\"><img decoding=\"async\" class=\"alignnone wp-image-376\" src=\"http:\/\/international.usm.md\/wp-content\/uploads\/eau_logo-150x150.png\" alt=\"\" width=\"90\" height=\"90\" \/>\u00a0 \u00a0EAU \u2013 <\/span><a href=\"http:\/\/www.eau.msu.ru\/\"><span style=\"font-weight: 400;\">EurAsia Association of Universities<\/span><\/a><\/p>\n","protected":false},"excerpt":{"rendered":"<p>Universitatea de Stat din Moldova este membru \u00een urm\u0103toarele organiza\u0163ii interna\u0163ionale: \u00a0 \u00a0IAU \u2013 International Association of Universities \u00a0 \u00a0AUF \u2013 Agence Universitaire de la Francophon \u00a0 \u00a0EAU \u2013 EurAsia Association of Universities<\/p>\n","protected":false},"author":1,"featured_media":0,"parent":0,"menu_order":0,"comment_status":"closed","ping_status":"closed","template":"","meta":{"footnotes":""},"rttpg_featured_image_url":null,"rttpg_author":{"display_name":"","author_link":"https:\/\/international.usm.md\/?author=1"},"rttpg_comment":0,"rttpg_category":null,"rttpg_excerpt":"Universitatea de Stat din Moldova este membru \u00een urm\u0103toarele organiza\u0163ii interna\u0163ionale: \u00a0 \u00a0IAU \u2013 International Association of Universities \u00a0 \u00a0AUF \u2013 Agence Universitaire de la Francophon \u00a0 \u00a0EAU \u2013 EurAsia Association of Universities","_links":{"self":[{"href":"https:\/\/international.usm.md\/index.php?rest_route=\/wp\/v2\/pages\/373"}],"collection":[{"href":"https:\/\/international.usm.md\/index.php?rest_route=\/wp\/v2\/pages"}],"about":[{"href":"https:\/\/international.usm.md\/index.php?rest_route=\/wp\/v2\/types\/page"}],"author":[{"embeddable":true,"href":"https:\/\/international.usm.md\/index.php?rest_route=\/wp\/v2\/users\/1"}],"replies":[{"embeddable":true,"href":"https:\/\/international.usm.md\/index.php?rest_route=%2Fwp%2Fv2%2Fcomments&post=373"}],"version-history":[{"count":2,"href":"https:\/\/international.usm.md\/index.php?rest_route=\/wp\/v2\/pages\/373\/revisions"}],"predecessor-version":[{"id":378,"href":"https:\/\/international.usm.md\/index.php?rest_route=\/wp\/v2\/pages\/373\/revisions\/378"}],"wp:attachment":[{"href":"https:\/\/international.usm.md\/index.php?rest_route=%2Fwp%2Fv2%2Fmedia&parent=373"}],"curies":[{"name":"wp","href":"https:\/\/api.w.org\/{rel}","templated":true}]}}