{"id":394,"date":"2020-05-02T22:47:46","date_gmt":"2020-05-02T19:47:46","guid":{"rendered":"http:\/\/international.usm.md\/?page_id=394"},"modified":"2020-05-02T22:47:46","modified_gmt":"2020-05-02T19:47:46","slug":"demersuri-pe-durata-mobilitatii-2","status":"publish","type":"page","link":"https:\/\/international.usm.md\/?page_id=394","title":{"rendered":"Demersuri pe durata mobilit\u0103\u021bii"},"content":{"rendered":"<p><b>1) \u00cenmatricularea la universitatea gazd\u0103:<\/b><\/p>\n<p style=\"text-align: justify;\"><span style=\"font-weight: 400;\">Primul lucru pe care \u00eel ave\u0163i de f\u0103cut este s\u0103 v\u0103 prezenta\u0163i la universitatea gazd\u0103 pentru a v\u0103 \u00eenmatricula.<\/span><\/p>\n<p style=\"text-align: justify;\"><span style=\"font-weight: 400;\">Biroul Rela\u0163ii Interna\u0163ionale sau ERASMUS trebuie s\u0103 v\u0103 completeze <\/span><b>certificatul de confirmare a sosirii \u015fi \u00eenmatricul\u0103rii<\/b><span style=\"font-weight: 400;\"> la universitatea gazd\u0103, apoi s\u0103 \u00eel trimit\u0103 prin e-mail Serviciul Mobilit\u0103\u021bi academice al USM ( <\/span><a href=\"mailto:usm.international@yahoo.com\"><span style=\"font-weight: 400;\">usm.international@yahoo.com<\/span><\/a><span style=\"font-weight: 400;\"> ) \u00een termen de o s\u0103pt\u0103m\u00e2n\u0103 de la sosire.<\/span><\/p>\n<p style=\"text-align: justify;\"><span style=\"font-weight: 400;\">Certificatul \u00eel ve\u0163i p\u0103stra p\u00e2n\u0103 la finalul stagiului dvs. pentru c\u0103 trebuie s\u0103 fie completat \u015fi cu data \u00eencheierii perioadei de studiu.<\/span><\/p>\n<p><b>2) Permisul de \u015federe \u015fi asigurarea medical\u0103:<\/b><\/p>\n<p style=\"text-align: justify;\"><span style=\"font-weight: 400;\">Interesa\u0163i-v\u0103 la universitatea gazd\u0103 ce ave\u0163i de f\u0103cut \u00een privin\u0163a permisului de \u015federe (dac\u0103 ave\u0163i dreptul la el) \u015fi dac\u0103 este nevoie s\u0103 ave\u0163i o alt\u0103 asigurare medical\u0103 dec\u00e2t cea f\u0103cut\u0103 \u00eenaintea plec\u0103rii din Moldova.<\/span><\/p>\n<p style=\"text-align: justify;\"><span style=\"font-weight: 400;\">Contractul de studii Learning Agreement \u015fi eventuale modific\u0103ri ale acestuia:<\/span><\/p>\n<p style=\"text-align: justify;\"><span style=\"font-weight: 400;\">Verifica\u0163i dac\u0103 planul de studii, respectiv cursurile alese \u00eenaintea plec\u0103rii, prezente \u015fi aprobate \u00een Learning Agreement, r\u0103m\u00e2n acelea\u015fi \u015fi de asemenea dac\u0103 totalul creditelor nu s-a schimbat.<\/span><\/p>\n<p style=\"text-align: justify;\"><span style=\"font-weight: 400;\">\u00cen cazul \u00een care apar modific\u0103ri la contractul de studii, ve\u0163i completa tabelul din compartimentul <\/span><b>During the Mobility <\/b><span style=\"font-weight: 400;\">al Contractului de studii (Learning Agreement), ve\u0163i lua aprob\u0103rile de la universitatea gazd\u0103 \u015fi apoi \u00eel ve\u0163i trimite la Serviciul Mobilit\u0103\u021bi academice al USM prin e-mail: <\/span><a href=\"mailto:usm.international@yahoo.com\"><span style=\"font-weight: 400;\">usm.international@yahoo.com<\/span><\/a><span style=\"font-weight: 400;\">. Trebuie s\u0103 preciza\u0163i de asemenea num\u0103rul de fax sau adresa e-mail din \u0163ara gazd\u0103 unde dori\u0163i s\u0103 primi\u0163i acest formular aprobat.<\/span><\/p>\n<p><b>3) Modific\u0103rile de cursuri trebuie trimise \u00een maxim o lun\u0103 de la \u00eenmatriculare.<\/b><\/p>\n<p style=\"text-align: justify;\"><span style=\"font-weight: 400;\">\u00cen cazul \u00een care s-au produs modific\u0103ri la acest contract \u015fi nu a\u0163i trimis contractul cu compartimentul <\/span><b>During the Mobility <\/b><span style=\"font-weight: 400;\">completat, risca\u0163i s\u0103 nu v\u0103 fie recunoscut nici un curs care nu a fost aprobat de facultatea dvs. de origine.<\/span><\/p>\n","protected":false},"excerpt":{"rendered":"<p>1) \u00cenmatricularea la universitatea gazd\u0103: Primul lucru pe care \u00eel ave\u0163i de f\u0103cut este s\u0103 v\u0103 prezenta\u0163i la universitatea gazd\u0103 pentru a v\u0103 \u00eenmatricula. Biroul Rela\u0163ii Interna\u0163ionale sau ERASMUS trebuie s\u0103 v\u0103 completeze certificatul de confirmare a sosirii \u015fi \u00eenmatricul\u0103rii la universitatea gazd\u0103, apoi s\u0103 \u00eel trimit\u0103 prin e-mail Serviciul Mobilit\u0103\u021bi academice al USM (&hellip; <br \/> <a class=\"read-more\" href=\"https:\/\/international.usm.md\/?page_id=394\">Cite\u0219te mai mult<\/a><\/p>\n","protected":false},"author":1,"featured_media":0,"parent":0,"menu_order":0,"comment_status":"closed","ping_status":"closed","template":"","meta":{"footnotes":""},"rttpg_featured_image_url":null,"rttpg_author":{"display_name":"","author_link":"https:\/\/international.usm.md\/?author=1"},"rttpg_comment":0,"rttpg_category":null,"rttpg_excerpt":"1) \u00cenmatricularea la universitatea gazd\u0103: Primul lucru pe care \u00eel ave\u0163i de f\u0103cut este s\u0103 v\u0103 prezenta\u0163i la universitatea gazd\u0103 pentru a v\u0103 \u00eenmatricula. Biroul Rela\u0163ii Interna\u0163ionale sau ERASMUS trebuie s\u0103 v\u0103 completeze certificatul de confirmare a sosirii \u015fi \u00eenmatricul\u0103rii la universitatea gazd\u0103, apoi s\u0103 \u00eel trimit\u0103 prin e-mail Serviciul Mobilit\u0103\u021bi academice al USM (&hellip;&hellip;","_links":{"self":[{"href":"https:\/\/international.usm.md\/index.php?rest_route=\/wp\/v2\/pages\/394"}],"collection":[{"href":"https:\/\/international.usm.md\/index.php?rest_route=\/wp\/v2\/pages"}],"about":[{"href":"https:\/\/international.usm.md\/index.php?rest_route=\/wp\/v2\/types\/page"}],"author":[{"embeddable":true,"href":"https:\/\/international.usm.md\/index.php?rest_route=\/wp\/v2\/users\/1"}],"replies":[{"embeddable":true,"href":"https:\/\/international.usm.md\/index.php?rest_route=%2Fwp%2Fv2%2Fcomments&post=394"}],"version-history":[{"count":1,"href":"https:\/\/international.usm.md\/index.php?rest_route=\/wp\/v2\/pages\/394\/revisions"}],"predecessor-version":[{"id":395,"href":"https:\/\/international.usm.md\/index.php?rest_route=\/wp\/v2\/pages\/394\/revisions\/395"}],"wp:attachment":[{"href":"https:\/\/international.usm.md\/index.php?rest_route=%2Fwp%2Fv2%2Fmedia&parent=394"}],"curies":[{"name":"wp","href":"https:\/\/api.w.org\/{rel}","templated":true}]}}