{"id":422,"date":"2020-05-03T00:17:00","date_gmt":"2020-05-02T21:17:00","guid":{"rendered":"http:\/\/international.usm.md\/?page_id=422"},"modified":"2020-12-11T15:19:08","modified_gmt":"2020-12-11T12:19:08","slug":"facultati-si-oferte-de-studii","status":"publish","type":"page","link":"https:\/\/international.usm.md\/?page_id=422","title":{"rendered":"Facultati si oferte de studii"},"content":{"rendered":"<ul>\n<li><strong><a href=\"http:\/\/usm.md\/?page_id=489\">FACULTATEA DE BIOLOGIE SI PEDOLOGIE<\/a><\/strong><\/li>\n<li><strong><a href=\"http:\/\/usm.md\/?page_id=495\">FACULTATEA DE DREPT<\/a><\/strong><\/li>\n<li><strong><a href=\"http:\/\/usm.md\/?page_id=492\">FACULTATEA DE CHIMIE \u015eI TEHNOLOGIE CHIMIC\u0102<\/a><\/strong><\/li>\n<li><strong><a href=\"http:\/\/usm.md\/?page_id=498\">FACULTATEA DE FIZICA SI INGINERIE<\/a><\/strong><\/li>\n<li><strong><a href=\"http:\/\/usm.md\/?page_id=502\">FACULTATEA DE ISTORIE \u015eI FILOSOFIE<\/a><\/strong><\/li>\n<li><strong><a href=\"http:\/\/usm.md\/?page_id=505\">FACULTATEA DE JURNALISM \u015eI \u015eTIIN\u0162E ALE COMUNIC\u0102RII<\/a><\/strong><\/li>\n<li><strong><a href=\"http:\/\/usm.md\/?page_id=511\">FACULTATEA DE LITERE<\/a><\/strong><\/li>\n<li><strong><a href=\"http:\/\/usm.md\/?page_id=515\">FACULTATEA DE MATEMATIC\u0102 \u015eI INFORMATIC\u0102<\/a><\/strong><\/li>\n<li><strong><a href=\"http:\/\/usm.md\/?page_id=518\">FACULTATEA PSIHOLOGIE, \u015eTIIN\u0162E ALE EDUCA\u0162IEI, SOCIOLOGIE \u0218I ASISTEN\u021a\u0102 SOCIAL\u0102<\/a><\/strong><\/li>\n<li><strong><a href=\"http:\/\/usm.md\/?page_id=522\">FACULTATEA DE RELA\u0162II INTERNA\u0162IONALE, \u015eTIIN\u0162E POLITICE \u015eI ADMINISTRATIVE<\/a><\/strong><\/li>\n<li><strong><a href=\"http:\/\/usm.md\/?page_id=528\">FACULTATEA DE \u015eTIIN\u0162E ECONOMICE<\/a><\/strong><\/li>\n<\/ul>\n","protected":false},"excerpt":{"rendered":"<p>FACULTATEA DE BIOLOGIE SI PEDOLOGIE FACULTATEA DE DREPT FACULTATEA DE CHIMIE \u015eI TEHNOLOGIE CHIMIC\u0102 FACULTATEA DE FIZICA SI INGINERIE FACULTATEA DE ISTORIE \u015eI FILOSOFIE FACULTATEA DE JURNALISM \u015eI \u015eTIIN\u0162E ALE COMUNIC\u0102RII FACULTATEA DE LITERE FACULTATEA DE MATEMATIC\u0102 \u015eI INFORMATIC\u0102 FACULTATEA PSIHOLOGIE, \u015eTIIN\u0162E ALE EDUCA\u0162IEI, SOCIOLOGIE \u0218I ASISTEN\u021a\u0102 SOCIAL\u0102 FACULTATEA DE RELA\u0162II INTERNA\u0162IONALE, \u015eTIIN\u0162E POLITICE \u015eI&hellip; <br \/> <a class=\"read-more\" href=\"https:\/\/international.usm.md\/?page_id=422\">Cite\u0219te mai mult<\/a><\/p>\n","protected":false},"author":1,"featured_media":0,"parent":0,"menu_order":0,"comment_status":"closed","ping_status":"closed","template":"","meta":{"footnotes":""},"rttpg_featured_image_url":null,"rttpg_author":{"display_name":"","author_link":"https:\/\/international.usm.md\/?author=1"},"rttpg_comment":0,"rttpg_category":null,"rttpg_excerpt":"FACULTATEA DE BIOLOGIE SI PEDOLOGIE FACULTATEA DE DREPT FACULTATEA DE CHIMIE \u015eI TEHNOLOGIE CHIMIC\u0102 FACULTATEA DE FIZICA SI INGINERIE FACULTATEA DE ISTORIE \u015eI FILOSOFIE FACULTATEA DE JURNALISM \u015eI \u015eTIIN\u0162E ALE COMUNIC\u0102RII FACULTATEA DE LITERE FACULTATEA DE MATEMATIC\u0102 \u015eI INFORMATIC\u0102 FACULTATEA PSIHOLOGIE, \u015eTIIN\u0162E ALE EDUCA\u0162IEI, SOCIOLOGIE \u0218I ASISTEN\u021a\u0102 SOCIAL\u0102 FACULTATEA DE RELA\u0162II INTERNA\u0162IONALE, \u015eTIIN\u0162E POLITICE \u015eI&hellip;&hellip;","_links":{"self":[{"href":"https:\/\/international.usm.md\/index.php?rest_route=\/wp\/v2\/pages\/422"}],"collection":[{"href":"https:\/\/international.usm.md\/index.php?rest_route=\/wp\/v2\/pages"}],"about":[{"href":"https:\/\/international.usm.md\/index.php?rest_route=\/wp\/v2\/types\/page"}],"author":[{"embeddable":true,"href":"https:\/\/international.usm.md\/index.php?rest_route=\/wp\/v2\/users\/1"}],"replies":[{"embeddable":true,"href":"https:\/\/international.usm.md\/index.php?rest_route=%2Fwp%2Fv2%2Fcomments&post=422"}],"version-history":[{"count":5,"href":"https:\/\/international.usm.md\/index.php?rest_route=\/wp\/v2\/pages\/422\/revisions"}],"predecessor-version":[{"id":716,"href":"https:\/\/international.usm.md\/index.php?rest_route=\/wp\/v2\/pages\/422\/revisions\/716"}],"wp:attachment":[{"href":"https:\/\/international.usm.md\/index.php?rest_route=%2Fwp%2Fv2%2Fmedia&parent=422"}],"curies":[{"name":"wp","href":"https:\/\/api.w.org\/{rel}","templated":true}]}}