{"id":589,"date":"2020-07-07T15:16:59","date_gmt":"2020-07-07T12:16:59","guid":{"rendered":"http:\/\/international.usm.md\/?page_id=589"},"modified":"2020-07-07T15:16:59","modified_gmt":"2020-07-07T12:16:59","slug":"universitatea-din-saarland-partener-academic-european-al-germanistilor-usm","status":"publish","type":"page","link":"https:\/\/international.usm.md\/?page_id=589","title":{"rendered":"Universitatea din Saarland, partener academic european, al germani\u0219tilor USM"},"content":{"rendered":"<p style=\"text-align: justify;\"><img fetchpriority=\"high\" decoding=\"async\" class=\" wp-image-593 alignleft\" src=\"http:\/\/international.usm.md\/wp-content\/uploads\/Babin_Rusu.jpg\" alt=\"\" width=\"266\" height=\"201\" \/>\u00cen perioada de 25 \u2013 30 noiembrie 2018, am avut ocazia s\u0103 reprezint Departamentul Lingvistic\u0103 germanic\u0103 \u015fi comunicare intercultural\u0103 al Facult\u0103\u021bii Limbi \u015fi Literaturi Str\u0103ine, beneficiind de o mobilitate academic\u0103 de predare \u00een cadrul Universit\u0103\u0163ii din Saarland, Germania, unde \u00ee\u015fi fac studiile circa 17.000 de tineri din \u021aara lui Goethe \u015fi 650 din alte state ale lumii. Aceast\u0103 experien\u021b\u0103 pedagogic\u0103 interna\u021bional\u0103 a fost posibil\u0103, gra\u021bie Programului <em>Erasmus +<\/em><em>pentru educa\u021bie, formare, tineret \u0219i sport.\u00a0<\/em><\/p>\n<p style=\"text-align: justify;\">Experien\u0163a \u015ftiin\u0163ifico-didactic\u0103 \u00een cauz\u0103 a fost una de maxim\u0103 intensitate, \u00eentruc\u00e2t am f\u0103cut cuno\u015ftin\u0163\u0103, \u00een cadrul seminarelor \u015fi colocviilor \u015ftiin\u0163ifice pe care le-am moderat, cu diverse categorii de tineri &#8211; studen\u0163i din str\u0103in\u0103tate, ce formau grupul <em>Erasmus<\/em>, de la licen\u0163\u0103, masterat \u015fi doctorat.<\/p>\n<p style=\"text-align: justify;\">Ca rezultat al \u00eent\u00e2lnirilor oficiale cu reprezentan\u021bii Departamentului de Germanistic\u0103 al Universit\u0103\u0163ii din Saarland, mi-am trasat ni\u015fte repere de \u00eembun\u0103t\u0103\u0163ire at\u00e2t a calit\u0103\u0163ii activit\u0103\u0163ilor academice, c\u00e2t \u015fi a celor de cercetare \u015ftiin\u0163ific\u0103.<\/p>\n<p style=\"text-align: justify;\"><strong>Tatiana Babin-Rusu<\/strong>, <strong>dr., conf. univ, Departamentul Lingvistic\u0103 germanic\u0103 \u015fi comunicare intercultural\u0103, Facultatea de Limbi \u015fi Literaturi Str\u0103ine, USM<\/strong><\/p>\n<p style=\"text-align: justify;\">\n<p style=\"text-align: justify;\">\n","protected":false},"excerpt":{"rendered":"<p>\u00cen perioada de 25 \u2013 30 noiembrie 2018, am avut ocazia s\u0103 reprezint Departamentul Lingvistic\u0103 germanic\u0103 \u015fi comunicare intercultural\u0103 al Facult\u0103\u021bii Limbi \u015fi Literaturi Str\u0103ine, beneficiind de o mobilitate academic\u0103 de predare \u00een cadrul Universit\u0103\u0163ii din Saarland, Germania, unde \u00ee\u015fi fac studiile circa 17.000 de tineri din \u021aara lui Goethe \u015fi 650 din alte state&hellip; <br \/> <a class=\"read-more\" href=\"https:\/\/international.usm.md\/?page_id=589\">Cite\u0219te mai mult<\/a><\/p>\n","protected":false},"author":1,"featured_media":0,"parent":0,"menu_order":0,"comment_status":"closed","ping_status":"closed","template":"","meta":{"footnotes":""},"rttpg_featured_image_url":null,"rttpg_author":{"display_name":"","author_link":"https:\/\/international.usm.md\/?author=1"},"rttpg_comment":0,"rttpg_category":null,"rttpg_excerpt":"\u00cen perioada de 25 \u2013 30 noiembrie 2018, am avut ocazia s\u0103 reprezint Departamentul Lingvistic\u0103 germanic\u0103 \u015fi comunicare intercultural\u0103 al Facult\u0103\u021bii Limbi \u015fi Literaturi Str\u0103ine, beneficiind de o mobilitate academic\u0103 de predare \u00een cadrul Universit\u0103\u0163ii din Saarland, Germania, unde \u00ee\u015fi fac studiile circa 17.000 de tineri din \u021aara lui Goethe \u015fi 650 din alte state&hellip;&hellip;","_links":{"self":[{"href":"https:\/\/international.usm.md\/index.php?rest_route=\/wp\/v2\/pages\/589"}],"collection":[{"href":"https:\/\/international.usm.md\/index.php?rest_route=\/wp\/v2\/pages"}],"about":[{"href":"https:\/\/international.usm.md\/index.php?rest_route=\/wp\/v2\/types\/page"}],"author":[{"embeddable":true,"href":"https:\/\/international.usm.md\/index.php?rest_route=\/wp\/v2\/users\/1"}],"replies":[{"embeddable":true,"href":"https:\/\/international.usm.md\/index.php?rest_route=%2Fwp%2Fv2%2Fcomments&post=589"}],"version-history":[{"count":1,"href":"https:\/\/international.usm.md\/index.php?rest_route=\/wp\/v2\/pages\/589\/revisions"}],"predecessor-version":[{"id":594,"href":"https:\/\/international.usm.md\/index.php?rest_route=\/wp\/v2\/pages\/589\/revisions\/594"}],"wp:attachment":[{"href":"https:\/\/international.usm.md\/index.php?rest_route=%2Fwp%2Fv2%2Fmedia&parent=589"}],"curies":[{"name":"wp","href":"https:\/\/api.w.org\/{rel}","templated":true}]}}