{"id":590,"date":"2020-07-07T15:19:13","date_gmt":"2020-07-07T12:19:13","guid":{"rendered":"http:\/\/international.usm.md\/?page_id=590"},"modified":"2020-07-07T15:19:13","modified_gmt":"2020-07-07T12:19:13","slug":"usm-universitatea-din-granada-noi-parteneriate-in-domeniile-biologiei-si-ecologiei","status":"publish","type":"page","link":"https:\/\/international.usm.md\/?page_id=590","title":{"rendered":"USM &#8211; Universitatea din Granada, noi parteneriate \u00een domeniile biologiei \u0219i ecologiei"},"content":{"rendered":"<p style=\"text-align: justify;\"><img decoding=\"async\" class=\" wp-image-596 alignleft\" src=\"http:\/\/international.usm.md\/wp-content\/uploads\/Barsan.jpg\" alt=\"\" width=\"219\" height=\"219\" \/>\u00cen perioada 23-27 iulie 2018, am avut onoarea de a reprezenta Facultatea de Biologie \u0219i Pedologie USM, la <em>International Researcher Development Week, <\/em>care s-a desf\u0103\u0219urat la Universitatea din Granada, Spania, \u00een contextul Programului Erasmus +<em> Dimensiune Interna\u021bional\u0103 (E + ICM) <\/em>al UE. \u00cen s\u0103pt\u0103m\u00e2na-eveniment, s-au \u00eentrunit reprezentan\u021bi ai unor importante centre academice din lume, pentru a dezbate chestiuni ce \u021bin de amplificarea fenomenului interna\u021bionaliz\u0103rii \u00eenv\u0103\u021b\u0103m\u00e2ntului universitar, a cercet\u0103rii \u0219i transferului de cuno\u0219tin\u021be.<\/p>\n<p style=\"text-align: justify;\">Mobilitatea academic\u0103 \u00een cauz\u0103 a fost o excelent\u0103 oportunitate de a ne familiariza cu politicile educa\u021bionale din Spania, ale altor state cu sisteme avansate de instruire \u0219i formare profesional\u0103. Preluarea unor metodologii de cercetare de ultim\u0103 or\u0103 \u0219i stabilirea unor noi rela\u021bii de cooperare interna\u021bional\u0103 au constituit priorit\u0103\u021bile noastre.<\/p>\n<p style=\"text-align: justify;\">\u00cen cadrul <em>International Researcher Development Week<\/em>, am pus bazele unei colabor\u0103ri transdisciplinare \u00eentre Facultatea de Biologie \u015fi Pedologie USM \u0219i Facultatea de Biologie din UGR. Prin urmare, prelu\u0103m unele modele de organizare a procesului educa\u021bional de profil.<\/p>\n<p style=\"text-align: justify;\"><strong>Interna\u021bionalizarea educa\u021biei \u0219i cercet\u0103rii, o prioritate a USM<\/strong><\/p>\n<p style=\"text-align: justify;\">Atelierele de lucru ne-au permis analiza mai detaliat\u0103 a unor metode moleculare moderne de cercetare, a protocoalelor de lucru, echipamentelor moderne etc. Astfel, stagiul efectuatla Universitatea din Granada ne-a oferit posibilitatea de a ne dezvolta competen\u0163ele profesionale \u015fi organizatorice.<\/p>\n<p style=\"text-align: justify;\">Experien\u021ba acumulat\u0103, gra\u021bie Programului <em>Erasmus+<\/em>, contribuie la cre\u0219terea performan\u021belor academice ale profesorilor no\u0219tri, cercet\u0103torilor \u0219tiin\u021bifici \u0219i personalului auxiliar de la Departamentul Biologie \u0219i Ecologie. De asemenea, moderniz\u0103m procesulform\u0103rii competen\u0163elor gnoseologice, investiga\u0163ionale \u015fi antreprenoriale ale tineretului studios, pentru a-i m\u0103ri \u0219ansele la angajare.<\/p>\n<p style=\"text-align: justify;\"><em>International Researcher Development Week<\/em> a reprezentat \u0219i o veritabil\u0103 deschidere cultural\u0103 european\u0103, noi orizonturi interna\u021bionale, \u00een special, ale Departamentului de Biologie \u0219i Ecologie. \u00a0Demn de men\u021bionat ar fi \u0219i accentul s\u0103pt\u0103m\u00e2nii-eveniment, pus asupra <strong>Cooper\u0103rii<\/strong> \u00een locul concuren\u0163ei, pentru a aduce<strong> Valoare cercet\u0103rii<\/strong>, <strong>Educ\u0103rii<\/strong> tineretului pentru a <strong>Schimba <\/strong>societatea, <strong>Educ\u0103rii<\/strong> cet\u0103\u0163enilor pentru o <strong>societate s\u0103n\u0103toas\u0103. <\/strong>Mul\u0163umim organizatorilor pentru oportunitatea oferit\u0103!<\/p>\n<p style=\"text-align: justify;\"><strong>Dr., conf. univ. <\/strong><strong>Ana B\u00ceRSAN, Facultatea de Biologie \u0219i Pedologie, USM<\/strong><\/p>\n","protected":false},"excerpt":{"rendered":"<p>\u00cen perioada 23-27 iulie 2018, am avut onoarea de a reprezenta Facultatea de Biologie \u0219i Pedologie USM, la International Researcher Development Week, care s-a desf\u0103\u0219urat la Universitatea din Granada, Spania, \u00een contextul Programului Erasmus + Dimensiune Interna\u021bional\u0103 (E + ICM) al UE. \u00cen s\u0103pt\u0103m\u00e2na-eveniment, s-au \u00eentrunit reprezentan\u021bi ai unor importante centre academice din lume, pentru&hellip; <br \/> <a class=\"read-more\" href=\"https:\/\/international.usm.md\/?page_id=590\">Cite\u0219te mai mult<\/a><\/p>\n","protected":false},"author":1,"featured_media":0,"parent":0,"menu_order":0,"comment_status":"closed","ping_status":"closed","template":"","meta":{"footnotes":""},"rttpg_featured_image_url":null,"rttpg_author":{"display_name":"","author_link":"https:\/\/international.usm.md\/?author=1"},"rttpg_comment":0,"rttpg_category":null,"rttpg_excerpt":"\u00cen perioada 23-27 iulie 2018, am avut onoarea de a reprezenta Facultatea de Biologie \u0219i Pedologie USM, la International Researcher Development Week, care s-a desf\u0103\u0219urat la Universitatea din Granada, Spania, \u00een contextul Programului Erasmus + Dimensiune Interna\u021bional\u0103 (E + ICM) al UE. \u00cen s\u0103pt\u0103m\u00e2na-eveniment, s-au \u00eentrunit reprezentan\u021bi ai unor importante centre academice din lume, pentru&hellip;&hellip;","_links":{"self":[{"href":"https:\/\/international.usm.md\/index.php?rest_route=\/wp\/v2\/pages\/590"}],"collection":[{"href":"https:\/\/international.usm.md\/index.php?rest_route=\/wp\/v2\/pages"}],"about":[{"href":"https:\/\/international.usm.md\/index.php?rest_route=\/wp\/v2\/types\/page"}],"author":[{"embeddable":true,"href":"https:\/\/international.usm.md\/index.php?rest_route=\/wp\/v2\/users\/1"}],"replies":[{"embeddable":true,"href":"https:\/\/international.usm.md\/index.php?rest_route=%2Fwp%2Fv2%2Fcomments&post=590"}],"version-history":[{"count":1,"href":"https:\/\/international.usm.md\/index.php?rest_route=\/wp\/v2\/pages\/590\/revisions"}],"predecessor-version":[{"id":597,"href":"https:\/\/international.usm.md\/index.php?rest_route=\/wp\/v2\/pages\/590\/revisions\/597"}],"wp:attachment":[{"href":"https:\/\/international.usm.md\/index.php?rest_route=%2Fwp%2Fv2%2Fmedia&parent=590"}],"curies":[{"name":"wp","href":"https:\/\/api.w.org\/{rel}","templated":true}]}}