{"id":591,"date":"2020-07-07T15:20:56","date_gmt":"2020-07-07T12:20:56","guid":{"rendered":"http:\/\/international.usm.md\/?page_id=591"},"modified":"2020-07-07T15:20:56","modified_gmt":"2020-07-07T12:20:56","slug":"mobilitate-academica-de-succes-la-universitatea-deusto","status":"publish","type":"page","link":"https:\/\/international.usm.md\/?page_id=591","title":{"rendered":"Mobilitate academic\u0103 de succes, la Universitatea Deusto"},"content":{"rendered":"<p style=\"text-align: justify;\"><img decoding=\"async\" class=\" wp-image-599 alignleft\" src=\"http:\/\/international.usm.md\/wp-content\/uploads\/Igor-Casu.jpg\" alt=\"\" width=\"230\" height=\"173\" \/>Am avut ocazia s\u0103 beneficiez de o burs\u0103 de mobilitate <em>Erasmus+<\/em>, \u00een prim\u0103vara anului 2017. Insititu\u021bia-gazd\u0103 a fost Universitatea Deusto din Bilbao, \u021aara Bascilor, Spania. A fost o exprien\u021b\u0103 foarte util\u0103, cu oportunit\u0103\u021bi reale \u00een vederea unor colabor\u0103ri viitoare. Mai mult, am fost invitat s\u0103 sus\u021bin o serie de lec\u021bii despre situa\u021bia din fosta URSS, mai ales, \u00een leg\u0103tur\u0103 cu evenimentele din Ucraina, anexarea Crimeii, r\u0103zboiul din regiunile Done\u021bk \u0219i Lugansk. Este un proiect de viitor, a\u0219teptat s\u0103 se materializeze. Cu aceea\u0219i ocazie, am avut \u0219ansa s\u0103 consult fondurile bibliotecii ale Universit\u0103\u021bii Deusto, unde am descoperit o serie de volume, necesare pentru elaborarea tezei de doctor habilitat.<\/p>\n<p style=\"text-align: right;\"><strong>Dr., conf. univ. Igor CA\u0218U<\/strong><\/p>\n<p style=\"text-align: right;\"><strong>Facultatea de Istorie \u0219i Filosofie<\/strong><\/p>\n","protected":false},"excerpt":{"rendered":"<p>Am avut ocazia s\u0103 beneficiez de o burs\u0103 de mobilitate Erasmus+, \u00een prim\u0103vara anului 2017. Insititu\u021bia-gazd\u0103 a fost Universitatea Deusto din Bilbao, \u021aara Bascilor, Spania. A fost o exprien\u021b\u0103 foarte util\u0103, cu oportunit\u0103\u021bi reale \u00een vederea unor colabor\u0103ri viitoare. Mai mult, am fost invitat s\u0103 sus\u021bin o serie de lec\u021bii despre situa\u021bia din fosta URSS,&hellip; <br \/> <a class=\"read-more\" href=\"https:\/\/international.usm.md\/?page_id=591\">Cite\u0219te mai mult<\/a><\/p>\n","protected":false},"author":1,"featured_media":0,"parent":0,"menu_order":0,"comment_status":"closed","ping_status":"closed","template":"","meta":{"footnotes":""},"rttpg_featured_image_url":null,"rttpg_author":{"display_name":"","author_link":"https:\/\/international.usm.md\/?author=1"},"rttpg_comment":0,"rttpg_category":null,"rttpg_excerpt":"Am avut ocazia s\u0103 beneficiez de o burs\u0103 de mobilitate Erasmus+, \u00een prim\u0103vara anului 2017. Insititu\u021bia-gazd\u0103 a fost Universitatea Deusto din Bilbao, \u021aara Bascilor, Spania. A fost o exprien\u021b\u0103 foarte util\u0103, cu oportunit\u0103\u021bi reale \u00een vederea unor colabor\u0103ri viitoare. Mai mult, am fost invitat s\u0103 sus\u021bin o serie de lec\u021bii despre situa\u021bia din fosta URSS,&hellip;&hellip;","_links":{"self":[{"href":"https:\/\/international.usm.md\/index.php?rest_route=\/wp\/v2\/pages\/591"}],"collection":[{"href":"https:\/\/international.usm.md\/index.php?rest_route=\/wp\/v2\/pages"}],"about":[{"href":"https:\/\/international.usm.md\/index.php?rest_route=\/wp\/v2\/types\/page"}],"author":[{"embeddable":true,"href":"https:\/\/international.usm.md\/index.php?rest_route=\/wp\/v2\/users\/1"}],"replies":[{"embeddable":true,"href":"https:\/\/international.usm.md\/index.php?rest_route=%2Fwp%2Fv2%2Fcomments&post=591"}],"version-history":[{"count":1,"href":"https:\/\/international.usm.md\/index.php?rest_route=\/wp\/v2\/pages\/591\/revisions"}],"predecessor-version":[{"id":600,"href":"https:\/\/international.usm.md\/index.php?rest_route=\/wp\/v2\/pages\/591\/revisions\/600"}],"wp:attachment":[{"href":"https:\/\/international.usm.md\/index.php?rest_route=%2Fwp%2Fv2%2Fmedia&parent=591"}],"curies":[{"name":"wp","href":"https:\/\/api.w.org\/{rel}","templated":true}]}}