{"id":592,"date":"2020-07-07T15:23:32","date_gmt":"2020-07-07T12:23:32","guid":{"rendered":"http:\/\/international.usm.md\/?page_id=592"},"modified":"2020-07-07T15:23:32","modified_gmt":"2020-07-07T12:23:32","slug":"internationalizarea-usm-prin-programele-ue","status":"publish","type":"page","link":"https:\/\/international.usm.md\/?page_id=592","title":{"rendered":"Interna\u021bionalizarea USM prin programele UE"},"content":{"rendered":"<p style=\"text-align: justify;\"><img fetchpriority=\"high\" decoding=\"async\" class=\"alignleft\" src=\"http:\/\/international.usm.md\/wp-content\/uploads\/10341872_709267245779238_7326573664194755156_n.jpg\" width=\"207\" height=\"244\" \/>Eperien\u021ba mobilit\u0103\u021bilor academice \u00een cadrul programelor UE constituie o etap\u0103 fundamental\u0103 \u00een evolu\u021bia profesional\u0103 a cadrelor didactice de la cea mai apreciat\u0103 universitate din R. Moldova \u2013 Universitatea de Stat din Moldova. Programul <em>Erasmus+<\/em> <em>pentru educa\u021bie, formare, tineret \u0219i sport<\/em> a deschis noi u\u0219i de colaborare ale Facult\u0103\u021bii de Rela\u021bii Interna\u021bionale, \u0218tiin\u021be Politice \u0219i Administrative (FRI\u0218PA).<\/p>\n<p style=\"text-align: justify;\">Dr. Natalia Putin\u0103, lector la Departamentul \u0218tiin\u021be Politice \u0219i Administrative, a stabilit parteneriate cu profesori \u0219i studen\u021bi din centre academice ale statelor membre ale UE, precum Universitatea din Oradea, Rom\u00e2nia (2015), Universitatea din Opole, Polonia (2017), Universitatea Beira Interior, Portugalia (2018).<\/p>\n<p style=\"text-align: justify;\">\u201dFormarea pedagogic\u0103 continu\u0103, prin intermediul Programului <em>Erasmus+,<\/em> m-a determinat s\u0103 redefinesc anumite reprezent\u0103ri cu privire la obiectivele educa\u021biei din \u00eenv\u0103\u021b\u0103m\u00e2ntul superior. Am \u00eencercat s\u0103 m\u0103 reinventez pe mine \u00eens\u0103mi, \u00een calitate de cadru didactic, pentru a avea o prezen\u021b\u0103 de nivelul exponentului universit\u0103\u021bii europene de azi, \u00een fa\u021ba unui public nou \u0219i necunoscut.<\/p>\n<p style=\"text-align: justify;\">\u00cen afara oportunit\u0103\u021bilor extraordinare de dezvoltare personal\u0103, a schimbului de experien\u021b\u0103, rela\u021bionare \u0219i cunoa\u0219tere a unor sisteme universitare diverse, schimbului cultural, am \u00eenv\u0103\u021bat cum e s\u0103 descop\u0103r impactul pozitiv al lec\u021biilor realizate \u00een universit\u0103\u021bile-gazd\u0103\u201d, afirm\u0103 lectorul Natalia Putin\u0103.<\/p>\n<p style=\"text-align: justify;\">Mobilit\u0103\u021bile <em>Erasmus+<\/em> sunt ocazii deosebite de a face cunoscut\u0103 Republica Moldova \u00een mediile academice europene \u0219i de a stabili noi pun\u021bi de cooperare \u00eentre Universitatea de Stat din Moldova \u0219i alte institu\u021bii de \u00eenv\u0103\u021b\u0103m\u00e2nt superior.<\/p>\n<p style=\"text-align: right;\"><strong><em>Serviciul Imagine \u0219i Rela\u021bii Publice, USM<\/em><\/strong><\/p>\n<p style=\"text-align: justify;\">\n","protected":false},"excerpt":{"rendered":"<p>Eperien\u021ba mobilit\u0103\u021bilor academice \u00een cadrul programelor UE constituie o etap\u0103 fundamental\u0103 \u00een evolu\u021bia profesional\u0103 a cadrelor didactice de la cea mai apreciat\u0103 universitate din R. Moldova \u2013 Universitatea de Stat din Moldova. Programul Erasmus+ pentru educa\u021bie, formare, tineret \u0219i sport a deschis noi u\u0219i de colaborare ale Facult\u0103\u021bii de Rela\u021bii Interna\u021bionale, \u0218tiin\u021be Politice \u0219i Administrative&hellip; <br \/> <a class=\"read-more\" href=\"https:\/\/international.usm.md\/?page_id=592\">Cite\u0219te mai mult<\/a><\/p>\n","protected":false},"author":1,"featured_media":0,"parent":0,"menu_order":0,"comment_status":"closed","ping_status":"closed","template":"","meta":{"footnotes":""},"rttpg_featured_image_url":null,"rttpg_author":{"display_name":"","author_link":"https:\/\/international.usm.md\/?author=1"},"rttpg_comment":0,"rttpg_category":null,"rttpg_excerpt":"Eperien\u021ba mobilit\u0103\u021bilor academice \u00een cadrul programelor UE constituie o etap\u0103 fundamental\u0103 \u00een evolu\u021bia profesional\u0103 a cadrelor didactice de la cea mai apreciat\u0103 universitate din R. Moldova \u2013 Universitatea de Stat din Moldova. Programul Erasmus+ pentru educa\u021bie, formare, tineret \u0219i sport a deschis noi u\u0219i de colaborare ale Facult\u0103\u021bii de Rela\u021bii Interna\u021bionale, \u0218tiin\u021be Politice \u0219i Administrative&hellip;&hellip;","_links":{"self":[{"href":"https:\/\/international.usm.md\/index.php?rest_route=\/wp\/v2\/pages\/592"}],"collection":[{"href":"https:\/\/international.usm.md\/index.php?rest_route=\/wp\/v2\/pages"}],"about":[{"href":"https:\/\/international.usm.md\/index.php?rest_route=\/wp\/v2\/types\/page"}],"author":[{"embeddable":true,"href":"https:\/\/international.usm.md\/index.php?rest_route=\/wp\/v2\/users\/1"}],"replies":[{"embeddable":true,"href":"https:\/\/international.usm.md\/index.php?rest_route=%2Fwp%2Fv2%2Fcomments&post=592"}],"version-history":[{"count":1,"href":"https:\/\/international.usm.md\/index.php?rest_route=\/wp\/v2\/pages\/592\/revisions"}],"predecessor-version":[{"id":603,"href":"https:\/\/international.usm.md\/index.php?rest_route=\/wp\/v2\/pages\/592\/revisions\/603"}],"wp:attachment":[{"href":"https:\/\/international.usm.md\/index.php?rest_route=%2Fwp%2Fv2%2Fmedia&parent=592"}],"curies":[{"name":"wp","href":"https:\/\/api.w.org\/{rel}","templated":true}]}}