{"id":605,"date":"2020-07-07T15:28:23","date_gmt":"2020-07-07T12:28:23","guid":{"rendered":"http:\/\/international.usm.md\/?page_id=605"},"modified":"2020-07-07T15:28:23","modified_gmt":"2020-07-07T12:28:23","slug":"mobilitatile-academicela-universitatea-a-i-cuza-si-noile-perspective","status":"publish","type":"page","link":"https:\/\/international.usm.md\/?page_id=605","title":{"rendered":"Mobilit\u0103\u021bile academicela Universitatea \u201dA. I. Cuza\u201d \u0219i noile perspective"},"content":{"rendered":"<p style=\"text-align: justify;\"><img decoding=\"async\" class=\" wp-image-607 alignleft\" src=\"http:\/\/international.usm.md\/wp-content\/uploads\/SCHIOPU.jpg\" alt=\"\" width=\"192\" height=\"200\" \/>Mobilitatea academic\u0103 la Departamentul Jurnalism \u0219i \u0218tiin\u021be ale Comunic\u0103rii din cadrul Facult\u0103\u021bii de Litere a Universit\u0103\u021bii\u201dA. I. Cuza\u201d din Ia\u0219i a fost oportunitate excelent\u0103 pentru mine de a studia \u00een profunzime sistemul de preg\u0103tire \u00een domeniul vizat a tinerilor din Rom\u00e2nia, \u021bar\u0103 care a aderat la Procesul de la Bologna mai devreme dec\u00e2t R. Moldova. Am avut ocazia s\u0103 urmez un program de predare la istorica universitate ie\u0219ean\u0103 \u0219i s\u0103 beneficiez de un schimb de experien\u021b\u0103, ce mi-a \u00eembog\u0103\u021bit competen\u021bele profesionale \u0219i calitatea activit\u0103\u0163ii didactice.<\/p>\n<p style=\"text-align: justify;\">La Universitatea \u201dA. I. Cuza\u201d am beneficiat de literatur\u0103 de specialitate de care nu avem \u00een Republica Moldova. Am luat cuno\u0219tin\u021b\u0103 de curricula mai multor discipline, le-am analizat, \u00een plan comparativ din perspectiva con\u021binuturilor \u0219i a competen\u0163elor proiectate a fi formate la viitorii speciali\u0219ti \u00een domeniul mass-media.<\/p>\n<p style=\"text-align: justify;\"><strong>Constantin \u0218chiopu, dr. hab., prof univ. inter. la Facultatea de Jurnalism \u0219i \u0218tiin\u021be ale Comunic\u0103rii<\/strong><\/p>\n<p>&nbsp;<\/p>\n<p>&nbsp;<\/p>\n","protected":false},"excerpt":{"rendered":"<p>Mobilitatea academic\u0103 la Departamentul Jurnalism \u0219i \u0218tiin\u021be ale Comunic\u0103rii din cadrul Facult\u0103\u021bii de Litere a Universit\u0103\u021bii\u201dA. I. Cuza\u201d din Ia\u0219i a fost oportunitate excelent\u0103 pentru mine de a studia \u00een profunzime sistemul de preg\u0103tire \u00een domeniul vizat a tinerilor din Rom\u00e2nia, \u021bar\u0103 care a aderat la Procesul de la Bologna mai devreme dec\u00e2t R. Moldova.&hellip; <br \/> <a class=\"read-more\" href=\"https:\/\/international.usm.md\/?page_id=605\">Cite\u0219te mai mult<\/a><\/p>\n","protected":false},"author":1,"featured_media":0,"parent":0,"menu_order":0,"comment_status":"closed","ping_status":"closed","template":"","meta":{"footnotes":""},"rttpg_featured_image_url":null,"rttpg_author":{"display_name":"","author_link":"https:\/\/international.usm.md\/?author=1"},"rttpg_comment":0,"rttpg_category":null,"rttpg_excerpt":"Mobilitatea academic\u0103 la Departamentul Jurnalism \u0219i \u0218tiin\u021be ale Comunic\u0103rii din cadrul Facult\u0103\u021bii de Litere a Universit\u0103\u021bii\u201dA. I. Cuza\u201d din Ia\u0219i a fost oportunitate excelent\u0103 pentru mine de a studia \u00een profunzime sistemul de preg\u0103tire \u00een domeniul vizat a tinerilor din Rom\u00e2nia, \u021bar\u0103 care a aderat la Procesul de la Bologna mai devreme dec\u00e2t R. Moldova.&hellip;&hellip;","_links":{"self":[{"href":"https:\/\/international.usm.md\/index.php?rest_route=\/wp\/v2\/pages\/605"}],"collection":[{"href":"https:\/\/international.usm.md\/index.php?rest_route=\/wp\/v2\/pages"}],"about":[{"href":"https:\/\/international.usm.md\/index.php?rest_route=\/wp\/v2\/types\/page"}],"author":[{"embeddable":true,"href":"https:\/\/international.usm.md\/index.php?rest_route=\/wp\/v2\/users\/1"}],"replies":[{"embeddable":true,"href":"https:\/\/international.usm.md\/index.php?rest_route=%2Fwp%2Fv2%2Fcomments&post=605"}],"version-history":[{"count":1,"href":"https:\/\/international.usm.md\/index.php?rest_route=\/wp\/v2\/pages\/605\/revisions"}],"predecessor-version":[{"id":608,"href":"https:\/\/international.usm.md\/index.php?rest_route=\/wp\/v2\/pages\/605\/revisions\/608"}],"wp:attachment":[{"href":"https:\/\/international.usm.md\/index.php?rest_route=%2Fwp%2Fv2%2Fmedia&parent=605"}],"curies":[{"name":"wp","href":"https:\/\/api.w.org\/{rel}","templated":true}]}}