{"id":610,"date":"2020-07-07T15:55:35","date_gmt":"2020-07-07T12:55:35","guid":{"rendered":"http:\/\/international.usm.md\/?page_id=610"},"modified":"2020-07-07T15:55:35","modified_gmt":"2020-07-07T12:55:35","slug":"usm-motorul-cercetarilor-inovative-al-rm-in-ue","status":"publish","type":"page","link":"https:\/\/international.usm.md\/?page_id=610","title":{"rendered":"USM, motorul cercet\u0103rilor inovative al RM \u00een UE"},"content":{"rendered":"<p style=\"text-align: justify;\">Prin intermediul Programului UE <em>Erasmus +<\/em> <em>pentru educa\u021bie, formare, tineret \u0219i sport<\/em>, am vizitat Universitatea din Granada (Spania), \u00een perioada lunii iulie 2018, cu ocazia S\u0103pt\u0103m\u00e2nii Cercet\u0103rii \u0219i Inov\u0103rii, organizat\u0103 acolo. La eveniment, au participat reprezentan\u021bi ai unor mari centre universitare din Europa. Aceast\u0103 c\u0103l\u0103torie \u0219tiin\u021bific\u0103 a fost una deosebit de fructuoas\u0103, ce mi-a impulsionat activitatea profesional\u0103.<\/p>\n<p style=\"text-align: justify;\">S\u0103pt\u0103m\u00e2na Cercet\u0103rii \u0219i Inov\u0103rii s-a desf\u0103\u0219urat la un nivel \u00eenalt \u0219i a permis fiec\u0103rui participant s\u0103 cunoasc\u0103 nu doar organizarea procesului de cercetare la universitatea spaniol\u0103, dar \u0219i proiectele \u00een derulare. Am fost impresionat de calitatea efectu\u0103rii m\u0103sur\u0103rilor \u00a0\u0219tiin\u021bifice, pentru care Universitatea din Granada a fondat un centru special, unde sunt concentrate cele mai moderne echipamente.<\/p>\n<p style=\"text-align: justify;\">Cercet\u0103tori spanioli, dar \u0219i cei din alte universit\u0103\u021bi europene, pot beneficia de asisten\u021ba structurii men\u021bionate. \u00cen urma acestei experien\u021be notabile, am elaborat un program de studii pentru laboratorul nostru de la USM, pentru anul 2019, care poate deveni o baz\u0103 \u0219tiin\u021bific\u0103 pentru proiecte de viitor, cu parteneri din UE.<\/p>\n<p style=\"text-align: right;\"><strong>Dr. Arcadi Chiri\u021ba, cercet\u0103tor \u0219tiin\u021bific al Laboratorului de Cercet\u0103ri \u0218tiin\u021bifice \u201c\u00cenregistrarea Fototermoplastic\u0103\u201c, Institutul de Cercetare \u0219i Inovare USM<\/strong><\/p>\n","protected":false},"excerpt":{"rendered":"<p>Prin intermediul Programului UE Erasmus + pentru educa\u021bie, formare, tineret \u0219i sport, am vizitat Universitatea din Granada (Spania), \u00een perioada lunii iulie 2018, cu ocazia S\u0103pt\u0103m\u00e2nii Cercet\u0103rii \u0219i Inov\u0103rii, organizat\u0103 acolo. La eveniment, au participat reprezentan\u021bi ai unor mari centre universitare din Europa. Aceast\u0103 c\u0103l\u0103torie \u0219tiin\u021bific\u0103 a fost una deosebit de fructuoas\u0103, ce mi-a impulsionat&hellip; <br \/> <a class=\"read-more\" href=\"https:\/\/international.usm.md\/?page_id=610\">Cite\u0219te mai mult<\/a><\/p>\n","protected":false},"author":1,"featured_media":0,"parent":0,"menu_order":0,"comment_status":"closed","ping_status":"closed","template":"","meta":{"footnotes":""},"rttpg_featured_image_url":null,"rttpg_author":{"display_name":"","author_link":"https:\/\/international.usm.md\/?author=1"},"rttpg_comment":0,"rttpg_category":null,"rttpg_excerpt":"Prin intermediul Programului UE Erasmus + pentru educa\u021bie, formare, tineret \u0219i sport, am vizitat Universitatea din Granada (Spania), \u00een perioada lunii iulie 2018, cu ocazia S\u0103pt\u0103m\u00e2nii Cercet\u0103rii \u0219i Inov\u0103rii, organizat\u0103 acolo. La eveniment, au participat reprezentan\u021bi ai unor mari centre universitare din Europa. Aceast\u0103 c\u0103l\u0103torie \u0219tiin\u021bific\u0103 a fost una deosebit de fructuoas\u0103, ce mi-a impulsionat&hellip;&hellip;","_links":{"self":[{"href":"https:\/\/international.usm.md\/index.php?rest_route=\/wp\/v2\/pages\/610"}],"collection":[{"href":"https:\/\/international.usm.md\/index.php?rest_route=\/wp\/v2\/pages"}],"about":[{"href":"https:\/\/international.usm.md\/index.php?rest_route=\/wp\/v2\/types\/page"}],"author":[{"embeddable":true,"href":"https:\/\/international.usm.md\/index.php?rest_route=\/wp\/v2\/users\/1"}],"replies":[{"embeddable":true,"href":"https:\/\/international.usm.md\/index.php?rest_route=%2Fwp%2Fv2%2Fcomments&post=610"}],"version-history":[{"count":1,"href":"https:\/\/international.usm.md\/index.php?rest_route=\/wp\/v2\/pages\/610\/revisions"}],"predecessor-version":[{"id":611,"href":"https:\/\/international.usm.md\/index.php?rest_route=\/wp\/v2\/pages\/610\/revisions\/611"}],"wp:attachment":[{"href":"https:\/\/international.usm.md\/index.php?rest_route=%2Fwp%2Fv2%2Fmedia&parent=610"}],"curies":[{"name":"wp","href":"https:\/\/api.w.org\/{rel}","templated":true}]}}