{"id":614,"date":"2020-07-07T16:11:58","date_gmt":"2020-07-07T13:11:58","guid":{"rendered":"http:\/\/international.usm.md\/?page_id=614"},"modified":"2020-07-07T16:11:58","modified_gmt":"2020-07-07T13:11:58","slug":"directorul-scolii-de-matematica-si-informatica-a-universitatii-keele-din-marea-britanie-la-usm","status":"publish","type":"page","link":"https:\/\/international.usm.md\/?page_id=614","title":{"rendered":"Directorul \u0218colii de Matematic\u0103 \u0219i Informatic\u0103 a Universit\u0103\u021bii Keele din Marea Britanie, la USM"},"content":{"rendered":"<p style=\"text-align: justify;\"><strong>Dr. Peter Andras, PhD, directorul \u0218colii de Matematic\u0103 \u0219i Informatic\u0103 a Universit\u0103\u021bii Keele din Marea Britanie, a sus\u021binut, recent, la USM, prelegerea \u201eSelf-aware Computing Systems\u201d, \u00een contextul unei<\/strong>\u00a0<strong>mobilit\u0103\u021bi de predare a\u00a0<em>Programului pentru educa\u021bie, formare, tineret \u0219i sport Erasmus+ al UE<\/em>. Cu aceast\u0103 ocazie, domnia sa a avut \u00eent\u00e2lniri cu conducerea USM \u0219i profesorii no\u0219tri, pentru stabilirea cooper\u0103rii dintre USM \u0219i a Universitatea Keele \u00een domeniul matematicii \u0219i informaticii.\u00a0<a href=\"http:\/\/usm.md\/wp-content\/uploads\/PeterAndras111.jpg\"><img decoding=\"async\" class=\"wp-image-22306 alignleft\" src=\"http:\/\/usm.md\/wp-content\/uploads\/PeterAndras111.jpg\" alt=\"PeterAndras11\" width=\"187\" height=\"179\" \/><\/a><\/strong><\/p>\n<p style=\"text-align: justify;\">Dr. Peter Andras a subliniat existen\u021ba unor multiple oportunit\u0103\u021bi de colaborare prin modernizarea programelor educa\u021bionale, reformarea sistemului de \u00eenv\u0103\u021b\u0103m\u00e2nt pentru o mare reu\u0219it\u0103 integrare \u00een societate \u0219i pe pia\u021ba muncii. Impulsionarea unui schimb de experien\u021b\u0103 dintre profesorii celor dou\u0103 institu\u021bii ar fi un pas, primele exemple \u00een acest sens fiind un \u00eenceput de bun augur.<\/p>\n<p style=\"text-align: justify;\"><strong>Viitorul unor programe de studii competitive pe pie\u021bele muncii din lume<\/strong><\/p>\n<p style=\"text-align: justify;\">Vizitele de \u00eenceput la universitatea britanic\u0103 ale profesorilor USM s-au produs, \u00een contextul mobilit\u0103\u021bilor academice Erasmus+ &#8211; ale conf. univ. dr. Valentin Ungureanu, directorul Departamentului de Informatic\u0103 din cadrul Facult\u0103\u021bii de Matematic\u0103 \u0219i Informatic\u0103 \u0219i conf. univ. dr. Valeriu Gu\u021bu au beneficiat, de asemenea, de mobilit\u0103\u021bi academice la\u00a0 universitatea britanic\u0103.<\/p>\n<p style=\"text-align: justify;\">\u201dOpt\u0103m pentru un parteneriat durabil cu USM, deoarece este una dintre institu\u021biile de \u00eenv\u0103\u021b\u0103m\u00e2nt superior cu o bogat\u0103 experien\u021b\u0103 academic\u0103, recunoscut\u0103 \u00eenc\u0103 din fosta URSS, unde se efectuau cercet\u0103ri \u0219tiin\u021bifice profunde, cu renumi\u021bi profesori de matematic\u0103, informatic\u0103 \u0219i inginerie. \u00a0Putem s\u0103 \u00eenv\u0103\u021b\u0103m unii de la al\u021bii \u0219i s\u0103 ne \u00eembun\u0103t\u0103\u021bim activitatea didactic\u0103.<\/p>\n<p style=\"text-align: justify;\">Mai mult, la Facultatea de Matematic\u0103 \u0219i Informatic\u0103 din Chi\u0219in\u0103u exist\u0103 domenii av\u00e2nd similitudini cu \u0218coala de Matematc\u0103 \u0219i Informatic\u0103 a Universit\u0103\u021bii Keele.<\/p>\n<p style=\"text-align: justify;\">Crearea unor programe de studii comune, competitive nu doar \u00een \u021b\u0103rile noastre, ci \u0219i pe pie\u021bele muncii din lume, ar fi un proiect de mare viitor\u201d, a conchis profesorul Peter Andras.<\/p>\n<p style=\"text-align: right;\"><em><strong>Serviciul Imagine \u0219i Rela\u021bii Publice, USM<\/strong><\/em><\/p>\n","protected":false},"excerpt":{"rendered":"<p>Dr. Peter Andras, PhD, directorul \u0218colii de Matematic\u0103 \u0219i Informatic\u0103 a Universit\u0103\u021bii Keele din Marea Britanie, a sus\u021binut, recent, la USM, prelegerea \u201eSelf-aware Computing Systems\u201d, \u00een contextul unei\u00a0mobilit\u0103\u021bi de predare a\u00a0Programului pentru educa\u021bie, formare, tineret \u0219i sport Erasmus+ al UE. Cu aceast\u0103 ocazie, domnia sa a avut \u00eent\u00e2lniri cu conducerea USM \u0219i profesorii no\u0219tri, pentru&hellip; <br \/> <a class=\"read-more\" href=\"https:\/\/international.usm.md\/?page_id=614\">Cite\u0219te mai mult<\/a><\/p>\n","protected":false},"author":1,"featured_media":0,"parent":0,"menu_order":0,"comment_status":"closed","ping_status":"closed","template":"","meta":{"footnotes":""},"rttpg_featured_image_url":null,"rttpg_author":{"display_name":"","author_link":"https:\/\/international.usm.md\/?author=1"},"rttpg_comment":0,"rttpg_category":null,"rttpg_excerpt":"Dr. Peter Andras, PhD, directorul \u0218colii de Matematic\u0103 \u0219i Informatic\u0103 a Universit\u0103\u021bii Keele din Marea Britanie, a sus\u021binut, recent, la USM, prelegerea \u201eSelf-aware Computing Systems\u201d, \u00een contextul unei\u00a0mobilit\u0103\u021bi de predare a\u00a0Programului pentru educa\u021bie, formare, tineret \u0219i sport Erasmus+ al UE. Cu aceast\u0103 ocazie, domnia sa a avut \u00eent\u00e2lniri cu conducerea USM \u0219i profesorii no\u0219tri, pentru&hellip;&hellip;","_links":{"self":[{"href":"https:\/\/international.usm.md\/index.php?rest_route=\/wp\/v2\/pages\/614"}],"collection":[{"href":"https:\/\/international.usm.md\/index.php?rest_route=\/wp\/v2\/pages"}],"about":[{"href":"https:\/\/international.usm.md\/index.php?rest_route=\/wp\/v2\/types\/page"}],"author":[{"embeddable":true,"href":"https:\/\/international.usm.md\/index.php?rest_route=\/wp\/v2\/users\/1"}],"replies":[{"embeddable":true,"href":"https:\/\/international.usm.md\/index.php?rest_route=%2Fwp%2Fv2%2Fcomments&post=614"}],"version-history":[{"count":1,"href":"https:\/\/international.usm.md\/index.php?rest_route=\/wp\/v2\/pages\/614\/revisions"}],"predecessor-version":[{"id":615,"href":"https:\/\/international.usm.md\/index.php?rest_route=\/wp\/v2\/pages\/614\/revisions\/615"}],"wp:attachment":[{"href":"https:\/\/international.usm.md\/index.php?rest_route=%2Fwp%2Fv2%2Fmedia&parent=614"}],"curies":[{"name":"wp","href":"https:\/\/api.w.org\/{rel}","templated":true}]}}