{"id":80,"date":"2019-12-12T13:04:05","date_gmt":"2019-12-12T10:04:05","guid":{"rendered":"http:\/\/international.usm.md\/?page_id=80"},"modified":"2020-02-18T17:01:46","modified_gmt":"2020-02-18T14:01:46","slug":"parteneriate","status":"publish","type":"page","link":"https:\/\/international.usm.md\/?page_id=80","title":{"rendered":"Parteneriate"},"content":{"rendered":"<h4 style=\"text-align: justify;\">Afilieri<\/h4>\n<p style=\"text-align: justify;\">Universitatea de Stat din Moldova este membru \u00een urm\u0103toarele organiza\u0163ii interna\u0163ionale:<\/p>\n<p style=\"text-align: justify;\">IAU \u2013\u00a0<a href=\"https:\/\/iau-aiu.net\/List-of-IAU-members?lang=en\">International Association of Universities<\/a><\/p>\n<p style=\"text-align: justify;\">AUF \u2013\u00a0<a href=\"https:\/\/www.auf.org\/les_membres\/nos-membres\/?pays%5B0%5D=MD\">Agence Universitaire de la Francophon<\/a><\/p>\n<p style=\"text-align: justify;\">EAU \u2013\u00a0<a href=\"http:\/\/www.eau-msu.ru\/heis\/view\/50\">EurAsia Association of Universities<\/a><\/p>\n<h4 style=\"text-align: justify;\">Acorduri Bilaterale<\/h4>\n<p style=\"text-align: justify;\">Universitatea de Stat din Moldova are \u00eencheiate 103 acorduri de colaborare cu universit\u0103\u0163i \u015fi alte institu\u0163ii de \u00eenv\u0103\u0163\u0103m\u00e2nt superior din 29 de \u0163\u0103ri:<\/p>\n<p style=\"text-align: justify;\"><strong>AMERICA DE NORD<\/strong><\/p>\n<p><b>Canada<\/b><\/p>\n<ul style=\"text-align: justify;\">\n<li>Universitatea Laval, Qu\u00e9bec, Canada<\/li>\n<\/ul>\n<p><b>Statele Unite ale Americii<\/b><\/p>\n<ul style=\"text-align: justify;\">\n<li>Universitatea din Florida<\/li>\n<li>Universitatea Drexel, Filadelfia (Drexel University, Philadelphia)<\/li>\n<li>Universitatea de Stat din Montana (Montana State University)<\/li>\n<li>Colegiul de Stat din Johnson (Johnson State College)<\/li>\n<li>Colegiul Keiser (Keiser College)<\/li>\n<\/ul>\n<p style=\"text-align: justify;\"><strong>ASIA<\/strong><\/p>\n<p><b>China<\/b><\/p>\n<ul style=\"text-align: justify;\">\n<li>Departamentul pentru Rela\u0163ii Externe al Comitetului de Stat pentru \u00cenv\u0103\u0163\u0103m\u00e2nt al Chinei<\/li>\n<\/ul>\n<p><b>Israel<\/b><\/p>\n<ul style=\"text-align: justify;\">\n<li>Universitatea Ben-Gurion<\/li>\n<\/ul>\n<p><b>Kazahstan<\/b><\/p>\n<ul style=\"text-align: justify;\">\n<li>Universitatea \u201eS\u00eerdaria\u201d<\/li>\n<\/ul>\n<p><b>Koreea de Sud<\/b><\/p>\n<ul style=\"text-align: justify;\">\n<li>Universitatea de Studii Interna\u0163ionale Hankuk (HUFS)<\/li>\n<\/ul>\n<p style=\"text-align: justify;\"><strong>EUROPA<\/strong><\/p>\n<p><b>Austria<\/b><\/p>\n<ul style=\"text-align: justify;\">\n<li>Biblioteca \u2013 Austria<\/li>\n<li>Ministerul Federal al Afacerilor Externe la Republicii Austria reprezentat prin Ambasada Austriei din Bucure\u015fti<\/li>\n<\/ul>\n<p><b>Armenia<\/b><\/p>\n<ul style=\"text-align: justify;\">\n<li>Universitatea Lingvistic\u0103 de Stat \u201eBrusov\u201d din Erevan (Yerevan State Linguistic University \u201eBrusov\u201d, Yerevan)<\/li>\n<\/ul>\n<p><b>Azerbaidjan<\/b><\/p>\n<ul style=\"text-align: justify;\">\n<li>Universitatea de Stat din Baku<\/li>\n<\/ul>\n<p><b>Belarus<\/b><\/p>\n<ul style=\"text-align: justify;\">\n<li>\u0411\u0435\u043b\u043e\u0440\u0443\u0441\u0441\u043a\u0438\u0439 \u0442\u043e\u0440\u0433\u043e\u0432\u043e-\u044d\u043a\u043e\u043d\u043e\u043c\u0438\u0447\u0435\u0441\u043a\u0438\u0439 \u0443\u043d\u0438\u0432\u0435\u0440\u0441\u0438\u0442\u0435\u0442 \u043f\u043e\u0442\u0440\u0435\u0431\u0438\u0442\u0435\u043b\u044c\u0441\u043a\u043e\u0439 \u043a\u043e\u043e\u043f\u0435\u0440\u0430\u0446\u0438\u0438 Belarusian Trade and Economic University of Consumer<\/li>\n<li>Universitatea de Stat din Belorus<\/li>\n<\/ul>\n<p><b>Belgia<\/b><\/p>\n<ul style=\"text-align: justify;\">\n<li>Universitatea Liber\u0103 din Bruxel (L\u2019Universit\u00e9 Libre de Bruxelles)<\/li>\n<li>Le Commissariat g\u00e9n\u00e9ral aux Relations internationales de la Communaut\u00e9 Wallonie-Bruxelles<\/li>\n<li>\u015ecoala Superioar\u0103 de la Bruxelles, Catedra Traducere \u015fi Interpretare (Institutul Superior de Traduc\u0103tori \u015fi Interpre\u0163i)<\/li>\n<\/ul>\n<p><b>Bulgaria<\/b><\/p>\n<ul style=\"text-align: justify;\">\n<li>Universitatea Sf. Chiril \u015fi Metodii din T\u00eernovo<\/li>\n<li>Universitatea \u201eSt. Kliment Ohridski\u201d din Sofia<\/li>\n<\/ul>\n<p><b>Elve\u0163ia<\/b><\/p>\n<ul style=\"text-align: justify;\">\n<li>Universitatea din Geneva (L\u2019Universit\u00e9 de Gen\u00e8ve)<\/li>\n<\/ul>\n<p><b>Federa\u0163ia Rus\u0103<\/b><\/p>\n<ul style=\"text-align: justify;\">\n<li>\u041f\u043e\u0432\u043e\u043b\u0436\u0441\u043a\u0430\u044f \u0410\u043a\u0430\u0434\u0435\u043c\u0438\u044f \u0413\u043e\u0441\u0443\u0434\u0430\u0440\u0441\u0442\u0432\u0435\u043d\u043d\u043e\u0439 \u0421\u043b\u0443\u0436\u0431\u044b \u0438\u043c. \u041f.\u0410.\u0421\u0442\u043e\u043b\u044b\u043f\u0438\u043d\u0430, \u0433. \u0421\u0430\u0440\u0430\u0442\u043e\u0432 (P.A. Stolypin Volga Region Academy of Public Administration )<\/li>\n<li>\u042e\u0436\u043d\u044b\u0439 \u0424\u0435\u0434\u0435\u0440\u0430\u043b\u044c\u043d\u044b\u0439 \u0423\u043d\u0438\u0432\u0435\u0440\u0441\u0438\u0442\u0435\u0442, \u0433. \u0420\u043e\u0441\u0442\u043e\u0432 \u2013 \u043d\u0430-\u0414\u043e\u043d\u0443<\/li>\n<li>Universitatea de Stat \u201eM.V.Lomonosov\u201d din Moscova<\/li>\n<li>Universitatea de Stat \u201cS.A.Esenin\u201d din Ryazan<\/li>\n<\/ul>\n<p><b>Finlanda<\/b><\/p>\n<ul style=\"text-align: justify;\">\n<li>Unversitatea din Helsinki<\/li>\n<\/ul>\n<p><b>Fran\u0163a<\/b><\/p>\n<ul style=\"text-align: justify;\">\n<li>Laboratoire de Chimie Physique Appliqu\u00e9e et l\u2019Environnement<\/li>\n<li>Facultatea de Drept \u015fi de Economie a Universit\u0103\u0163ii din Savoie<\/li>\n<li>Universitatea Robert Schuman din Strasbourg (L\u2019Universit\u00e9 Robert Schuman de Strasbourg)<\/li>\n<li>L\u2019Universit\u00e9 Blaise Pascal Clermont-Ferrand II<\/li>\n<li>L\u2019Universit\u00e9 Montesqueu-Bordeaux IV<\/li>\n<li>Universitatea Montpellier I<\/li>\n<li>Institutul Na\u0163ional de \u015etiin\u0163e Aplicate din Lyon<\/li>\n<li>L\u2019Universit\u00e9 de Rouen<\/li>\n<li>L\u2019Ecole Nationale Superieure de Chimie de Lille (ENSCL), L\u2019Ecole Nationale Superieure de Chimie de Rennes (ENSC Rennes)<\/li>\n<li>Universitatea din Strasbourg (L\u2019Universite de Strasbourg) (Fran\u0163a) (Departamentul de Fizic\u0103 \u015fi Inginerie \u015fi Institutul de Electronic\u0103 a Solidului \u015fi Sistemelor (InESS))<\/li>\n<\/ul>\n<p><b>Germania<\/b><\/p>\n<ul style=\"text-align: justify;\">\n<li>Univesritatea din Postdam, WIP Grupul de Cercetare (University of Postdam, WIP-Research Group Plant Protein Chemistry)<\/li>\n<li>Institutul de Ginetic\u0103 a Plantelor \u015fi Cercet\u0103rii Culturilor, Gatersleben (The Institut of Plant Genetics and Crop Research, Gatersleben)<\/li>\n<li>Institutul de Biologie Farmaceutic\u0103, Facultatea de Farmaceutic\u0103 a Universit\u0103\u0163ii Martin Liuter Halle-Vittenberg<\/li>\n<li>Institutul Leipzig din Moldova<\/li>\n<\/ul>\n<p><b>Grecia<\/b><\/p>\n<ul style=\"text-align: justify;\">\n<li>Universitatea Na\u0163ional\u0103 Tehnic\u0103 din Atena (The National Techical University of Athens)<\/li>\n<li>Re\u0163eaua Universitar\u0103 AIMOS (AIMOS Universities Network)<\/li>\n<li>Universitatea Aristotel din Thessaloniki (Aristotle University of Thessaloniki<\/li>\n<li>Universitatea Na\u0163ional\u0103 Kapodistrian\u0103 din Atena (The National and Kapodistrian University of Athens)<\/li>\n<\/ul>\n<p><b>Italia<\/b><\/p>\n<ul style=\"text-align: justify;\">\n<li>Universitatea \u201eLa Sapienza\u201d din Roma (Universita Degli Studi di Roma \u201eLa Sapienza\u201d)<\/li>\n<li>Parcul \u015etiin\u0163ific \u2013 Campusul Univesrit\u0103\u0163ii Pomeyia (The Scientific Park- University Campus of Pomezia)<\/li>\n<li>Universitatea din Parma (Universita Degli Studi di Parma)<\/li>\n<li>Institutul de \u015etiin\u0163e Politice Universitatea din Genova (Instituto di Scienza Politica Universita Degli Studi di Genova)<\/li>\n<li>Universitatea din Cassino (Universita Degli Studi di Cassino)<\/li>\n<li>Universitatea pentru cet\u0103\u0163eni str\u0103ini din Perugia<\/li>\n<li>Universitatea din Torino<\/li>\n<li>Universitatea din Bari<\/li>\n<li>Universitatea Alma Mater Studiorum\u201d din Bologna<\/li>\n<\/ul>\n<p><b>Lituania<\/b><\/p>\n<ul style=\"text-align: justify;\">\n<li>Universitatea din Klaipeda<\/li>\n<li>Universitatea Mykolas Romeris<\/li>\n<\/ul>\n<p><b>Polonia<\/b><\/p>\n<ul style=\"text-align: justify;\">\n<li>Universitatea Tehnic\u0103 din Gdansk<\/li>\n<li>Universitatea din Var\u015fovia<\/li>\n<li>Universitatea Adam Mickiewicz din Poznan<\/li>\n<li>Universitatea din Zelena Gora<\/li>\n<\/ul>\n<p><b>Portugalia<\/b><\/p>\n<ul style=\"text-align: justify;\">\n<li>Institutul Camoes<\/li>\n<\/ul>\n<p><b>Rom\u00e2nia<\/b><\/p>\n<ul style=\"text-align: justify;\">\n<li>Universitatea \u201e Dun\u0103rea de Jos\u201d din Gala\u0163i<\/li>\n<li>Institutul de Fizica \u015fi Inginerie Nuclear\u0103 Bucure\u015fti<\/li>\n<li>Universitatea \u201eBabe\u015f-Bolyai\u201d, Cluj-Napoca<\/li>\n<li>Universitatea din Craiova<\/li>\n<li>Facultatea de Istorie, Filozofie, Geografie Universitatea din Craiova,<\/li>\n<li>\u015ecoala Na\u0163ional\u0103 de Studii Politice \u015fi Administrative<\/li>\n<li>Universitatea Tehnic\u0103 \u201eG.Asachi\u201d Ia\u015fi<\/li>\n<li>Universitatea \u201e\u015etefan cel Mare\u201ddin Suceava<\/li>\n<li>Universitatea \u201e1 Decembrie 1918\u201d din Alba Iulia<\/li>\n<li>Universitatea de Stat din Pite\u015fti<\/li>\n<li>Universitatea Valahia din T\u00e2rgovi\u015fte<\/li>\n<li>Academia de Studii Economice Bucure\u015fti<\/li>\n<li>Universitatea din Bac\u0103u<\/li>\n<li>Universitatea \u201eAlexandru Ioan Cuza\u201d Ia\u015fi<\/li>\n<li>Universitatea din Oradea<\/li>\n<li>Universitatea din Bac\u0103u, Centrul de Cercetare \u201eInginerie Fizic\u0103 \u015fi Ingineria Mediului\u201d, Facultatea de Inginerie<\/li>\n<li>Universitatea de Vest din Timi\u015foara<\/li>\n<li>Universitatea din Bucure\u015fti<\/li>\n<li>Universitatea Banatul Timi\u015foara<\/li>\n<li>Universitatea \u201eConstantin Br\u00eencoveanu\u201d din Pite\u015fti<\/li>\n<li>Universitatea \u201eLucian Blaga\u201d din Sibiu<\/li>\n<li>Universitatea \u201dPetru Maior\u201d din T\u00eergul-Mure\u015f<\/li>\n<li>Institutul Na\u0163ional de Cercetare-Dezvoltare pentru Microtehnologie, IMT-Bucure\u015fti (Laboratorul Tehnologic pentru Microstructuri)<\/li>\n<\/ul>\n<p><b>Spania<\/b><\/p>\n<ul style=\"text-align: justify;\">\n<li>Universitatea din Alicante<\/li>\n<li>Universitatea Interna\u0163ional\u0103 din Andalusia (Universidad Internacional de Andalucia)<\/li>\n<li>Universitatea Deusto<\/li>\n<li>Funda\u0163ia Institutului Iberoamerican de Administrare Public\u0103<\/li>\n<\/ul>\n<p><b>Suedia<\/b><\/p>\n<ul style=\"text-align: justify;\">\n<li>Swedish Institute<\/li>\n<\/ul>\n<p><b>Turcia<\/b><\/p>\n<ul style=\"text-align: justify;\">\n<li>Universitatea din Ankara (Ankara University)<\/li>\n<li>Universitatea din Trakya<\/li>\n<li>Ambasada Republicii Turcia<\/li>\n<li>Universitatea Tehnic\u0103 din Orientul Mijlociu<\/li>\n<li>Administrative Council of Turkish International Cooperation Agency (TICA)<\/li>\n<li>Universitatea Hacettepe<\/li>\n<li>Karadeniz Technical University<\/li>\n<li>\u041c\u043e\u043b\u0434\u0430\u0432\u0441\u043a\u043e\u0435 \u041e\u0431\u0449\u0435\u0441\u0442\u0432\u043e \u0414\u0440\u0443\u0436\u0431\u044b, \u041a\u0443\u043b\u044c\u0442\u0443\u0440\u044b \u0438 \u0412\u0437\u0430\u0438\u043c\u043e\u043f\u043e\u0434\u0434\u0435\u0440\u0436\u043a\u0438<\/li>\n<li>Yeditepe University<\/li>\n<\/ul>\n<p><b>Ucraina<\/b><\/p>\n<ul>\n<li style=\"text-align: justify;\">Universitatea Na\u0163ional\u0103 \u201eIvan Franco\u201d din Lvov<\/li>\n<li style=\"text-align: justify;\">Universitatea Na\u0163ional\u0103 \u201eIurii Fedcovici\u201d din Cern\u0103u\u0163i (\u0427\u0435\u0440\u043d\u043e\u0432\u0438\u0446\u043a\u0438\u0439 \u041d\u0430\u0446\u0438\u043e\u043d\u0430\u043b\u044c\u043d\u044b\u0439 \u0423\u043d\u0438\u0432\u0435\u0440\u0441\u0438\u0442\u0435\u0442 \u0438\u043c. \u042e\u0440\u0438\u044f \u0424\u0435\u0434\u044c\u043a\u043e\u0432\u0438\u0447\u0430)<\/li>\n<li style=\"text-align: justify;\">Universitatea Tehnic\u0103 de Stat din Cremenciug (\u041a\u0440\u0435\u043c\u0435\u043d\u0447\u0443\u0433\u0441\u043a\u0438\u0439 \u0413\u043e\u0441\u0443\u0434\u0430\u0440\u0441\u0442\u0432\u0435\u043d\u043d\u044b\u0439 \u041f\u043e\u043b\u0438\u0442\u0435\u0445\u043d\u0438\u0447\u0435\u0441\u043a\u0438\u0439 \u0423\u043d\u0438\u0432\u0435\u0440\u0441\u0438\u0442\u0435\u0442)<\/li>\n<li style=\"text-align: justify;\">Universitatea Na\u0163ional\u0103 \u201eBogdan Hmelni\u0163ki\u201d din Cercass\u00ee (\u0427\u0435\u0440\u043a\u0430\u0441\u0441\u043a\u0438\u0439 \u041d\u0430\u0446\u0438\u043e\u043d\u0430\u043b\u044c\u043d\u044b\u0439 \u0423\u043d\u0438\u0432\u0435\u0440\u0441\u0438\u0442\u0435\u0442 \u0438\u043c. \u0411\u043e\u0433\u0434\u0430\u043d\u0430 \u0425\u043c\u0435\u043b\u044c\u043d\u0438\u0446\u043a\u043e\u0433\u043e)<\/li>\n<li style=\"text-align: justify;\">Universitatea Pedagogic\u0103 de Stat \u201eBogdan Hmelni\u0163ki\u201d din Melitopol (\u041c\u0435\u043b\u0438\u0442\u043e\u043f\u043e\u043b\u044c\u0441\u043a\u0438\u0439 \u0413\u043e\u0441\u0443\u0434\u0430\u0440\u0441\u0442\u0432\u0435\u043d\u043d\u044b\u0439 \u041f\u0435\u0434\u0430\u0433\u043e\u0433\u0438\u0447\u0435\u0441\u043a\u0438\u0439 \u0423\u043d\u0438\u0432\u0435\u0440\u0441\u0438\u0442\u0435\u0442 \u0438\u043c. \u0411. \u0425\u043c\u0435\u043b\u044c\u043d\u0438\u0446\u043a\u043e\u0433\u043e)<\/li>\n<\/ul>\n","protected":false},"excerpt":{"rendered":"<p>Afilieri Universitatea de Stat din Moldova este membru \u00een urm\u0103toarele organiza\u0163ii interna\u0163ionale: IAU \u2013\u00a0International Association of Universities AUF \u2013\u00a0Agence Universitaire de la Francophon EAU \u2013\u00a0EurAsia Association of Universities Acorduri Bilaterale Universitatea de Stat din Moldova are \u00eencheiate 103 acorduri de colaborare cu universit\u0103\u0163i \u015fi alte institu\u0163ii de \u00eenv\u0103\u0163\u0103m\u00e2nt superior din 29 de \u0163\u0103ri: AMERICA DE&hellip; <br \/> <a class=\"read-more\" href=\"https:\/\/international.usm.md\/?page_id=80\">Cite\u0219te mai mult<\/a><\/p>\n","protected":false},"author":1,"featured_media":0,"parent":0,"menu_order":0,"comment_status":"closed","ping_status":"closed","template":"","meta":{"footnotes":""},"rttpg_featured_image_url":null,"rttpg_author":{"display_name":"","author_link":"https:\/\/international.usm.md\/?author=1"},"rttpg_comment":0,"rttpg_category":null,"rttpg_excerpt":"Afilieri Universitatea de Stat din Moldova este membru \u00een urm\u0103toarele organiza\u0163ii interna\u0163ionale: IAU \u2013\u00a0International Association of Universities AUF \u2013\u00a0Agence Universitaire de la Francophon EAU \u2013\u00a0EurAsia Association of Universities Acorduri Bilaterale Universitatea de Stat din Moldova are \u00eencheiate 103 acorduri de colaborare cu universit\u0103\u0163i \u015fi alte institu\u0163ii de \u00eenv\u0103\u0163\u0103m\u00e2nt superior din 29 de \u0163\u0103ri: AMERICA DE&hellip;&hellip;","_links":{"self":[{"href":"https:\/\/international.usm.md\/index.php?rest_route=\/wp\/v2\/pages\/80"}],"collection":[{"href":"https:\/\/international.usm.md\/index.php?rest_route=\/wp\/v2\/pages"}],"about":[{"href":"https:\/\/international.usm.md\/index.php?rest_route=\/wp\/v2\/types\/page"}],"author":[{"embeddable":true,"href":"https:\/\/international.usm.md\/index.php?rest_route=\/wp\/v2\/users\/1"}],"replies":[{"embeddable":true,"href":"https:\/\/international.usm.md\/index.php?rest_route=%2Fwp%2Fv2%2Fcomments&post=80"}],"version-history":[{"count":8,"href":"https:\/\/international.usm.md\/index.php?rest_route=\/wp\/v2\/pages\/80\/revisions"}],"predecessor-version":[{"id":316,"href":"https:\/\/international.usm.md\/index.php?rest_route=\/wp\/v2\/pages\/80\/revisions\/316"}],"wp:attachment":[{"href":"https:\/\/international.usm.md\/index.php?rest_route=%2Fwp%2Fv2%2Fmedia&parent=80"}],"curies":[{"name":"wp","href":"https:\/\/api.w.org\/{rel}","templated":true}]}}