{"id":825,"date":"2021-02-10T16:41:39","date_gmt":"2021-02-10T13:41:39","guid":{"rendered":"http:\/\/international.usm.md\/?page_id=825"},"modified":"2021-02-10T16:49:15","modified_gmt":"2021-02-10T13:49:15","slug":"despre-proiect-5","status":"publish","type":"page","link":"https:\/\/international.usm.md\/?page_id=825","title":{"rendered":"Despre proiect"},"content":{"rendered":"<h4><img decoding=\"async\" class=\"alignnone size-full wp-image-474\" src=\"http:\/\/international.usm.md\/wp-content\/uploads\/RESTART.jpg\" alt=\"\" width=\"280\" height=\"40\" \/><\/h4>\n<h4><a href=\"http:\/\/usm.md\/?page_id=20748\"><b>Reinforce entrepreneurial and digital skills of students and teachers to enhance the modernization of higher education in MOLDOVA (ReSTART)<\/b><\/a><\/h4>\n<ul>\n<li>Despre proiect<\/li>\n<\/ul>\n<p>Nr. 585353-EPP-1-2017-1-RO-EPPKA2-CBHE-JP- Consolidarea competen\u021belor antreprenoriale \u0219i digitale ale studen\u021bilor \u0219i cadrelor academice pentru a spori modernizarea \u00eenv\u0103\u021b\u0103m\u00e2ntului superior \u00een Moldova (ReSTART)<\/p>\n<p><b>Perioada de derulare a proiectului:<\/b>\u00a015\/10\/2017 \u2013 14\/10\/2020<\/p>\n<p><b>Bugetul proiectului:<\/b>\u00a0680.364,00\u00a0<b>\u20ac<\/b><\/p>\n<p><b>Obiectivul general<\/b>\u00a0al proiectului ReSTART este de a extinde beneficiile \u0219i a spori impactul curriculumului antreprenorial asupra studen\u021bilor \u0219i cadrelor \u0219tiin\u021bifico-didactice prin valorificarea experien\u021bei avansate \u00een domeniu. Proiectul prevede modernizaerea a 30 de cursuri universitare \u00een diverse discipline din domeniul \u201eBusiness &amp; Administration\u201d, fiind organizate \u0219i dou\u0103 sesiuni de formare a formatorilor la Bucure\u0219ti \u0219i Ko\u0161ice.<\/p>\n<p>\u00cen cadrul proiectului vor fi implica\u021bi 384 de masteranzi, 75 cadre didactice \u0219i personal administrativ, 96 reprezentan\u021bi din cadrul \u00eentreprinderilor, asocia\u021biilor profesionale, societ\u0103\u021bii civile \u0219i entit\u0103\u021bilor guvernamentale.<\/p>\n<p>Prin activit\u0103\u021bile de promovare \u0219i diseminare a rezultatelor proiectului se urm\u0103re\u0219te realizarea unei contribu\u021bii reale \u0219i utile la dezvoltata capacit\u0103\u021bilor universit\u0103\u021bilor partenere din Republica Moldova de a proiecta, implementa \u0219i dezvolta programe moderne de \u00eenv\u0103\u021bare, racordate la nivelul bunelor practici de la nivel european.<\/p>\n<p>Pagina oficiala a proiectului:\u00a0<a href=\"http:\/\/www.restart-eu.upb.ro\/\">http:\/\/www.restart-eu.upb.ro\/<\/a><\/p>\n<ul>\n<li>Parteneri<\/li>\n<\/ul>\n<p><b>Coordinator:<\/b><\/p>\n<ul>\n<li>Universitatea POLITEHNICA din Bucure\u0219ti<\/li>\n<\/ul>\n<p><b>Parteneri UE:<\/b><\/p>\n<ul>\n<li>Universitatea \u201cAngel Kanchev\u201d din Ruse (Bulgaria),<\/li>\n<li>Universitatea Tehnic\u0103 din Ko\u0161ice (Slovacia),<\/li>\n<li>Agen\u021bia Universitar\u0103 Francofon\u0103 (Romania)<\/li>\n<\/ul>\n<p><b>Partneri din RM:<\/b><\/p>\n<ul>\n<li>Universitatea de Stat din Moldova,<\/li>\n<li>Universitatea de Stat \u201cAlecu Russo\u201d din B\u0103l\u021bi,<\/li>\n<li>Academia de Studii Economice Moldova,<\/li>\n<li>Universitatea Agrar\u0103 de Stat Moldova,<\/li>\n<li>Universitatea de Stat \u201cBogdan Petriceicu Ha\u0219deu\u201d din Cahul<\/li>\n<li><a href=\"http:\/\/www.restart-eu.upb.ro\/\">Activit\u0103\u021bi<\/a><\/li>\n<li>Contact:\u00a0Coordonator institu\u021bional: conf., dr. Marian Jalencu<\/li>\n<\/ul>\n<p>e-mail:\u00a0<a href=\"mailto:jalencu_marian@yahoo.com\">jalencu_marian@yahoo.com<\/a><\/p>\n","protected":false},"excerpt":{"rendered":"<p>Reinforce entrepreneurial and digital skills of students and teachers to enhance the modernization of higher education in MOLDOVA (ReSTART) Despre proiect Nr. 585353-EPP-1-2017-1-RO-EPPKA2-CBHE-JP- Consolidarea competen\u021belor antreprenoriale \u0219i digitale ale studen\u021bilor \u0219i cadrelor academice pentru a spori modernizarea \u00eenv\u0103\u021b\u0103m\u00e2ntului superior \u00een Moldova (ReSTART) Perioada de derulare a proiectului:\u00a015\/10\/2017 \u2013 14\/10\/2020 Bugetul proiectului:\u00a0680.364,00\u00a0\u20ac Obiectivul general\u00a0al proiectului ReSTART&hellip; <br \/> <a class=\"read-more\" href=\"https:\/\/international.usm.md\/?page_id=825\">Cite\u0219te mai mult<\/a><\/p>\n","protected":false},"author":1,"featured_media":0,"parent":0,"menu_order":0,"comment_status":"closed","ping_status":"closed","template":"","meta":{"footnotes":""},"rttpg_featured_image_url":null,"rttpg_author":{"display_name":"","author_link":"https:\/\/international.usm.md\/?author=1"},"rttpg_comment":0,"rttpg_category":null,"rttpg_excerpt":"Reinforce entrepreneurial and digital skills of students and teachers to enhance the modernization of higher education in MOLDOVA (ReSTART) Despre proiect Nr. 585353-EPP-1-2017-1-RO-EPPKA2-CBHE-JP- Consolidarea competen\u021belor antreprenoriale \u0219i digitale ale studen\u021bilor \u0219i cadrelor academice pentru a spori modernizarea \u00eenv\u0103\u021b\u0103m\u00e2ntului superior \u00een Moldova (ReSTART) Perioada de derulare a proiectului:\u00a015\/10\/2017 \u2013 14\/10\/2020 Bugetul proiectului:\u00a0680.364,00\u00a0\u20ac Obiectivul general\u00a0al proiectului ReSTART&hellip;&hellip;","_links":{"self":[{"href":"https:\/\/international.usm.md\/index.php?rest_route=\/wp\/v2\/pages\/825"}],"collection":[{"href":"https:\/\/international.usm.md\/index.php?rest_route=\/wp\/v2\/pages"}],"about":[{"href":"https:\/\/international.usm.md\/index.php?rest_route=\/wp\/v2\/types\/page"}],"author":[{"embeddable":true,"href":"https:\/\/international.usm.md\/index.php?rest_route=\/wp\/v2\/users\/1"}],"replies":[{"embeddable":true,"href":"https:\/\/international.usm.md\/index.php?rest_route=%2Fwp%2Fv2%2Fcomments&post=825"}],"version-history":[{"count":1,"href":"https:\/\/international.usm.md\/index.php?rest_route=\/wp\/v2\/pages\/825\/revisions"}],"predecessor-version":[{"id":826,"href":"https:\/\/international.usm.md\/index.php?rest_route=\/wp\/v2\/pages\/825\/revisions\/826"}],"wp:attachment":[{"href":"https:\/\/international.usm.md\/index.php?rest_route=%2Fwp%2Fv2%2Fmedia&parent=825"}],"curies":[{"name":"wp","href":"https:\/\/api.w.org\/{rel}","templated":true}]}}