{"id":871,"date":"2021-04-15T15:58:08","date_gmt":"2021-04-15T12:58:08","guid":{"rendered":"http:\/\/international.usm.md\/?page_id=871"},"modified":"2021-04-19T14:52:54","modified_gmt":"2021-04-19T11:52:54","slug":"anul-de-pregatire","status":"publish","type":"page","link":"https:\/\/international.usm.md\/?page_id=871","title":{"rendered":"Anul de preg\u0103tire"},"content":{"rendered":"<p>Cet\u0103\u021benii str\u0103ini care doresc s\u0103 participle la concursul de admitere la programele de studii de master trebuie s\u0103 trimit\u0103 la adresa Serviciului Stden\u021bi Interna\u021bionali , e-mail: <strong><a href=\"mailto:international@usm.md\">international@usm.md<\/a><\/strong>,\u00a0<strong>p\u00e2n\u0103 la 1 august<\/strong>\u00a0dosarul de candidat \u00een copile scanate color.<\/p>\n<p>Dosarul de candidat trebuie s\u0103 con\u021bin\u0103 urm\u0103toarele documente ( \u0219i traduceri legalizate\u00a0 \u00een limba\u00a0 rom\u00e2n\u0103 sau \u00eentr-o limb\u0103 de circula\u021bie interna\u021bional\u0103):<\/p>\n<ul>\n<li><strong><a href=\"http:\/\/international.usm.md\/wp-content\/uploads\/Application_Form_EN.pdf\">Formularul de \u00eenscriere.<\/a><\/strong><\/li>\n<li>Copia de pe pa\u0219aport \/ bulletin de identitate, valabil cel pu\u021bin un an de la data depunerii cererii. \u00cen cazul cet\u0103\u0163eniei duble copiile de pe ambele pa\u015fapoarte.<\/li>\n<li>Copia \u0219i traducerea legalizat\u0103 de pe certificatul de c\u0103s\u0103torie, \u00een cazul \u00een care nu este \u00eentocmit \u00eentr-o limb\u0103 de circula\u021bie interna\u021bional\u0103.<\/li>\n<li>Copia de pe certificatul de absolvire a cursurilor de preg\u0103tire pentru str\u0103ini (dup\u0103 caz).<\/li>\n<li>Copia \u0219i traducerea legalizat\u0103 de pe diploma de licen\u021b\u0103 \u0219i de pe suplimentul la diploma sau echivalentele acestor acte, apostilat\u0103\/supralegalizat\u0103\u00een conformitate cu prevederile legisla\u021biei \u00een vigoare a statului emitent \u015fi a Republicii Moldova \u015fi tradus\u0103 \u00een limba rom\u00e2n\u0103 sau \u00eentr-o limb\u0103 de circula\u021bie interna\u021bional\u0103(pentru \u021b\u0103rile-membre ale Conven\u021biei de la Haga \u2013 apostila, pentru celelalte \u021b\u0103ri \u2013 parafa Ministerului de Externe al \u021b\u0103rii respective, ulterior cu supralegalizarea la Direc\u021bia General\u0103 Consular\u0103 din Republica Moldova).<\/li>\n<\/ul>\n<p><em>Documentele men\u021bionate \u00een subpunctele a), b), c), d),\u00a0 ale prezentului punct vor fi traduse \u00een limba rom\u00e2n\u0103, englez\u0103, sau rus\u0103, autentificat notarial \u0219i legalizat \u00een modul stabilit de c\u0103tre organele de stat din \u021bara respectiv\u0103.<\/em><\/p>\n<ul>\n<li>Declara\u021bia pe proprie r\u0103spundere privind veridicitatea actelor prezentate.<\/li>\n<li>4 foto 3 x 4 cm \u0219i 4 foto 4 x 5 cm.<\/li>\n<\/ul>\n<p>Copiile actelor se prezint\u0103 \u00een Serviciul Studen\u021bi Interna\u021bionali personal, prin intermediul persoanelor autorizate sau prin po\u0219ta electronic\u0103 (<strong>email:<a href=\"mailto:international@usm.md\">international@usm.md<\/a><\/strong>).<\/p>\n<p>Candidatul acceptat, la sosirea \u00een Moldova, pe l\u00e2ng\u0103 documentele men\u021bionate mai sus, trebuie s\u0103 prezinte \u0219i urm\u0103toarele documente:<\/p>\n<ul>\n<li>Certificatul de cazier judiciar \/ autoriza\u021bia poli\u021biei apostilat (\u0103), emis (\u0103 ) cu Apostil de statul de re\u0219edin\u021b\u0103<strong>. <\/strong><\/li>\n<\/ul>\n<p><strong>Important!\u00a0<\/strong>Cazierul judiciar trebuie s\u0103 fie valabil timp de cel pu\u021bin 3 luni de la data intr\u0103rii pe teritoriul Republicii Moldova<\/p>\n<ul>\n<li>Certificat de cont bancar privind disponibilitatea sumei necesare pentru taxa de \u0219colarizare, asigurare de s\u0103n\u0103tate, cazare \u0219i subzisten\u021b\u0103.<\/li>\n<\/ul>\n<p><em>Documentele men\u021bionate \u00een\u00a0<\/em><em>\u0437unctele 1) \u0219i 2)vor fi traduse \u00een limba rom\u00e2n\u0103, englez\u0103, sau rus\u0103, autentificat notarial \u0219i legalizat \u00een modul stabilit de c\u0103tre organele de stat din \u021bara respectiv\u0103.<\/em><\/p>\n","protected":false},"excerpt":{"rendered":"<p>Cet\u0103\u021benii str\u0103ini care doresc s\u0103 participle la concursul de admitere la programele de studii de master trebuie s\u0103 trimit\u0103 la adresa Serviciului Stden\u021bi Interna\u021bionali , e-mail: international@usm.md,\u00a0p\u00e2n\u0103 la 1 august\u00a0dosarul de candidat \u00een copile scanate color. Dosarul de candidat trebuie s\u0103 con\u021bin\u0103 urm\u0103toarele documente ( \u0219i traduceri legalizate\u00a0 \u00een limba\u00a0 rom\u00e2n\u0103 sau \u00eentr-o limb\u0103 de&hellip; <br \/> <a class=\"read-more\" href=\"https:\/\/international.usm.md\/?page_id=871\">Cite\u0219te mai mult<\/a><\/p>\n","protected":false},"author":1,"featured_media":0,"parent":0,"menu_order":0,"comment_status":"closed","ping_status":"closed","template":"","meta":{"footnotes":""},"rttpg_featured_image_url":null,"rttpg_author":{"display_name":"","author_link":"https:\/\/international.usm.md\/?author=1"},"rttpg_comment":0,"rttpg_category":null,"rttpg_excerpt":"Cet\u0103\u021benii str\u0103ini care doresc s\u0103 participle la concursul de admitere la programele de studii de master trebuie s\u0103 trimit\u0103 la adresa Serviciului Stden\u021bi Interna\u021bionali , e-mail: international@usm.md,\u00a0p\u00e2n\u0103 la 1 august\u00a0dosarul de candidat \u00een copile scanate color. Dosarul de candidat trebuie s\u0103 con\u021bin\u0103 urm\u0103toarele documente ( \u0219i traduceri legalizate\u00a0 \u00een limba\u00a0 rom\u00e2n\u0103 sau \u00eentr-o limb\u0103 de&hellip;&hellip;","_links":{"self":[{"href":"https:\/\/international.usm.md\/index.php?rest_route=\/wp\/v2\/pages\/871"}],"collection":[{"href":"https:\/\/international.usm.md\/index.php?rest_route=\/wp\/v2\/pages"}],"about":[{"href":"https:\/\/international.usm.md\/index.php?rest_route=\/wp\/v2\/types\/page"}],"author":[{"embeddable":true,"href":"https:\/\/international.usm.md\/index.php?rest_route=\/wp\/v2\/users\/1"}],"replies":[{"embeddable":true,"href":"https:\/\/international.usm.md\/index.php?rest_route=%2Fwp%2Fv2%2Fcomments&post=871"}],"version-history":[{"count":6,"href":"https:\/\/international.usm.md\/index.php?rest_route=\/wp\/v2\/pages\/871\/revisions"}],"predecessor-version":[{"id":881,"href":"https:\/\/international.usm.md\/index.php?rest_route=\/wp\/v2\/pages\/871\/revisions\/881"}],"wp:attachment":[{"href":"https:\/\/international.usm.md\/index.php?rest_route=%2Fwp%2Fv2%2Fmedia&parent=871"}],"curies":[{"name":"wp","href":"https:\/\/api.w.org\/{rel}","templated":true}]}}